{"id":6950,"date":"2025-10-16T12:10:41","date_gmt":"2025-10-16T09:10:41","guid":{"rendered":"http:\/\/www.arkaraf.com\/kitap\/oksuz-mehmet-oner"},"modified":"2025-10-16T12:10:44","modified_gmt":"2025-10-16T09:10:44","slug":"oksuz-mehmet-oner","status":"publish","type":"product","link":"http:\/\/www.arkaraf.com\/en\/kitap\/oksuz-mehmet-oner","title":{"rendered":"\u00d6ks\u00fcz &#8211; Mehmet \u00d6ner"},"content":{"rendered":"<p>Bu kitap, ad\u0131yla m\u00fcsemma olmak \u00fczere \u00f6ks\u00fczlerin ve yaln\u0131zlar\u0131n dramatik hikayesidir. Ayn\u0131 zamanda yirmi ve yirmi birinci y\u00fczy\u0131l Anadolu\u2019sunu karakter ser\u00fcveniyle tasvir eden \u00f6nemli bir y\u00f6ne de sahiptir. Aray\u0131\u015f i\u00e7erisinde bulunan okuyucuya sahip oldu\u011fu didaktik \u00f6gelerle rehberlik edecektir.<\/p>","protected":false},"excerpt":{"rendered":"<p>Bu kitap, ad\u0131yla m\u00fcsemma olmak \u00fczere \u00f6ks\u00fczlerin ve yaln\u0131zlar\u0131n dramatik hikayesidir. Ayn\u0131 zamanda yirmi ve yirmi birinci y\u00fczy\u0131l Anadolu\u2019sunu karakter ser\u00fcveniyle tasvir eden \u00f6nemli bir y\u00f6ne de sahiptir. Aray\u0131\u015f i\u00e7erisinde bulunan okuyucuya sahip oldu\u011fu didaktik \u00f6gelerle rehberlik edecektir.<\/p>","protected":false},"featured_media":6951,"comment_status":"closed","ping_status":"open","template":"","meta":{"inline_featured_image":false},"product_cat":[1019,1033],"product_tag":[],"class_list":{"0":"post-6950","1":"product","2":"type-product","3":"status-publish","4":"has-post-thumbnail","6":"product_cat-edebiyat","7":"product_cat-roman","8":"pa_boyut-135-x-195-cm","9":"pa_dil-turkce","10":"pa_sayfa-sayisi-330","11":"pa_yayin-tarihi-5-29-2024","12":"pa_yazar-mehmet-oner","14":"first","15":"instock","16":"sale","17":"purchasable","18":"product-type-simple"},"_links":{"self":[{"href":"http:\/\/www.arkaraf.com\/en\/wp-json\/wp\/v2\/product\/6950","targetHints":{"allow":["GET"]}}],"collection":[{"href":"http:\/\/www.arkaraf.com\/en\/wp-json\/wp\/v2\/product"}],"about":[{"href":"http:\/\/www.arkaraf.com\/en\/wp-json\/wp\/v2\/types\/product"}],"replies":[{"embeddable":true,"href":"http:\/\/www.arkaraf.com\/en\/wp-json\/wp\/v2\/comments?post=6950"}],"wp:featuredmedia":[{"embeddable":true,"href":"http:\/\/www.arkaraf.com\/en\/wp-json\/wp\/v2\/media\/6951"}],"wp:attachment":[{"href":"http:\/\/www.arkaraf.com\/en\/wp-json\/wp\/v2\/media?parent=6950"}],"wp:term":[{"taxonomy":"product_cat","embeddable":true,"href":"http:\/\/www.arkaraf.com\/en\/wp-json\/wp\/v2\/product_cat?post=6950"},{"taxonomy":"product_tag","embeddable":true,"href":"http:\/\/www.arkaraf.com\/en\/wp-json\/wp\/v2\/product_tag?post=6950"}],"curies":[{"name":"wp","href":"https:\/\/api.w.org\/{rel}","templated":true}]}}