{"id":6948,"date":"2025-10-16T12:10:41","date_gmt":"2025-10-16T09:10:41","guid":{"rendered":"http:\/\/www.arkaraf.com\/kitap\/senleri-anlatiyorum-sessizce-mustafa-yuruk-yusuf-ziya-edi"},"modified":"2025-10-16T12:10:41","modified_gmt":"2025-10-16T09:10:41","slug":"senleri-anlatiyorum-sessizce-mustafa-yuruk-yusuf-ziya-edi","status":"publish","type":"product","link":"http:\/\/www.arkaraf.com\/en\/kitap\/senleri-anlatiyorum-sessizce-mustafa-yuruk-yusuf-ziya-edi","title":{"rendered":"Senleri Anlat\u0131yorum Sessizce &#8211; Mustafa Y\u00fcr\u00fck &#8211; Yusuf Ziya Edi"},"content":{"rendered":"<p>&#8230;<br \/>\nKad\u0131n\u0131n, ge\u00e7mi\u015finde kalbi \u00e7ok k\u0131r\u0131lm\u0131\u015f<\/p>\n<p>Kaderi kar\u015f\u0131s\u0131na \u00e7\u0131k\u0131nca as\u0131l onu \u00e7ok k\u0131rd\u0131klar\u0131n\u0131 anlam\u0131\u015f&#8230;<\/p>\n<p>Sonsuzluklar \u00e7\u0131kmaz\u0131ndaki bir duvara tak\u0131lm\u0131\u015f<\/p>\n<p>Kitap \u00fcst\u00fc tozlar\u0131na rastlam\u0131\u015f<\/p>\n<p>Kaderi a\u011fl\u0131yormu\u015f<\/p>\n<p>Etraflar\u0131nda y\u0131llarca ya\u015fanm\u0131\u015fl\u0131klar\u0131n sitemi varm\u0131\u015f<\/p>\n<p>Bekliyormu\u015f birilerini<\/p>\n<p>A\u015fk kimsesiz diyarlar\u0131n \u00e7ilesiymi\u015f<\/p>\n<p>S\u0131rr\u0131n\u0131 kendinden bile sakl\u0131yormu\u015f<\/p>\n<p>Umutsuzluk \u00f6zlemle sarm\u0131\u015f ya\u015fam\u0131n\u0131<\/p>\n<p>Ya\u015fam haramm\u0131\u015f<\/p>\n<p>ona Ne hayat yorarm\u0131\u015f<\/p>\n<p>Ne kaderin ya\u015fatt\u0131klar\u0131<\/p>\n<p>Tek avuntusu tozlar\u0131 \u00fcflemekle rahat etmekmi\u015f<\/p>\n<p>Ve y\u0131llar\u0131n birikmi\u015f harflerini,<\/p>\n<p>Senleri anlat\u0131yormu\u015f sessizce&#8230;<\/p>\n<p>Ve Masal Bitmi\u015f.<\/p>\n<p>Haz\u0131r m\u0131s\u0131n yeni g\u00fcnd\u00fczlerin umutlar\u0131na<\/p>\n<p>\u2026<br \/>\nEdebiyat\u0131m\u0131za yeni bir soluk katmak isteyen iki gencin hayallerinin i\u015flendi\u011fi bu \u015fiir kitab\u0131n\u0131, zevkle okuman\u0131z\u0131 temenni ediyoruz.<\/p>","protected":false},"excerpt":{"rendered":"<p>&#8230; Kad\u0131n\u0131n, ge\u00e7mi\u015finde kalbi \u00e7ok k\u0131r\u0131lm\u0131\u015f Kaderi kar\u015f\u0131s\u0131na \u00e7\u0131k\u0131nca as\u0131l onu \u00e7ok k\u0131rd\u0131klar\u0131n\u0131 anlam\u0131\u015f&#8230; Sonsuzluklar \u00e7\u0131kmaz\u0131ndaki bir duvara tak\u0131lm\u0131\u015f Kitap \u00fcst\u00fc tozlar\u0131na rastlam\u0131\u015f Kaderi a\u011fl\u0131yormu\u015f Etraflar\u0131nda y\u0131llarca ya\u015fanm\u0131\u015fl\u0131klar\u0131n sitemi varm\u0131\u015f Bekliyormu\u015f birilerini A\u015fk kimsesiz diyarlar\u0131n \u00e7ilesiymi\u015f S\u0131rr\u0131n\u0131 kendinden bile sakl\u0131yormu\u015f Umutsuzluk \u00f6zlemle sarm\u0131\u015f ya\u015fam\u0131n\u0131 Ya\u015fam haramm\u0131\u015f ona Ne hayat yorarm\u0131\u015f Ne kaderin ya\u015fatt\u0131klar\u0131 Tek avuntusu [&hellip;]<\/p>\n","protected":false},"featured_media":6949,"comment_status":"closed","ping_status":"open","template":"","meta":{"inline_featured_image":false},"product_cat":[1020,1019],"product_tag":[],"class_list":{"0":"post-6948","1":"product","2":"type-product","3":"status-publish","4":"has-post-thumbnail","6":"product_cat-siir","7":"product_cat-edebiyat","8":"pa_boyut-135-x-195-cm","9":"pa_dil-turkce","10":"pa_sayfa-sayisi-454","11":"pa_yayin-tarihi-5-29-2024","12":"pa_yazar-yusuf-ziya-edi","14":"first","15":"instock","16":"sale","17":"purchasable","18":"product-type-simple"},"_links":{"self":[{"href":"http:\/\/www.arkaraf.com\/en\/wp-json\/wp\/v2\/product\/6948","targetHints":{"allow":["GET"]}}],"collection":[{"href":"http:\/\/www.arkaraf.com\/en\/wp-json\/wp\/v2\/product"}],"about":[{"href":"http:\/\/www.arkaraf.com\/en\/wp-json\/wp\/v2\/types\/product"}],"replies":[{"embeddable":true,"href":"http:\/\/www.arkaraf.com\/en\/wp-json\/wp\/v2\/comments?post=6948"}],"wp:featuredmedia":[{"embeddable":true,"href":"http:\/\/www.arkaraf.com\/en\/wp-json\/wp\/v2\/media\/6949"}],"wp:attachment":[{"href":"http:\/\/www.arkaraf.com\/en\/wp-json\/wp\/v2\/media?parent=6948"}],"wp:term":[{"taxonomy":"product_cat","embeddable":true,"href":"http:\/\/www.arkaraf.com\/en\/wp-json\/wp\/v2\/product_cat?post=6948"},{"taxonomy":"product_tag","embeddable":true,"href":"http:\/\/www.arkaraf.com\/en\/wp-json\/wp\/v2\/product_tag?post=6948"}],"curies":[{"name":"wp","href":"https:\/\/api.w.org\/{rel}","templated":true}]}}