{"id":6942,"date":"2025-10-16T12:09:24","date_gmt":"2025-10-16T09:09:24","guid":{"rendered":"http:\/\/www.arkaraf.com\/kitap\/karisik-duygular-yakup-okyar"},"modified":"2025-10-16T12:10:27","modified_gmt":"2025-10-16T09:10:27","slug":"karisik-duygular-yakup-okyar","status":"publish","type":"product","link":"http:\/\/www.arkaraf.com\/en\/kitap\/karisik-duygular-yakup-okyar","title":{"rendered":"Kar\u0131\u015f\u0131k Duygular &#8211; Yakup Okyar"},"content":{"rendered":"<p>\u015eiirlerim, Duygular\u0131m\u0131n Kan\u0131t\u0131d\u0131r.<\/p>\n<p>Bir k\u00f6yl\u00fc k\u0131z\u0131na \u00e2\u015f\u0131k olup<br \/>\nDolayl\u0131 yoldan kavu\u015famayan,<br \/>\nYan\u0131p yan\u0131p, a\u015fk\u0131n\u0131 i\u00e7inde kavurup<br \/>\nYa\u015fad\u0131\u011f\u0131 hayat\u0131 \u015fiir \u015feklinde yaz\u0131p<\/p>\n<p>Son \u015fiiri (Elveda \u015eair\u2019i) yazd\u0131ktan<br \/>\nSonra intihar eden yazar\u0131m\u0131z<br \/>\nYakup Oky\u00e2r\u2019\u0131 sayg\u0131yla an\u0131yoruz.<\/p>\n<p><em>G\u00f6zya\u015flar\u0131n\u0131z\u0131 tutamayaca\u011f\u0131n\u0131z bir kitap\u2026<\/em><\/p>","protected":false},"excerpt":{"rendered":"<p>\u015eiirlerim, Duygular\u0131m\u0131n Kan\u0131t\u0131d\u0131r. Bir k\u00f6yl\u00fc k\u0131z\u0131na \u00e2\u015f\u0131k olup Dolayl\u0131 yoldan kavu\u015famayan, Yan\u0131p yan\u0131p, a\u015fk\u0131n\u0131 i\u00e7inde kavurup Ya\u015fad\u0131\u011f\u0131 hayat\u0131 \u015fiir \u015feklinde yaz\u0131p Son \u015fiiri (Elveda \u015eair\u2019i) yazd\u0131ktan Sonra intihar eden yazar\u0131m\u0131z Yakup Oky\u00e2r\u2019\u0131 sayg\u0131yla an\u0131yoruz. G\u00f6zya\u015flar\u0131n\u0131z\u0131 tutamayaca\u011f\u0131n\u0131z bir kitap\u2026<\/p>","protected":false},"featured_media":6943,"comment_status":"closed","ping_status":"open","template":"","meta":{"inline_featured_image":false},"product_cat":[1020,1019],"product_tag":[],"class_list":{"0":"post-6942","1":"product","2":"type-product","3":"status-publish","4":"has-post-thumbnail","6":"product_cat-siir","7":"product_cat-edebiyat","8":"pa_boyut-135-x-195-cm","9":"pa_dil-turkce","10":"pa_sayfa-sayisi-650","11":"pa_yayin-tarihi-7-11-2024","12":"pa_yazar-yakup-okyar","14":"first","15":"instock","16":"sale","17":"purchasable","18":"product-type-simple"},"_links":{"self":[{"href":"http:\/\/www.arkaraf.com\/en\/wp-json\/wp\/v2\/product\/6942","targetHints":{"allow":["GET"]}}],"collection":[{"href":"http:\/\/www.arkaraf.com\/en\/wp-json\/wp\/v2\/product"}],"about":[{"href":"http:\/\/www.arkaraf.com\/en\/wp-json\/wp\/v2\/types\/product"}],"replies":[{"embeddable":true,"href":"http:\/\/www.arkaraf.com\/en\/wp-json\/wp\/v2\/comments?post=6942"}],"wp:featuredmedia":[{"embeddable":true,"href":"http:\/\/www.arkaraf.com\/en\/wp-json\/wp\/v2\/media\/6943"}],"wp:attachment":[{"href":"http:\/\/www.arkaraf.com\/en\/wp-json\/wp\/v2\/media?parent=6942"}],"wp:term":[{"taxonomy":"product_cat","embeddable":true,"href":"http:\/\/www.arkaraf.com\/en\/wp-json\/wp\/v2\/product_cat?post=6942"},{"taxonomy":"product_tag","embeddable":true,"href":"http:\/\/www.arkaraf.com\/en\/wp-json\/wp\/v2\/product_tag?post=6942"}],"curies":[{"name":"wp","href":"https:\/\/api.w.org\/{rel}","templated":true}]}}