{"id":6940,"date":"2025-10-16T12:09:24","date_gmt":"2025-10-16T09:09:24","guid":{"rendered":"http:\/\/www.arkaraf.com\/kitap\/minik-ahiler-masal-yaziyor-hava-tekin"},"modified":"2025-10-16T12:10:24","modified_gmt":"2025-10-16T09:10:24","slug":"minik-ahiler-masal-yaziyor-hava-tekin","status":"publish","type":"product","link":"http:\/\/www.arkaraf.com\/en\/kitap\/minik-ahiler-masal-yaziyor-hava-tekin","title":{"rendered":"Minik Ahiler Masal Yaz\u0131yor &#8211; Hava Tekin"},"content":{"rendered":"<p>Bir \u00e7ocu\u011fun en b\u00fcy\u00fck hazinesi hayal d\u00fcnyas\u0131d\u0131r. Hayal ederlerse pireler berber, develer tellal olur. Hele hayaller bir de kaleme al\u0131n\u0131rsa d\u00fcnya musmutlu, yery\u00fcz\u00fc rengarenk, kalpler ar\u0131nm\u0131\u015f olur. Bu kitap minik ellerin okuduklar\u0131 ve dinledikleri masallardan esinlenerek kaleme ald\u0131klar\u0131 unutulmu\u015f bir edebi t\u00fcr\u00fcn, \u00e7ocuklarla yeniden dirili\u015finin bir k\u0131v\u0131lc\u0131m\u0131d\u0131r.<\/p>","protected":false},"excerpt":{"rendered":"<p>Bir \u00e7ocu\u011fun en b\u00fcy\u00fck hazinesi hayal d\u00fcnyas\u0131d\u0131r. Hayal ederlerse pireler berber, develer tellal olur. Hele hayaller bir de kaleme al\u0131n\u0131rsa d\u00fcnya musmutlu, yery\u00fcz\u00fc rengarenk, kalpler ar\u0131nm\u0131\u015f olur. Bu kitap minik ellerin okuduklar\u0131 ve dinledikleri masallardan esinlenerek kaleme ald\u0131klar\u0131 unutulmu\u015f bir edebi t\u00fcr\u00fcn, \u00e7ocuklarla yeniden dirili\u015finin bir k\u0131v\u0131lc\u0131m\u0131d\u0131r.<\/p>","protected":false},"featured_media":6941,"comment_status":"closed","ping_status":"open","template":"","meta":{"inline_featured_image":false},"product_cat":[1019,1138],"product_tag":[],"class_list":{"0":"post-6940","1":"product","2":"type-product","3":"status-publish","4":"has-post-thumbnail","6":"product_cat-edebiyat","7":"product_cat-masal","9":"first","10":"instock","11":"sale","12":"purchasable","13":"product-type-simple"},"_links":{"self":[{"href":"http:\/\/www.arkaraf.com\/en\/wp-json\/wp\/v2\/product\/6940","targetHints":{"allow":["GET"]}}],"collection":[{"href":"http:\/\/www.arkaraf.com\/en\/wp-json\/wp\/v2\/product"}],"about":[{"href":"http:\/\/www.arkaraf.com\/en\/wp-json\/wp\/v2\/types\/product"}],"replies":[{"embeddable":true,"href":"http:\/\/www.arkaraf.com\/en\/wp-json\/wp\/v2\/comments?post=6940"}],"wp:featuredmedia":[{"embeddable":true,"href":"http:\/\/www.arkaraf.com\/en\/wp-json\/wp\/v2\/media\/6941"}],"wp:attachment":[{"href":"http:\/\/www.arkaraf.com\/en\/wp-json\/wp\/v2\/media?parent=6940"}],"wp:term":[{"taxonomy":"product_cat","embeddable":true,"href":"http:\/\/www.arkaraf.com\/en\/wp-json\/wp\/v2\/product_cat?post=6940"},{"taxonomy":"product_tag","embeddable":true,"href":"http:\/\/www.arkaraf.com\/en\/wp-json\/wp\/v2\/product_tag?post=6940"}],"curies":[{"name":"wp","href":"https:\/\/api.w.org\/{rel}","templated":true}]}}