{"id":6938,"date":"2025-10-16T12:09:24","date_gmt":"2025-10-16T09:09:24","guid":{"rendered":"http:\/\/www.arkaraf.com\/kitap\/vasiyet-6284-ahmet-caner-erkan"},"modified":"2025-10-16T12:10:20","modified_gmt":"2025-10-16T09:10:20","slug":"vasiyet-6284-ahmet-caner-erkan","status":"publish","type":"product","link":"http:\/\/www.arkaraf.com\/en\/kitap\/vasiyet-6284-ahmet-caner-erkan","title":{"rendered":"Vasiyet 6284 &#8211; Ahmet Caner Erkan"},"content":{"rendered":"<p>\u201cKomutan\u0131m m\u00fcsaade ederseniz babam\u0131n vasiyetini okumak istiyorum.\u201c dedi ve boynundan muska \u015feklinde olan mektubu \u00e7\u0131kar\u0131p okudu. Mektupta \u015f\u00f6yle yaz\u0131yordu:<\/p>\n<p><em>O\u011flum Khatun,<\/em><\/p>\n<p><em>\u0130sminden dolay\u0131 bana k\u0131zg\u0131n oldu\u011funu biliyorum. Bu ismin ilgi \u00e7ekece\u011fini ve senin zor \u015feyler ya\u015fayaca\u011f\u0131n\u0131 da biliyorum. Senden istedi\u011fim \u015fey bu isimden \u015fikayet\u00e7i olmaman, sebebi ise \u00fclkemizdeki ezilen, \u015fiddet g\u00f6r\u00fcp can veren kad\u0131nlar\u0131m\u0131za kurtar\u0131c\u0131 olman\u0131 istiyorum. 8 Mart i\u00e7in kad\u0131nlar\u0131 d\u00fc\u015f\u00fcnme 8 rakam\u0131n\u0131 sonsuz sembol\u00fc d\u00fc\u015f\u00fcn sonsuza dek Mart ay\u0131ndan Mart ay\u0131na kad\u0131nlar\u0131n g\u00fclmesi gerekti\u011fini bil. Bu G\u00f6kt\u00fcrk devletinde oldu\u011fu gibi olmal\u0131 kad\u0131n &#8211; erkek e\u015fiti\u011finde olmal\u0131. Bir kad\u0131na nas\u0131l adam denilince cinsiyet\u00e7i olunmuyorsa Khatun kelimesi de sana cinsiyet\u00e7i gelmesin. Hem kad\u0131nlar\u0131m\u0131z \u00f6yle ezilecek, \u00fcz\u00fclecek bir varl\u0131k de\u011fil neden bundan utan\u0131yorsun? Bak Khatun biran \u00f6nce legal bir \u00e7ete kur ve \u00fclkedeki kad\u0131nlar\u0131 kurtar, gerekiyorsa kazanc\u0131n\u0131z\u0131n d\u00f6rtte birini verin. Khatun olman\u0131n yolu adam olmaktan ge\u00e7er. \u00dclkedendeki kad\u0131nlar nas\u0131l adam oluyorsa sen de adam gibi bir Khatun ol ve delikanl\u0131 bir erkek olarak kad\u0131n haklar\u0131n\u0131 savun anayasan\u0131n 6284 maddesini akl\u0131na iyice kaz\u0131. G\u00fcn i\u00e7inde g\u00fcld\u00fcrmedi\u011fin bir kad\u0131n varsa ortal\u0131kta adam\u0131m diye gezemezsin vasiyetim 6284&#8217;d\u00fcr, bunu sak\u0131n unutma.<\/em><\/p>\n<p><em>Hayalinden \u00e7\u0131kmayan Baban.<\/em><\/p>\n<p>Dedikten sonra Khatun d\u00fc\u015ft\u00fc bay\u0131ld\u0131.<\/p>\n<p>Gelin beraber \u015fimdi Khatun&#8217;a neler olacak birlikte g\u00f6relim.<\/p>","protected":false},"excerpt":{"rendered":"<p>\u201cKomutan\u0131m m\u00fcsaade ederseniz babam\u0131n vasiyetini okumak istiyorum.\u201c dedi ve boynundan muska \u015feklinde olan mektubu \u00e7\u0131kar\u0131p okudu. Mektupta \u015f\u00f6yle yaz\u0131yordu: O\u011flum Khatun, \u0130sminden dolay\u0131 bana k\u0131zg\u0131n oldu\u011funu biliyorum. Bu ismin ilgi \u00e7ekece\u011fini ve senin zor \u015feyler ya\u015fayaca\u011f\u0131n\u0131 da biliyorum. Senden istedi\u011fim \u015fey bu isimden \u015fikayet\u00e7i olmaman, sebebi ise \u00fclkemizdeki ezilen, \u015fiddet g\u00f6r\u00fcp can veren kad\u0131nlar\u0131m\u0131za kurtar\u0131c\u0131 [&hellip;]<\/p>\n","protected":false},"featured_media":6939,"comment_status":"closed","ping_status":"open","template":"","meta":{"inline_featured_image":false},"product_cat":[1019,1033],"product_tag":[],"class_list":{"0":"post-6938","1":"product","2":"type-product","3":"status-publish","4":"has-post-thumbnail","6":"product_cat-edebiyat","7":"product_cat-roman","8":"pa_boyut-135-x-195-cm","9":"pa_dil-turkce","10":"pa_sayfa-sayisi-340","11":"pa_yayin-tarihi-5-17-2024","12":"pa_yazar-ahmet-caner-erkan","14":"first","15":"instock","16":"sale","17":"purchasable","18":"product-type-simple"},"_links":{"self":[{"href":"http:\/\/www.arkaraf.com\/en\/wp-json\/wp\/v2\/product\/6938","targetHints":{"allow":["GET"]}}],"collection":[{"href":"http:\/\/www.arkaraf.com\/en\/wp-json\/wp\/v2\/product"}],"about":[{"href":"http:\/\/www.arkaraf.com\/en\/wp-json\/wp\/v2\/types\/product"}],"replies":[{"embeddable":true,"href":"http:\/\/www.arkaraf.com\/en\/wp-json\/wp\/v2\/comments?post=6938"}],"wp:featuredmedia":[{"embeddable":true,"href":"http:\/\/www.arkaraf.com\/en\/wp-json\/wp\/v2\/media\/6939"}],"wp:attachment":[{"href":"http:\/\/www.arkaraf.com\/en\/wp-json\/wp\/v2\/media?parent=6938"}],"wp:term":[{"taxonomy":"product_cat","embeddable":true,"href":"http:\/\/www.arkaraf.com\/en\/wp-json\/wp\/v2\/product_cat?post=6938"},{"taxonomy":"product_tag","embeddable":true,"href":"http:\/\/www.arkaraf.com\/en\/wp-json\/wp\/v2\/product_tag?post=6938"}],"curies":[{"name":"wp","href":"https:\/\/api.w.org\/{rel}","templated":true}]}}