{"id":6928,"date":"2025-10-16T12:09:24","date_gmt":"2025-10-16T09:09:24","guid":{"rendered":"http:\/\/www.arkaraf.com\/kitap\/kuruntular-uzerine-siirler-mehmet-ali-durmus"},"modified":"2025-10-16T12:10:00","modified_gmt":"2025-10-16T09:10:00","slug":"kuruntular-uzerine-siirler-mehmet-ali-durmus","status":"publish","type":"product","link":"http:\/\/www.arkaraf.com\/en\/kitap\/kuruntular-uzerine-siirler-mehmet-ali-durmus","title":{"rendered":"Kuruntular \u00dczerine \u015eiirler &#8211; Mehmet Ali Durmu\u015f"},"content":{"rendered":"<p>Her insan\u0131n kuruntular\u0131 vard\u0131r. Kimisi i\u015f g\u00fc\u00e7ten bunalm\u0131\u015ft\u0131r, kimisi ya\u015fad\u0131\u011f\u0131 yerden, kimisi etraf\u0131ndakilerden, kimisi b\u00fct\u00fcn\u00fcyle hayattan. Herkes ya\u015fad\u0131klar\u0131n\u0131 kafas\u0131na takar, herkesin i\u00e7inde f\u0131rt\u0131nalar kopar. \u00c7o\u011fu zaman da bunlar d\u0131\u015far\u0131ya yans\u0131t\u0131lmaz. F\u0131rt\u0131nalarla dolu buhranlar\u0131n \u00e7\u0131kmaz\u0131ndayken yap\u0131labilecek en iyi i\u015f, bir eser kaleme almakt\u0131r. Eserlerin en dolusu da \u015fiirdir kan\u0131mca. O an yaz\u0131l\u0131r, o an biter. \u0130nsan sadece hissettiklerini yans\u0131tabilir \u015fiirlere.<\/p>\n<p>Buhran dolu bir d\u00f6nemde, t\u00fcm\u00fcyle kuruntular\u0131n\u0131n esiri olmu\u015f bir yazar\u0131n elinden \u00e7\u0131kma bu eserde, gen\u00e7 yazar Mehmet Ali Durmu\u015f&#8217;un i\u00e7indeki buruklu\u011fu ve \u00e7\u0131\u011fl\u0131klar\u0131 duyacaks\u0131n\u0131z. S\u00f6ylemeye \u00e7ekindi\u011fi s\u00f6zleri ise yunan mitolojisinden esinlenerek yaratt\u0131\u011f\u0131 &#8220;Icarus&#8221; adl\u0131 alter ki\u015fili\u011fi dile getirecek. Her okurun kendinden bir par\u00e7a bulmas\u0131 dile\u011fiyle.<\/p>","protected":false},"excerpt":{"rendered":"<p>Her insan\u0131n kuruntular\u0131 vard\u0131r. Kimisi i\u015f g\u00fc\u00e7ten bunalm\u0131\u015ft\u0131r, kimisi ya\u015fad\u0131\u011f\u0131 yerden, kimisi etraf\u0131ndakilerden, kimisi b\u00fct\u00fcn\u00fcyle hayattan. Herkes ya\u015fad\u0131klar\u0131n\u0131 kafas\u0131na takar, herkesin i\u00e7inde f\u0131rt\u0131nalar kopar. \u00c7o\u011fu zaman da bunlar d\u0131\u015far\u0131ya yans\u0131t\u0131lmaz. F\u0131rt\u0131nalarla dolu buhranlar\u0131n \u00e7\u0131kmaz\u0131ndayken yap\u0131labilecek en iyi i\u015f, bir eser kaleme almakt\u0131r. Eserlerin en dolusu da \u015fiirdir kan\u0131mca. O an yaz\u0131l\u0131r, o an biter. \u0130nsan [&hellip;]<\/p>\n","protected":false},"featured_media":6929,"comment_status":"closed","ping_status":"open","template":"","meta":{"inline_featured_image":false},"product_cat":[1020,1019],"product_tag":[],"class_list":{"0":"post-6928","1":"product","2":"type-product","3":"status-publish","4":"has-post-thumbnail","6":"product_cat-siir","7":"product_cat-edebiyat","8":"pa_boyut-135-x-195-cm","9":"pa_dil-turkce","10":"pa_sayfa-sayisi-461","11":"pa_yayin-tarihi-5-10-2024","12":"pa_yazar-mehmet-ali-durmus","14":"first","15":"instock","16":"sale","17":"purchasable","18":"product-type-simple"},"_links":{"self":[{"href":"http:\/\/www.arkaraf.com\/en\/wp-json\/wp\/v2\/product\/6928","targetHints":{"allow":["GET"]}}],"collection":[{"href":"http:\/\/www.arkaraf.com\/en\/wp-json\/wp\/v2\/product"}],"about":[{"href":"http:\/\/www.arkaraf.com\/en\/wp-json\/wp\/v2\/types\/product"}],"replies":[{"embeddable":true,"href":"http:\/\/www.arkaraf.com\/en\/wp-json\/wp\/v2\/comments?post=6928"}],"wp:featuredmedia":[{"embeddable":true,"href":"http:\/\/www.arkaraf.com\/en\/wp-json\/wp\/v2\/media\/6929"}],"wp:attachment":[{"href":"http:\/\/www.arkaraf.com\/en\/wp-json\/wp\/v2\/media?parent=6928"}],"wp:term":[{"taxonomy":"product_cat","embeddable":true,"href":"http:\/\/www.arkaraf.com\/en\/wp-json\/wp\/v2\/product_cat?post=6928"},{"taxonomy":"product_tag","embeddable":true,"href":"http:\/\/www.arkaraf.com\/en\/wp-json\/wp\/v2\/product_tag?post=6928"}],"curies":[{"name":"wp","href":"https:\/\/api.w.org\/{rel}","templated":true}]}}