{"id":6922,"date":"2025-10-16T12:09:24","date_gmt":"2025-10-16T09:09:24","guid":{"rendered":"http:\/\/www.arkaraf.com\/kitap\/caginin-tanikliginda-omer-f-ozen"},"modified":"2025-10-16T12:09:49","modified_gmt":"2025-10-16T09:09:49","slug":"caginin-tanikliginda-omer-f-ozen","status":"publish","type":"product","link":"http:\/\/www.arkaraf.com\/en\/kitap\/caginin-tanikliginda-omer-f-ozen","title":{"rendered":"\u00c7a\u011f\u0131n\u0131n Tan\u0131kl\u0131\u011f\u0131nda &#8211; \u00d6mer F. \u00d6zen"},"content":{"rendered":"<p><em>\u2018T\u00fcrk\u00e7esi varken\u2019<\/em>\u00a0g\u00f6r\u00fc\u015f\u00fcn\u00fcn y\u0131lmaz savunucusu olarak yaz\u0131 ve dizelerinde bu dil duyarl\u0131l\u0131\u011f\u0131n\u0131n yo\u011fun izlerini g\u00f6rm\u00fc\u015f oldu\u011fumuz \u00d6mer F. \u00d6zen\u2019in ilk dizeleri Anadolu bas\u0131n\u0131nda, Osmaniye \/ Hakikat, E\u011fridir G\u00f6l Sesi, Ba\u015fkent, Urfa \/ Me\u015fale, G\u00fcne\u015f, Bart\u0131n, \u00c7a\u011fda\u015f T\u00fcrk Dili vb gazete ve dergilerinde yay\u0131nland\u0131. Yine Anadolu bas\u0131n\u0131nda ba\u015flayan bas\u0131n meslek ya\u015fam\u0131 Cumhuriyet Gazetesinde s\u00fcrd\u00fc. Kanada\u2019n\u0131n Montreal kentinde 1994 y\u0131l\u0131nda \u00fc\u00e7 dilde yay\u0131nlanan Bizim Anadolu Gazetesini kuran \u00d6mer F. \u00d6zen, siyasal, toplumsal ve sanatsal yaz\u0131lar\u0131yla s\u00fcrd\u00fcrd\u00fc\u011f\u00fc bas\u0131n-yay\u0131n ya\u015fam\u0131na ko\u015fut olarak, 2009-2018 y\u0131llar\u0131 aras\u0131nda yine kendisinin kurmu\u015f oldu\u011fu Montreal T\u00fcrk Filmleri \u015eenli\u011fi\u2019nin ba\u015fkanl\u0131\u011f\u0131n\u0131 y\u00fcr\u00fctt\u00fc.<\/p>\n<p>Bas\u0131n ve ekinsel etkinliklerinin yan\u0131nda Kanada\u2019da de\u011fi\u015fik ortamlarda T\u00fcrk toplumunun \u00e7\u0131karlar\u0131n\u0131 savunmak i\u00e7in eylemlerde bulunan \u00d6mer F. \u00d6zen, bu etkinlik ve eylemleri dolay\u0131s\u0131yla \u00e7e\u015fitli bas\u0131n, sanatsal ve toplumsal \u00f6d\u00fcllere de lay\u0131k g\u00f6r\u00fcld\u00fc.<\/p>\n<p>\u200c<\/p>\n<p>***<\/p>\n<p>\u200c<\/p>\n<p><strong>\u00c7a\u011f\u0131n\u0131n Tan\u0131kl\u0131\u011f\u0131nda<\/strong>\u00a0ba\u015fl\u0131\u011f\u0131yla bir araya getirilen ve 2000-2014 y\u0131llar\u0131n\u0131 kapsayan \u00d6mer F. \u00d6zen\u2019in gezi yaz\u0131lar\u0131, Montreal\u2019i konu alm\u0131\u015f oldu\u011fu biri d\u0131\u015f\u0131nda, hepsi yurt izlenimlerini ta\u015f\u0131yor.<\/p>\n<p>T\u00fcrkiye i\u00e7in milat say\u0131lan 12 Eyl\u00fcl 1980 darbesi sonras\u0131 yeniden bi\u00e7imlendirilmeye \u00e7al\u0131\u015f\u0131lan T\u00fcrk toplumu \u00fczerine yap\u0131lan \u00e7al\u0131\u015fmalar\u0131n meyveleri, \u00f6zellikle 1990\u2019lar\u0131n sonuna do\u011fru al\u0131nd\u0131 ve \u00d6zal gen\u00e7li\u011fiyle birlikte toplumsall\u0131k gelene\u011fi d\u0131\u015flan\u0131p ac\u0131mas\u0131z bir bireyselcilik \u00f6ne \u00e7\u0131kar\u0131ld\u0131.<\/p>\n<p>Yazar, 10 y\u0131ll\u0131k bir yurtd\u0131\u015f\u0131 deneyiminden sonra d\u00f6nm\u00fc\u015f oldu\u011fu yurdunun foto\u011fraf\u0131n\u0131 \u00e7ekerken, bu de\u011fi\u015fim ve d\u00f6n\u00fc\u015f\u00fcm\u00fcn de\u011fi\u015fik toplum katmanlar\u0131ndaki etkilerini g\u00f6zler \u00f6n\u00fcne seriyor.<\/p>\n<p>T\u00fcm olumsuzluklara kar\u015f\u0131n umudunu yitirmeyen yazar, gelece\u011fin yeni yeti\u015fen ku\u015faklar\u0131n elinde y\u00fckselece\u011finin inanc\u0131yla bu kitab\u0131 okuruna arma\u011fan ediyor.<\/p>","protected":false},"excerpt":{"rendered":"<p>\u2018T\u00fcrk\u00e7esi varken\u2019\u00a0g\u00f6r\u00fc\u015f\u00fcn\u00fcn y\u0131lmaz savunucusu olarak yaz\u0131 ve dizelerinde bu dil duyarl\u0131l\u0131\u011f\u0131n\u0131n yo\u011fun izlerini g\u00f6rm\u00fc\u015f oldu\u011fumuz \u00d6mer F. \u00d6zen\u2019in ilk dizeleri Anadolu bas\u0131n\u0131nda, Osmaniye \/ Hakikat, E\u011fridir G\u00f6l Sesi, Ba\u015fkent, Urfa \/ Me\u015fale, G\u00fcne\u015f, Bart\u0131n, \u00c7a\u011fda\u015f T\u00fcrk Dili vb gazete ve dergilerinde yay\u0131nland\u0131. Yine Anadolu bas\u0131n\u0131nda ba\u015flayan bas\u0131n meslek ya\u015fam\u0131 Cumhuriyet Gazetesinde s\u00fcrd\u00fc. Kanada\u2019n\u0131n Montreal kentinde [&hellip;]<\/p>\n","protected":false},"featured_media":6923,"comment_status":"closed","ping_status":"open","template":"","meta":{"inline_featured_image":false},"product_cat":[1024,1019],"product_tag":[],"class_list":{"0":"post-6922","1":"product","2":"type-product","3":"status-publish","4":"has-post-thumbnail","6":"product_cat-deneme","7":"product_cat-edebiyat","8":"pa_boyut-135-x-195-cm","9":"pa_dil-turkce","10":"pa_sayfa-sayisi-424","11":"pa_yayin-tarihi-4-29-2024","12":"pa_yazar-omer-f-ozen","14":"first","15":"instock","16":"sale","17":"purchasable","18":"product-type-simple"},"_links":{"self":[{"href":"http:\/\/www.arkaraf.com\/en\/wp-json\/wp\/v2\/product\/6922","targetHints":{"allow":["GET"]}}],"collection":[{"href":"http:\/\/www.arkaraf.com\/en\/wp-json\/wp\/v2\/product"}],"about":[{"href":"http:\/\/www.arkaraf.com\/en\/wp-json\/wp\/v2\/types\/product"}],"replies":[{"embeddable":true,"href":"http:\/\/www.arkaraf.com\/en\/wp-json\/wp\/v2\/comments?post=6922"}],"wp:featuredmedia":[{"embeddable":true,"href":"http:\/\/www.arkaraf.com\/en\/wp-json\/wp\/v2\/media\/6923"}],"wp:attachment":[{"href":"http:\/\/www.arkaraf.com\/en\/wp-json\/wp\/v2\/media?parent=6922"}],"wp:term":[{"taxonomy":"product_cat","embeddable":true,"href":"http:\/\/www.arkaraf.com\/en\/wp-json\/wp\/v2\/product_cat?post=6922"},{"taxonomy":"product_tag","embeddable":true,"href":"http:\/\/www.arkaraf.com\/en\/wp-json\/wp\/v2\/product_tag?post=6922"}],"curies":[{"name":"wp","href":"https:\/\/api.w.org\/{rel}","templated":true}]}}