{"id":6920,"date":"2025-10-16T12:09:24","date_gmt":"2025-10-16T09:09:24","guid":{"rendered":"http:\/\/www.arkaraf.com\/kitap\/presus-aine-ve-degisen-dunyalar-banu-ormanli"},"modified":"2025-10-16T12:09:45","modified_gmt":"2025-10-16T09:09:45","slug":"presus-aine-ve-degisen-dunyalar-banu-ormanli","status":"publish","type":"product","link":"http:\/\/www.arkaraf.com\/en\/kitap\/presus-aine-ve-degisen-dunyalar-banu-ormanli","title":{"rendered":"PRESUS &#8220;Aine Ve De\u011fi\u015fen D\u00fcnyalar&#8221; &#8211; Banu Ormanl\u0131"},"content":{"rendered":"<p>Zamans\u0131z kay\u0131plar ya\u015fayan Aine&#8217;in, bildi\u011fi ve tan\u0131d\u0131\u011f\u0131 d\u00fcnyan\u0131n d\u0131\u015f\u0131nda ba\u015fka d\u00fcnyalar\u0131n da olabilece\u011fi ger\u00e7e\u011fiyle y\u00fczle\u015fme vakti gelmi\u015fti. Hen\u00fcz kendisini tan\u0131yamam\u0131\u015f olan Aine, pek \u00e7ok yeni d\u00fcnya ile tan\u0131\u015fmak zorunda kald\u0131\u011f\u0131nda, kutsal ruhun rehberli\u011finde bamba\u015fka d\u00fcnyalara a\u00e7\u0131lan kap\u0131lardan ge\u00e7erek heyecan verici bir yolculu\u011fa s\u00fcr\u00fcklendi. Bu yolculuk sonunda, kendisini tan\u0131mak isteyen Aine&#8217;i bekleyen pek \u00e7ok s\u00fcrpriz vard\u0131. Ve baz\u0131 s\u00fcrprizler vard\u0131 ki, bunlar \u00e7o\u011funlukla insan\u0131n kafas\u0131ndan a\u015fa\u011f\u0131ya konfeti ya\u011fd\u0131rmazd\u0131.<\/p>\n<p>\u201cShepherd Kalesinin tepesinde \u0131\u015f\u0131ldayan g\u00fcne\u015fin s\u0131cakl\u0131\u011f\u0131, b\u00fct\u00fcn Orio topraklar\u0131n\u0131 \u0131s\u0131tacak kadar geni\u015f bir alana yay\u0131lm\u0131\u015ft\u0131. Saray\u0131n d\u00f6rt bir yan\u0131n\u0131 sarm\u0131\u015f olan n\u00f6bet\u00e7iler ve n\u00f6bet\u00e7i kulelerinde n\u00f6bet tutan askerler bu s\u0131ca\u011f\u0131n rehavetine kap\u0131lm\u0131\u015f esnemekteydi. Orio topraklar\u0131n\u0131n bir krali\u00e7esi vard\u0131 ve krali\u00e7e taht\u0131na oturdu\u011funda, krali\u00e7enin taht\u0131na ge\u00e7i\u015fini haber veren gong, krali\u00e7enin ba\u015f yard\u0131mc\u0131s\u0131 Estar\u2019\u0131n emri ile vuruldu. B\u00fct\u00fcn n\u00f6bet\u00e7iler ayn\u0131 anda bulundu\u011fu yerde do\u011frulup, haz\u0131r ola ge\u00e7tiler. \u00c7o\u011fu bak\u0131\u015flar\u0131n\u0131 ileriye \u00e7evirmi\u015f ve \u00e7enesini dikle\u015ftirmi\u015fti. Krali\u00e7enin her yerde g\u00f6z\u00fc ve kula\u011f\u0131 vard\u0131. Tahtta oturup Orio&#8217;nun b\u00fct\u00fcn sokaklar\u0131n\u0131 g\u00f6rebilecek en nadide, biricik insand\u0131. Ve ne mutlu ki o, Orio halk\u0131n\u0131n ba\u015f\u0131ndayd\u0131.\u201d<\/p>","protected":false},"excerpt":{"rendered":"<p>Zamans\u0131z kay\u0131plar ya\u015fayan Aine&#8217;in, bildi\u011fi ve tan\u0131d\u0131\u011f\u0131 d\u00fcnyan\u0131n d\u0131\u015f\u0131nda ba\u015fka d\u00fcnyalar\u0131n da olabilece\u011fi ger\u00e7e\u011fiyle y\u00fczle\u015fme vakti gelmi\u015fti. Hen\u00fcz kendisini tan\u0131yamam\u0131\u015f olan Aine, pek \u00e7ok yeni d\u00fcnya ile tan\u0131\u015fmak zorunda kald\u0131\u011f\u0131nda, kutsal ruhun rehberli\u011finde bamba\u015fka d\u00fcnyalara a\u00e7\u0131lan kap\u0131lardan ge\u00e7erek heyecan verici bir yolculu\u011fa s\u00fcr\u00fcklendi. Bu yolculuk sonunda, kendisini tan\u0131mak isteyen Aine&#8217;i bekleyen pek \u00e7ok s\u00fcrpriz vard\u0131. [&hellip;]<\/p>\n","protected":false},"featured_media":6921,"comment_status":"closed","ping_status":"open","template":"","meta":{"inline_featured_image":false},"product_cat":[1019,1033],"product_tag":[],"class_list":{"0":"post-6920","1":"product","2":"type-product","3":"status-publish","4":"has-post-thumbnail","6":"product_cat-edebiyat","7":"product_cat-roman","8":"pa_boyut-135-x-195-cm","9":"pa_dil-turkce","10":"pa_sayfa-sayisi-1485","11":"pa_yayin-tarihi-4-17-2024","12":"pa_yazar-banu-ormanli","14":"first","15":"instock","16":"sale","17":"purchasable","18":"product-type-simple"},"_links":{"self":[{"href":"http:\/\/www.arkaraf.com\/en\/wp-json\/wp\/v2\/product\/6920","targetHints":{"allow":["GET"]}}],"collection":[{"href":"http:\/\/www.arkaraf.com\/en\/wp-json\/wp\/v2\/product"}],"about":[{"href":"http:\/\/www.arkaraf.com\/en\/wp-json\/wp\/v2\/types\/product"}],"replies":[{"embeddable":true,"href":"http:\/\/www.arkaraf.com\/en\/wp-json\/wp\/v2\/comments?post=6920"}],"wp:featuredmedia":[{"embeddable":true,"href":"http:\/\/www.arkaraf.com\/en\/wp-json\/wp\/v2\/media\/6921"}],"wp:attachment":[{"href":"http:\/\/www.arkaraf.com\/en\/wp-json\/wp\/v2\/media?parent=6920"}],"wp:term":[{"taxonomy":"product_cat","embeddable":true,"href":"http:\/\/www.arkaraf.com\/en\/wp-json\/wp\/v2\/product_cat?post=6920"},{"taxonomy":"product_tag","embeddable":true,"href":"http:\/\/www.arkaraf.com\/en\/wp-json\/wp\/v2\/product_tag?post=6920"}],"curies":[{"name":"wp","href":"https:\/\/api.w.org\/{rel}","templated":true}]}}