{"id":6910,"date":"2025-10-16T12:09:24","date_gmt":"2025-10-16T09:09:24","guid":{"rendered":"http:\/\/www.arkaraf.com\/kitap\/minval-kemal-yakut"},"modified":"2025-10-16T12:09:28","modified_gmt":"2025-10-16T09:09:28","slug":"minval-kemal-yakut","status":"publish","type":"product","link":"http:\/\/www.arkaraf.com\/en\/kitap\/minval-kemal-yakut","title":{"rendered":"Minv\u00e2l &#8211; Kemal Yakut"},"content":{"rendered":"<p>K\u00e2inat insan i\u00e7indir\u2026 \u0130nsan Yaradan i\u00e7indir\u2026<\/p>\n<p>M\u00e2n\u00e2 \u00e2leminde z\u00e2ten var olan insan kuds\u00ee r\u00fbh ile madde \u00e2lemine gelmek \u00fczere il\u00e2h\u00ee takdirdeki zaman\u0131 i\u00e7in bekletilmi\u015f ya da bekletiliyor. \u00c2lemde ki\u015fi; \u00e2dem, hal\u00eefe, insan t\u00e2yin edilmi\u015f ve be\u015fer olarak d\u00fcnyada yarat\u0131l\u0131p ya\u015fat\u0131l\u0131yor.<\/p>\n<p>\u0130nsan ete kemi\u011fe b\u00fcr\u00fcnd\u00fcr\u00fclerek senaryodaki rol\u00fc i\u00e7in d\u00fcnya hay\u00e2t\u0131na g\u00f6nderiliyor, insanl\u0131\u011fa dokundurulup geri al\u0131n\u0131yor. Bir olan insanl\u0131k ki\u015filerin dokunu\u015flar\u0131nca il\u00e2h\u00ee takdirle evrilip \u00e7evriliyor. Kendisini bir takdire sevk ettiriyor.<\/p>\n<p>Fez\u00e2 z\u0131tl\u0131klarla matematiksel hesaplar \u00fczere her \u00e2n oldurulmakta. Madd\u00ee m\u00e2nev\u00ee sava\u015flarla, mikroplarla, depremlerle depre\u015ftirilen d\u00fcnya ke\u015fmeke\u015fliklerle m\u00fcd\u00e2vim.<\/p>\n<p>\u0130nsan madde ve m\u00e2n\u00e2 i\u00e7in d\u00f6n\u00fc\u015ft\u00fcr\u00fcc\u00fcd\u00fcr. \u0130nsan cismiyle \u00e2lemde, \u00e2lem m\u00e2n\u00e2 olarak insanda. D\u00fcnya insanl\u0131\u011f\u0131n emrine verilmi\u015f iken insan ise emrine verilenin emrine girmek i\u00e7in \u00e7abalamakta\u2026<\/p>","protected":false},"excerpt":{"rendered":"<p>K\u00e2inat insan i\u00e7indir\u2026 \u0130nsan Yaradan i\u00e7indir\u2026 M\u00e2n\u00e2 \u00e2leminde z\u00e2ten var olan insan kuds\u00ee r\u00fbh ile madde \u00e2lemine gelmek \u00fczere il\u00e2h\u00ee takdirdeki zaman\u0131 i\u00e7in bekletilmi\u015f ya da bekletiliyor. \u00c2lemde ki\u015fi; \u00e2dem, hal\u00eefe, insan t\u00e2yin edilmi\u015f ve be\u015fer olarak d\u00fcnyada yarat\u0131l\u0131p ya\u015fat\u0131l\u0131yor. \u0130nsan ete kemi\u011fe b\u00fcr\u00fcnd\u00fcr\u00fclerek senaryodaki rol\u00fc i\u00e7in d\u00fcnya hay\u00e2t\u0131na g\u00f6nderiliyor, insanl\u0131\u011fa dokundurulup geri al\u0131n\u0131yor. Bir [&hellip;]<\/p>\n","protected":false},"featured_media":6911,"comment_status":"closed","ping_status":"open","template":"","meta":{"inline_featured_image":false},"product_cat":[1024,1019],"product_tag":[],"class_list":{"0":"post-6910","1":"product","2":"type-product","3":"status-publish","4":"has-post-thumbnail","6":"product_cat-deneme","7":"product_cat-edebiyat","8":"pa_boyut-135-x-195-cm","9":"pa_dil-turkce","10":"pa_sayfa-sayisi-1035","11":"pa_yayin-tarihi-4-2-2024","12":"pa_yazar-kemal-yakut","14":"first","15":"instock","16":"sale","17":"purchasable","18":"product-type-simple"},"_links":{"self":[{"href":"http:\/\/www.arkaraf.com\/en\/wp-json\/wp\/v2\/product\/6910","targetHints":{"allow":["GET"]}}],"collection":[{"href":"http:\/\/www.arkaraf.com\/en\/wp-json\/wp\/v2\/product"}],"about":[{"href":"http:\/\/www.arkaraf.com\/en\/wp-json\/wp\/v2\/types\/product"}],"replies":[{"embeddable":true,"href":"http:\/\/www.arkaraf.com\/en\/wp-json\/wp\/v2\/comments?post=6910"}],"wp:featuredmedia":[{"embeddable":true,"href":"http:\/\/www.arkaraf.com\/en\/wp-json\/wp\/v2\/media\/6911"}],"wp:attachment":[{"href":"http:\/\/www.arkaraf.com\/en\/wp-json\/wp\/v2\/media?parent=6910"}],"wp:term":[{"taxonomy":"product_cat","embeddable":true,"href":"http:\/\/www.arkaraf.com\/en\/wp-json\/wp\/v2\/product_cat?post=6910"},{"taxonomy":"product_tag","embeddable":true,"href":"http:\/\/www.arkaraf.com\/en\/wp-json\/wp\/v2\/product_tag?post=6910"}],"curies":[{"name":"wp","href":"https:\/\/api.w.org\/{rel}","templated":true}]}}