{"id":6906,"date":"2025-10-16T12:08:03","date_gmt":"2025-10-16T09:08:03","guid":{"rendered":"http:\/\/www.arkaraf.com\/kitap\/incik-boncuk-saydim-yok-olsan-yasemin-sahin"},"modified":"2025-10-16T12:09:19","modified_gmt":"2025-10-16T09:09:19","slug":"incik-boncuk-saydim-yok-olsan-yasemin-sahin","status":"publish","type":"product","link":"http:\/\/www.arkaraf.com\/en\/kitap\/incik-boncuk-saydim-yok-olsan-yasemin-sahin","title":{"rendered":"\u0130ncik, Boncuk Sayd\u0131m: Yok Olsan &#8211; Yasemin \u015eahin"},"content":{"rendered":"<p>Desem, desem, ne desem?<br \/>\nElma m\u0131 desem armut mu desem?<br \/>\n&#8220;\u0130ncik, bocuk, sayd\u0131m&#8221;: Yok olsan!<br \/>\n&#8220;Ben bu oyunu bozar\u0131m.&#8221; desem de uslu mu oturmasam?<br \/>\nDur, durma! Bir masal m\u0131 uydursam?<br \/>\nKelo\u011flan! Kele\u015fo\u011flan! Keltoro\u015fo\u011flan!<br \/>\nKo\u015f!<br \/>\nDerdimiz devlerden de kocaman.<br \/>\nAllah vere, Allah ala.<br \/>\nDostlar allan\u0131p pullan\u0131p yan\u0131ma gele.<br \/>\n&#8220;Duma duma dum, k\u0131rm\u0131z\u0131 mum&#8230;&#8221;<br \/>\nEvvel zaman i\u00e7inde de\u011fil; \u00fc\u00e7 d\u00f6rt g\u00fcn evvel gibi,<br \/>\nMasal bu, mutlu sonla biter ya&#8230;aman!<br \/>\nBu seferlik b\u00f6yle olsa<br \/>\nKahraman ne alayl\u0131 ne sarayl\u0131<br \/>\nKahraman benim ne de olsa&#8230;<\/p>","protected":false},"excerpt":{"rendered":"<p>Desem, desem, ne desem? Elma m\u0131 desem armut mu desem? &#8220;\u0130ncik, bocuk, sayd\u0131m&#8221;: Yok olsan! &#8220;Ben bu oyunu bozar\u0131m.&#8221; desem de uslu mu oturmasam? Dur, durma! Bir masal m\u0131 uydursam? Kelo\u011flan! Kele\u015fo\u011flan! Keltoro\u015fo\u011flan! Ko\u015f! Derdimiz devlerden de kocaman. Allah vere, Allah ala. Dostlar allan\u0131p pullan\u0131p yan\u0131ma gele. &#8220;Duma duma dum, k\u0131rm\u0131z\u0131 mum&#8230;&#8221; Evvel zaman i\u00e7inde [&hellip;]<\/p>\n","protected":false},"featured_media":6907,"comment_status":"closed","ping_status":"open","template":"","meta":{"inline_featured_image":false},"product_cat":[1020,1019],"product_tag":[],"class_list":{"0":"post-6906","1":"product","2":"type-product","3":"status-publish","4":"has-post-thumbnail","6":"product_cat-siir","7":"product_cat-edebiyat","8":"pa_boyut-135-x-195-cm","9":"pa_dil-turkce","10":"pa_sayfa-sayisi-936","11":"pa_yayin-tarihi-3-26-2024","12":"pa_yazar-yasemin-sahin","14":"first","15":"instock","16":"sale","17":"purchasable","18":"product-type-simple"},"_links":{"self":[{"href":"http:\/\/www.arkaraf.com\/en\/wp-json\/wp\/v2\/product\/6906","targetHints":{"allow":["GET"]}}],"collection":[{"href":"http:\/\/www.arkaraf.com\/en\/wp-json\/wp\/v2\/product"}],"about":[{"href":"http:\/\/www.arkaraf.com\/en\/wp-json\/wp\/v2\/types\/product"}],"replies":[{"embeddable":true,"href":"http:\/\/www.arkaraf.com\/en\/wp-json\/wp\/v2\/comments?post=6906"}],"wp:featuredmedia":[{"embeddable":true,"href":"http:\/\/www.arkaraf.com\/en\/wp-json\/wp\/v2\/media\/6907"}],"wp:attachment":[{"href":"http:\/\/www.arkaraf.com\/en\/wp-json\/wp\/v2\/media?parent=6906"}],"wp:term":[{"taxonomy":"product_cat","embeddable":true,"href":"http:\/\/www.arkaraf.com\/en\/wp-json\/wp\/v2\/product_cat?post=6906"},{"taxonomy":"product_tag","embeddable":true,"href":"http:\/\/www.arkaraf.com\/en\/wp-json\/wp\/v2\/product_tag?post=6906"}],"curies":[{"name":"wp","href":"https:\/\/api.w.org\/{rel}","templated":true}]}}