{"id":6892,"date":"2025-10-16T12:08:03","date_gmt":"2025-10-16T09:08:03","guid":{"rendered":"http:\/\/www.arkaraf.com\/kitap\/paha-bicilmez-hakan-ayyildiz-yasa-demet-ayyildiz"},"modified":"2025-10-16T12:08:45","modified_gmt":"2025-10-16T09:08:45","slug":"paha-bicilmez-hakan-ayyildiz-yasa-demet-ayyildiz","status":"publish","type":"product","link":"http:\/\/www.arkaraf.com\/en\/kitap\/paha-bicilmez-hakan-ayyildiz-yasa-demet-ayyildiz","title":{"rendered":"Paha Bi\u00e7ilmez &#8211; Hakan Ayy\u0131ld\u0131z, Ya\u015fa Demet Ayy\u0131ld\u0131z"},"content":{"rendered":"<p>Bazen;<\/p>\n<p>Bedeni iyile\u015ftirmek i\u00e7in uyutmak,<\/p>\n<p>Ruhu iyile\u015ftirmek i\u00e7in uyand\u0131rmak laz\u0131m&#8230;<\/p>\n<p>Bazen;<\/p>\n<p>Fiziki g\u00f6z ile de\u011fil,<\/p>\n<p>Ak\u0131l g\u00f6z\u00fcyle bakmak laz\u0131m&#8230;<\/p>\n<p>O halde;<\/p>\n<p>Kald\u0131r perdeleri aradan,<\/p>\n<p>Ortaya \u00e7\u0131ks\u0131n yaradan&#8230;<\/p>","protected":false},"excerpt":{"rendered":"<p>Bazen; Bedeni iyile\u015ftirmek i\u00e7in uyutmak, Ruhu iyile\u015ftirmek i\u00e7in uyand\u0131rmak laz\u0131m&#8230; Bazen; Fiziki g\u00f6z ile de\u011fil, Ak\u0131l g\u00f6z\u00fcyle bakmak laz\u0131m&#8230; O halde; Kald\u0131r perdeleri aradan, Ortaya \u00e7\u0131ks\u0131n yaradan&#8230;<\/p>","protected":false},"featured_media":6893,"comment_status":"closed","ping_status":"open","template":"","meta":{"inline_featured_image":false},"product_cat":[1020,1019],"product_tag":[],"class_list":{"0":"post-6892","1":"product","2":"type-product","3":"status-publish","4":"has-post-thumbnail","6":"product_cat-siir","7":"product_cat-edebiyat","8":"pa_boyut-135-x-195-cm","9":"pa_dil-turkce","10":"pa_sayfa-sayisi-1485","11":"pa_yayin-tarihi-3-4-2024","12":"pa_yazar-hakan-ayyildiz-yasa-demet-ayyildiz","14":"first","15":"instock","16":"sale","17":"purchasable","18":"product-type-simple"},"_links":{"self":[{"href":"http:\/\/www.arkaraf.com\/en\/wp-json\/wp\/v2\/product\/6892","targetHints":{"allow":["GET"]}}],"collection":[{"href":"http:\/\/www.arkaraf.com\/en\/wp-json\/wp\/v2\/product"}],"about":[{"href":"http:\/\/www.arkaraf.com\/en\/wp-json\/wp\/v2\/types\/product"}],"replies":[{"embeddable":true,"href":"http:\/\/www.arkaraf.com\/en\/wp-json\/wp\/v2\/comments?post=6892"}],"wp:featuredmedia":[{"embeddable":true,"href":"http:\/\/www.arkaraf.com\/en\/wp-json\/wp\/v2\/media\/6893"}],"wp:attachment":[{"href":"http:\/\/www.arkaraf.com\/en\/wp-json\/wp\/v2\/media?parent=6892"}],"wp:term":[{"taxonomy":"product_cat","embeddable":true,"href":"http:\/\/www.arkaraf.com\/en\/wp-json\/wp\/v2\/product_cat?post=6892"},{"taxonomy":"product_tag","embeddable":true,"href":"http:\/\/www.arkaraf.com\/en\/wp-json\/wp\/v2\/product_tag?post=6892"}],"curies":[{"name":"wp","href":"https:\/\/api.w.org\/{rel}","templated":true}]}}