{"id":6882,"date":"2025-10-16T12:08:03","date_gmt":"2025-10-16T09:08:03","guid":{"rendered":"http:\/\/www.arkaraf.com\/kitap\/hasenat-murat-demir"},"modified":"2025-10-16T12:08:28","modified_gmt":"2025-10-16T09:08:28","slug":"hasenat-murat-demir","status":"publish","type":"product","link":"http:\/\/www.arkaraf.com\/en\/kitap\/hasenat-murat-demir","title":{"rendered":"Hasenat &#8211; Murat Demir"},"content":{"rendered":"<div class=\"phenom-desc\">\n<div class=\"comment-container\">\n<div class=\"action-comment can-view-video markeddown js-comment is-comments-rewrite\" dir=\"auto\">\n<div class=\"current-comment js-friendly-links js-open-card\">\n<p>Bir a\u011fac\u0131n k\u00f6kleri nas\u0131l ki onu beslerse, bu \u015fiirde yaz\u0131lanlar\u0131 da vedalar besledi.Baz\u0131 vedalar zaman gerektirmez Bir vakit ans\u0131z\u0131n gelip yakana yap\u0131\u015f\u0131r.Elinde \u00e7are olmadan ard\u0131ndan izlersin olanlar\u0131.\u00dcz\u00fcl\u00fcrs\u00fcn, can\u0131n yanar&#8230;\u0130\u015fte bu vedalardan birisi de \u00f6l\u00fcmd\u00fcr.Sen g\u00f6rmezden gelsen, kulaklar\u0131n\u0131 t\u0131kasan bile ans\u0131z\u0131n \u00e7\u0131k\u0131verir kar\u015f\u0131na. Yan\u0131 ba\u015f\u0131nda duran,sevdi\u011fin insanlar teker teker kaybolmaya ba\u015flar hayat\u0131ndan.B\u00f6ylelikle insan giderek yaln\u0131zla\u015f\u0131r kalabal\u0131\u011f\u0131n ortas\u0131nda.Sayfa sayfa yaz\u0131lsa,s\u0131n\u0131rs\u0131z betimlemeler yap\u0131lsa bile \u00f6l\u00fcm\u00fc anlatmaya \u00f6m\u00fcr yetmez.\u0130\u015fte benim sayfalar boyunca anlatmak istedi\u011fim buydu;yani \u00f6l\u00fcm diye bir ger\u00e7e\u011fin oldu\u011fu,ama insan\u0131n \u00f6yle bir varl\u0131k oldu\u011funu anlad\u0131m ki \u00f6l\u00fcm\u00fc anlamland\u0131rmaya bile g\u00fcc\u00fcn\u00fcn olmad\u0131\u011f\u0131&#8230;<\/p>\n<\/div>\n<\/div>\n<\/div>\n<\/div>","protected":false},"excerpt":{"rendered":"<p>Bir a\u011fac\u0131n k\u00f6kleri nas\u0131l ki onu beslerse, bu \u015fiirde yaz\u0131lanlar\u0131 da vedalar besledi.Baz\u0131 vedalar zaman gerektirmez Bir vakit ans\u0131z\u0131n gelip yakana yap\u0131\u015f\u0131r.Elinde \u00e7are olmadan ard\u0131ndan izlersin olanlar\u0131.\u00dcz\u00fcl\u00fcrs\u00fcn, can\u0131n yanar&#8230;\u0130\u015fte bu vedalardan birisi de \u00f6l\u00fcmd\u00fcr.Sen g\u00f6rmezden gelsen, kulaklar\u0131n\u0131 t\u0131kasan bile ans\u0131z\u0131n \u00e7\u0131k\u0131verir kar\u015f\u0131na. Yan\u0131 ba\u015f\u0131nda duran,sevdi\u011fin insanlar teker teker kaybolmaya ba\u015flar hayat\u0131ndan.B\u00f6ylelikle insan giderek yaln\u0131zla\u015f\u0131r kalabal\u0131\u011f\u0131n [&hellip;]<\/p>\n","protected":false},"featured_media":6883,"comment_status":"closed","ping_status":"open","template":"","meta":{"inline_featured_image":false},"product_cat":[1020,1019],"product_tag":[],"class_list":{"0":"post-6882","1":"product","2":"type-product","3":"status-publish","4":"has-post-thumbnail","6":"product_cat-siir","7":"product_cat-edebiyat","8":"pa_boyut-135-x-195-cm","9":"pa_dil-turkce","10":"pa_sayfa-sayisi-853","11":"pa_yayin-tarihi-2-20-2024","12":"pa_yazar-murat-demir","14":"first","15":"instock","16":"sale","17":"purchasable","18":"product-type-simple"},"_links":{"self":[{"href":"http:\/\/www.arkaraf.com\/en\/wp-json\/wp\/v2\/product\/6882","targetHints":{"allow":["GET"]}}],"collection":[{"href":"http:\/\/www.arkaraf.com\/en\/wp-json\/wp\/v2\/product"}],"about":[{"href":"http:\/\/www.arkaraf.com\/en\/wp-json\/wp\/v2\/types\/product"}],"replies":[{"embeddable":true,"href":"http:\/\/www.arkaraf.com\/en\/wp-json\/wp\/v2\/comments?post=6882"}],"wp:featuredmedia":[{"embeddable":true,"href":"http:\/\/www.arkaraf.com\/en\/wp-json\/wp\/v2\/media\/6883"}],"wp:attachment":[{"href":"http:\/\/www.arkaraf.com\/en\/wp-json\/wp\/v2\/media?parent=6882"}],"wp:term":[{"taxonomy":"product_cat","embeddable":true,"href":"http:\/\/www.arkaraf.com\/en\/wp-json\/wp\/v2\/product_cat?post=6882"},{"taxonomy":"product_tag","embeddable":true,"href":"http:\/\/www.arkaraf.com\/en\/wp-json\/wp\/v2\/product_tag?post=6882"}],"curies":[{"name":"wp","href":"https:\/\/api.w.org\/{rel}","templated":true}]}}