{"id":6880,"date":"2025-10-16T12:08:03","date_gmt":"2025-10-16T09:08:03","guid":{"rendered":"http:\/\/www.arkaraf.com\/kitap\/suzgun-bakis-meric-bugra-eray-gencer"},"modified":"2025-10-16T12:08:24","modified_gmt":"2025-10-16T09:08:24","slug":"suzgun-bakis-meric-bugra-eray-gencer","status":"publish","type":"product","link":"http:\/\/www.arkaraf.com\/en\/kitap\/suzgun-bakis-meric-bugra-eray-gencer","title":{"rendered":"S\u00fczg&#8217;\u00fcn Bak\u0131\u015f &#8211; Meri\u00e7 Bu\u011fra Eray Gen\u00e7er"},"content":{"rendered":"<div class=\"phenom-desc\">\n<div class=\"comment-container\">\n<div class=\"action-comment can-view-video markeddown js-comment is-comments-rewrite\" dir=\"auto\">\n<div class=\"current-comment js-friendly-links js-open-card\">\n<p>Yine bi kar\u015f\u0131la\u015fma, durmu\u015ftu zaman; donuk sulardan anlam\u0131\u015ft\u0131m. Her kar\u015f\u0131la\u015fma bi seviyor bir de sevmiyor, kopar\u0131lacak yaprak kalmad\u0131 yeni bir bahara kadar; durgunlu\u011fundan anlam\u0131\u015ft\u0131m, merak etme bende de sonbahar korkusu var.<\/p>\n<\/div>\n<\/div>\n<\/div>\n<\/div>","protected":false},"excerpt":{"rendered":"<p>Yine bi kar\u015f\u0131la\u015fma, durmu\u015ftu zaman; donuk sulardan anlam\u0131\u015ft\u0131m. Her kar\u015f\u0131la\u015fma bi seviyor bir de sevmiyor, kopar\u0131lacak yaprak kalmad\u0131 yeni bir bahara kadar; durgunlu\u011fundan anlam\u0131\u015ft\u0131m, merak etme bende de sonbahar korkusu var.<\/p>","protected":false},"featured_media":6881,"comment_status":"closed","ping_status":"open","template":"","meta":{"inline_featured_image":false},"product_cat":[1020,1019],"product_tag":[],"class_list":{"0":"post-6880","1":"product","2":"type-product","3":"status-publish","4":"has-post-thumbnail","6":"product_cat-siir","7":"product_cat-edebiyat","8":"pa_boyut-135-x-195-cm","9":"pa_dil-turkce","10":"pa_sayfa-sayisi-839","11":"pa_yayin-tarihi-2-20-2024","12":"pa_yazar-meric-bugra-eray-gencer","14":"first","15":"instock","16":"sale","17":"purchasable","18":"product-type-simple"},"_links":{"self":[{"href":"http:\/\/www.arkaraf.com\/en\/wp-json\/wp\/v2\/product\/6880","targetHints":{"allow":["GET"]}}],"collection":[{"href":"http:\/\/www.arkaraf.com\/en\/wp-json\/wp\/v2\/product"}],"about":[{"href":"http:\/\/www.arkaraf.com\/en\/wp-json\/wp\/v2\/types\/product"}],"replies":[{"embeddable":true,"href":"http:\/\/www.arkaraf.com\/en\/wp-json\/wp\/v2\/comments?post=6880"}],"wp:featuredmedia":[{"embeddable":true,"href":"http:\/\/www.arkaraf.com\/en\/wp-json\/wp\/v2\/media\/6881"}],"wp:attachment":[{"href":"http:\/\/www.arkaraf.com\/en\/wp-json\/wp\/v2\/media?parent=6880"}],"wp:term":[{"taxonomy":"product_cat","embeddable":true,"href":"http:\/\/www.arkaraf.com\/en\/wp-json\/wp\/v2\/product_cat?post=6880"},{"taxonomy":"product_tag","embeddable":true,"href":"http:\/\/www.arkaraf.com\/en\/wp-json\/wp\/v2\/product_tag?post=6880"}],"curies":[{"name":"wp","href":"https:\/\/api.w.org\/{rel}","templated":true}]}}