{"id":6876,"date":"2025-10-16T12:08:03","date_gmt":"2025-10-16T09:08:03","guid":{"rendered":"http:\/\/www.arkaraf.com\/kitap\/ozden-bir-damla-nehir-guzel"},"modified":"2025-10-16T12:08:17","modified_gmt":"2025-10-16T09:08:17","slug":"ozden-bir-damla-nehir-guzel","status":"publish","type":"product","link":"http:\/\/www.arkaraf.com\/en\/kitap\/ozden-bir-damla-nehir-guzel","title":{"rendered":"\u00d6zden Bir Damla &#8211; Nehir G\u00fczel"},"content":{"rendered":"<p>\u201cHayat k\u0131sa de\u011fildir. Biz hayata anlaml\u0131 bakmaya \u00f6m\u00fcr yar\u0131lan\u0131nca ba\u015flar\u0131z sadece.\u201d<\/p>\n<p>Bu kitab\u0131 okumaya ba\u015flayarak kendini mutlu edebilme sanat\u0131na daha erken ula\u015fabilir, hayat\u0131n anlam\u0131n\u0131 daha erken yakalayabilirsin.<\/p>\n<p>\u0130nsanlar m\u0131 b\u00fcy\u00fcmemeliydi yoksa sahip olmak istedikleri mi?<br \/>\n\u0130nsan\u0131n en b\u00fcy\u00fck s\u0131nav\u0131 neydi?<br \/>\nYa\u015fam\u0131 ger\u00e7ekten hissedebilmek m\u00fcmk\u00fcn m\u00fc?<br \/>\nMutlu olman\u0131n s\u0131rr\u0131 nedir?<\/p>\n<p>Akl\u0131ndaki sorular\u0131n yan\u0131t\u0131n\u0131 bulmaya ve mutlulu\u011fa bin ad\u0131m atmaya haz\u0131r m\u0131s\u0131n?<br \/>\n\u015e\u0130MD\u0130 K\u0130TABI A\u00c7 VE KEND\u0130N\u0130 BULACA\u011eIN ANLARIN KEY\u0130FL\u0130 YOLCULU\u011eUNA BA\u015eLA.<\/p>","protected":false},"excerpt":{"rendered":"<p>\u201cHayat k\u0131sa de\u011fildir. Biz hayata anlaml\u0131 bakmaya \u00f6m\u00fcr yar\u0131lan\u0131nca ba\u015flar\u0131z sadece.\u201d Bu kitab\u0131 okumaya ba\u015flayarak kendini mutlu edebilme sanat\u0131na daha erken ula\u015fabilir, hayat\u0131n anlam\u0131n\u0131 daha erken yakalayabilirsin. \u0130nsanlar m\u0131 b\u00fcy\u00fcmemeliydi yoksa sahip olmak istedikleri mi? \u0130nsan\u0131n en b\u00fcy\u00fck s\u0131nav\u0131 neydi? Ya\u015fam\u0131 ger\u00e7ekten hissedebilmek m\u00fcmk\u00fcn m\u00fc? Mutlu olman\u0131n s\u0131rr\u0131 nedir? Akl\u0131ndaki sorular\u0131n yan\u0131t\u0131n\u0131 bulmaya ve mutlulu\u011fa [&hellip;]<\/p>\n","protected":false},"featured_media":6877,"comment_status":"closed","ping_status":"open","template":"","meta":{"inline_featured_image":false},"product_cat":[1247,1019],"product_tag":[],"class_list":{"0":"post-6876","1":"product","2":"type-product","3":"status-publish","4":"has-post-thumbnail","6":"product_cat-ozlu-sozler","7":"product_cat-edebiyat","8":"pa_boyut-135-x-195-cm","9":"pa_dil-turkce","10":"pa_sayfa-sayisi-1126","11":"pa_yayin-tarihi-2-20-2024","12":"pa_yazar-nehir-guzel","14":"first","15":"instock","16":"sale","17":"purchasable","18":"product-type-simple"},"_links":{"self":[{"href":"http:\/\/www.arkaraf.com\/en\/wp-json\/wp\/v2\/product\/6876","targetHints":{"allow":["GET"]}}],"collection":[{"href":"http:\/\/www.arkaraf.com\/en\/wp-json\/wp\/v2\/product"}],"about":[{"href":"http:\/\/www.arkaraf.com\/en\/wp-json\/wp\/v2\/types\/product"}],"replies":[{"embeddable":true,"href":"http:\/\/www.arkaraf.com\/en\/wp-json\/wp\/v2\/comments?post=6876"}],"wp:featuredmedia":[{"embeddable":true,"href":"http:\/\/www.arkaraf.com\/en\/wp-json\/wp\/v2\/media\/6877"}],"wp:attachment":[{"href":"http:\/\/www.arkaraf.com\/en\/wp-json\/wp\/v2\/media?parent=6876"}],"wp:term":[{"taxonomy":"product_cat","embeddable":true,"href":"http:\/\/www.arkaraf.com\/en\/wp-json\/wp\/v2\/product_cat?post=6876"},{"taxonomy":"product_tag","embeddable":true,"href":"http:\/\/www.arkaraf.com\/en\/wp-json\/wp\/v2\/product_tag?post=6876"}],"curies":[{"name":"wp","href":"https:\/\/api.w.org\/{rel}","templated":true}]}}