{"id":6874,"date":"2025-10-16T12:08:03","date_gmt":"2025-10-16T09:08:03","guid":{"rendered":"http:\/\/www.arkaraf.com\/kitap\/renkli-ve-renksiz-hayatlar-tuna-akyuz"},"modified":"2025-10-16T12:08:14","modified_gmt":"2025-10-16T09:08:14","slug":"renkli-ve-renksiz-hayatlar-tuna-akyuz","status":"publish","type":"product","link":"http:\/\/www.arkaraf.com\/en\/kitap\/renkli-ve-renksiz-hayatlar-tuna-akyuz","title":{"rendered":"Renkli ve Renksiz Hayatlar &#8211; Tuna Aky\u00fcz"},"content":{"rendered":"<div class=\"phenom-desc\">\n<div class=\"comment-container\">\n<div class=\"action-comment can-view-video markeddown js-comment is-comments-rewrite\" dir=\"auto\">\n<div class=\"current-comment js-friendly-links js-open-card\">\n<p>Renksizli\u011fi bir sanat eserine d\u00f6n\u00fc\u015ft\u00fcrmek, hayat\u0131n karma\u015f\u0131k paletinde anlam aramak seni ger\u00e7ekten zengin k\u0131lacak. \u0130stedi\u011fin rengi bulabilirsen ya\u015fam\u0131n sana sundu\u011fu en g\u00fczel hazine olabilir. Mutlulu\u011fun rengi, kendi paletini olu\u015fturmakta yat\u0131yor.<\/p>\n<\/div>\n<\/div>\n<\/div>\n<\/div>","protected":false},"excerpt":{"rendered":"<p>Renksizli\u011fi bir sanat eserine d\u00f6n\u00fc\u015ft\u00fcrmek, hayat\u0131n karma\u015f\u0131k paletinde anlam aramak seni ger\u00e7ekten zengin k\u0131lacak. \u0130stedi\u011fin rengi bulabilirsen ya\u015fam\u0131n sana sundu\u011fu en g\u00fczel hazine olabilir. Mutlulu\u011fun rengi, kendi paletini olu\u015fturmakta yat\u0131yor.<\/p>","protected":false},"featured_media":6875,"comment_status":"closed","ping_status":"open","template":"","meta":{"inline_featured_image":false},"product_cat":[1024,1019],"product_tag":[],"class_list":{"0":"post-6874","1":"product","2":"type-product","3":"status-publish","4":"has-post-thumbnail","6":"product_cat-deneme","7":"product_cat-edebiyat","8":"pa_boyut-135-x-195-cm","9":"pa_dil-turkce","10":"pa_sayfa-sayisi-454","11":"pa_yayin-tarihi-2-20-2024","12":"pa_yazar-tuna-akyuz","14":"first","15":"instock","16":"sale","17":"purchasable","18":"product-type-simple"},"_links":{"self":[{"href":"http:\/\/www.arkaraf.com\/en\/wp-json\/wp\/v2\/product\/6874","targetHints":{"allow":["GET"]}}],"collection":[{"href":"http:\/\/www.arkaraf.com\/en\/wp-json\/wp\/v2\/product"}],"about":[{"href":"http:\/\/www.arkaraf.com\/en\/wp-json\/wp\/v2\/types\/product"}],"replies":[{"embeddable":true,"href":"http:\/\/www.arkaraf.com\/en\/wp-json\/wp\/v2\/comments?post=6874"}],"wp:featuredmedia":[{"embeddable":true,"href":"http:\/\/www.arkaraf.com\/en\/wp-json\/wp\/v2\/media\/6875"}],"wp:attachment":[{"href":"http:\/\/www.arkaraf.com\/en\/wp-json\/wp\/v2\/media?parent=6874"}],"wp:term":[{"taxonomy":"product_cat","embeddable":true,"href":"http:\/\/www.arkaraf.com\/en\/wp-json\/wp\/v2\/product_cat?post=6874"},{"taxonomy":"product_tag","embeddable":true,"href":"http:\/\/www.arkaraf.com\/en\/wp-json\/wp\/v2\/product_tag?post=6874"}],"curies":[{"name":"wp","href":"https:\/\/api.w.org\/{rel}","templated":true}]}}