{"id":6864,"date":"2025-10-16T12:06:55","date_gmt":"2025-10-16T09:06:55","guid":{"rendered":"http:\/\/www.arkaraf.com\/kitap\/gonulden-gonullere-suleyman-uluturk"},"modified":"2025-10-16T12:07:54","modified_gmt":"2025-10-16T09:07:54","slug":"gonulden-gonullere-suleyman-uluturk","status":"publish","type":"product","link":"http:\/\/www.arkaraf.com\/en\/kitap\/gonulden-gonullere-suleyman-uluturk","title":{"rendered":"G\u00f6n\u00fclden G\u00f6n\u00fcllere &#8211; S\u00fcleyman Ulut\u00fcrk"},"content":{"rendered":"<p>ALTIN G\u00dcNE\u015e<br \/>\n\u015eurada biraz uzakta<br \/>\nAlt\u0131n G\u00fcne\u015f var ufukta<br \/>\nY\u0131k\u0131ld\u0131 b\u00fct\u00fcn barikat<br \/>\nOrtaya \u00e7\u0131kt\u0131 hakikat<br \/>\nAlt\u0131n G\u00fcne\u015f b\u00fct\u00fcn do\u011fdu<br \/>\nYeni bir d\u00fcnya kuruldu<br \/>\nG\u00fcne\u015fin o\u011flu G\u00fcne\u015f\u2019i buldu<br \/>\nKaybolan saltanata kondu<br \/>\nBoyun e\u011fdi c\u00fcce devler<br \/>\n\u00d6p\u00fcld\u00fc alt\u0131n eller<br \/>\nG\u00fcne\u015f\u2019in o\u011flu s\u00f6yleyecek<br \/>\nB\u00fct\u00fcn d\u00fcnya dinleyecek<br \/>\nDurdu\u011funda duracak<br \/>\nVurdu\u011funda vuracak<br \/>\nD\u00fc\u015fmanlar\u0131 \u00fcz\u00fclecek<br \/>\nDostlar\u0131 sevinecek.<br \/>\nS\u00fcleyman Ulut\u00fcrk<\/p>","protected":false},"excerpt":{"rendered":"<p>ALTIN G\u00dcNE\u015e \u015eurada biraz uzakta Alt\u0131n G\u00fcne\u015f var ufukta Y\u0131k\u0131ld\u0131 b\u00fct\u00fcn barikat Ortaya \u00e7\u0131kt\u0131 hakikat Alt\u0131n G\u00fcne\u015f b\u00fct\u00fcn do\u011fdu Yeni bir d\u00fcnya kuruldu G\u00fcne\u015fin o\u011flu G\u00fcne\u015f\u2019i buldu Kaybolan saltanata kondu Boyun e\u011fdi c\u00fcce devler \u00d6p\u00fcld\u00fc alt\u0131n eller G\u00fcne\u015f\u2019in o\u011flu s\u00f6yleyecek B\u00fct\u00fcn d\u00fcnya dinleyecek Durdu\u011funda duracak Vurdu\u011funda vuracak D\u00fc\u015fmanlar\u0131 \u00fcz\u00fclecek Dostlar\u0131 sevinecek. S\u00fcleyman Ulut\u00fcrk<\/p>","protected":false},"featured_media":6865,"comment_status":"closed","ping_status":"open","template":"","meta":{"inline_featured_image":false},"product_cat":[1020,1019],"product_tag":[],"class_list":{"0":"post-6864","1":"product","2":"type-product","3":"status-publish","4":"has-post-thumbnail","6":"product_cat-siir","7":"product_cat-edebiyat","8":"pa_boyut-135-x-195-cm","9":"pa_dil-turkce","10":"pa_sayfa-sayisi-1473","11":"pa_yayin-tarihi-2-12-2024","12":"pa_yazar-suleyman-uluturk","14":"first","15":"instock","16":"sale","17":"purchasable","18":"product-type-simple"},"_links":{"self":[{"href":"http:\/\/www.arkaraf.com\/en\/wp-json\/wp\/v2\/product\/6864","targetHints":{"allow":["GET"]}}],"collection":[{"href":"http:\/\/www.arkaraf.com\/en\/wp-json\/wp\/v2\/product"}],"about":[{"href":"http:\/\/www.arkaraf.com\/en\/wp-json\/wp\/v2\/types\/product"}],"replies":[{"embeddable":true,"href":"http:\/\/www.arkaraf.com\/en\/wp-json\/wp\/v2\/comments?post=6864"}],"wp:featuredmedia":[{"embeddable":true,"href":"http:\/\/www.arkaraf.com\/en\/wp-json\/wp\/v2\/media\/6865"}],"wp:attachment":[{"href":"http:\/\/www.arkaraf.com\/en\/wp-json\/wp\/v2\/media?parent=6864"}],"wp:term":[{"taxonomy":"product_cat","embeddable":true,"href":"http:\/\/www.arkaraf.com\/en\/wp-json\/wp\/v2\/product_cat?post=6864"},{"taxonomy":"product_tag","embeddable":true,"href":"http:\/\/www.arkaraf.com\/en\/wp-json\/wp\/v2\/product_tag?post=6864"}],"curies":[{"name":"wp","href":"https:\/\/api.w.org\/{rel}","templated":true}]}}