{"id":6860,"date":"2025-10-16T12:06:55","date_gmt":"2025-10-16T09:06:55","guid":{"rendered":"http:\/\/www.arkaraf.com\/kitap\/balimsin-benim-goksun-ozcelik"},"modified":"2025-10-16T12:07:47","modified_gmt":"2025-10-16T09:07:47","slug":"balimsin-benim-goksun-ozcelik","status":"publish","type":"product","link":"http:\/\/www.arkaraf.com\/en\/kitap\/balimsin-benim-goksun-ozcelik","title":{"rendered":"Bal\u0131ms\u0131n Benim &#8211; G\u00f6ksun \u00d6z\u00e7elik"},"content":{"rendered":"<div class=\"phenom-desc\">\n<div class=\"comment-container\">\n<div class=\"action-comment can-view-video markeddown js-comment is-comments-rewrite\" dir=\"auto\">\n<div class=\"current-comment js-friendly-links js-open-card\">\n<p>\u015eiir a\u015fkt\u0131r, \u015fiir sevda\u2026 Bazen bir tatl\u0131 bak\u0131\u015ft\u0131r \u015fiir, bazen de bir yakar\u0131\u015f. Kopar g\u00f6n\u00fclden na\u011fme na\u011fme. Kimi zaman g\u00f6zya\u015f\u0131yla s\u00fcslenir kimi zaman da en g\u00fczel \u015fark\u0131 olur, bestelenir. Kelimeler raks eder en g\u00fczel h\u00e2liyle, amac\u0131m\u0131z ortak olmak duygulara g\u00f6n\u00fcl diliyle\u2026<\/p>\n<\/div>\n<\/div>\n<\/div>\n<\/div>","protected":false},"excerpt":{"rendered":"<p>\u015eiir a\u015fkt\u0131r, \u015fiir sevda\u2026 Bazen bir tatl\u0131 bak\u0131\u015ft\u0131r \u015fiir, bazen de bir yakar\u0131\u015f. Kopar g\u00f6n\u00fclden na\u011fme na\u011fme. Kimi zaman g\u00f6zya\u015f\u0131yla s\u00fcslenir kimi zaman da en g\u00fczel \u015fark\u0131 olur, bestelenir. Kelimeler raks eder en g\u00fczel h\u00e2liyle, amac\u0131m\u0131z ortak olmak duygulara g\u00f6n\u00fcl diliyle\u2026<\/p>","protected":false},"featured_media":6861,"comment_status":"closed","ping_status":"open","template":"","meta":{"inline_featured_image":false},"product_cat":[1020,1019],"product_tag":[],"class_list":{"0":"post-6860","1":"product","2":"type-product","3":"status-publish","4":"has-post-thumbnail","6":"product_cat-siir","7":"product_cat-edebiyat","8":"pa_boyut-135-x-195-cm","9":"pa_dil-turkce","10":"pa_sayfa-sayisi-572","11":"pa_yayin-tarihi-2-2-2024","12":"pa_yazar-goksun-ozcelik","14":"first","15":"instock","16":"sale","17":"purchasable","18":"product-type-simple"},"_links":{"self":[{"href":"http:\/\/www.arkaraf.com\/en\/wp-json\/wp\/v2\/product\/6860","targetHints":{"allow":["GET"]}}],"collection":[{"href":"http:\/\/www.arkaraf.com\/en\/wp-json\/wp\/v2\/product"}],"about":[{"href":"http:\/\/www.arkaraf.com\/en\/wp-json\/wp\/v2\/types\/product"}],"replies":[{"embeddable":true,"href":"http:\/\/www.arkaraf.com\/en\/wp-json\/wp\/v2\/comments?post=6860"}],"wp:featuredmedia":[{"embeddable":true,"href":"http:\/\/www.arkaraf.com\/en\/wp-json\/wp\/v2\/media\/6861"}],"wp:attachment":[{"href":"http:\/\/www.arkaraf.com\/en\/wp-json\/wp\/v2\/media?parent=6860"}],"wp:term":[{"taxonomy":"product_cat","embeddable":true,"href":"http:\/\/www.arkaraf.com\/en\/wp-json\/wp\/v2\/product_cat?post=6860"},{"taxonomy":"product_tag","embeddable":true,"href":"http:\/\/www.arkaraf.com\/en\/wp-json\/wp\/v2\/product_tag?post=6860"}],"curies":[{"name":"wp","href":"https:\/\/api.w.org\/{rel}","templated":true}]}}