{"id":6850,"date":"2025-10-16T12:06:55","date_gmt":"2025-10-16T09:06:55","guid":{"rendered":"http:\/\/www.arkaraf.com\/kitap\/edepli-yuregin-siirleri-seyithan-guney-celikbas"},"modified":"2025-10-16T12:07:29","modified_gmt":"2025-10-16T09:07:29","slug":"edepli-yuregin-siirleri-seyithan-guney-celikbas","status":"publish","type":"product","link":"http:\/\/www.arkaraf.com\/en\/kitap\/edepli-yuregin-siirleri-seyithan-guney-celikbas","title":{"rendered":"Edepli Y\u00fcre\u011fin \u015eiirleri &#8211; Seyithan G\u00fcney \u00c7elikba\u015f"},"content":{"rendered":"<p>Y\u0131llar\u0131 eskitmi\u015fim kalbimdeki sevginle,<br \/>\nNice hasretleri nice g\u00f6zya\u015flar\u0131n\u0131 b\u0131rakm\u0131\u015f\u0131m geride,<br \/>\n\u00c7ok mevsimler gelip ge\u00e7ti sensizlikle&#8230;<br \/>\nBir bilsen ne de \u00e7ok yaprak d\u00f6kt\u00fcm, g\u00fcne\u015f u\u011framad\u0131 g\u00f6ky\u00fcz\u00fcme&#8230;<br \/>\nYaln\u0131zl\u0131\u011f\u0131m\u0131n konaklayan tek misafiriydi k\u0131\u015f,<br \/>\nAyaz r\u00fczgarlar\u0131 hi\u00e7 eksilmedi i\u00e7imde&#8230;<br \/>\nSensizli\u011fin kederi derin bir yara a\u00e7t\u0131 y\u00fcre\u011fime,<br \/>\nY\u00fcre\u011fimin edebi izin verse bir d\u00fczine laf s\u00f6yleyece\u011fim sensizli\u011fe&#8230;<br \/>\n\u015eimdi g\u00f6kdelenlerin aras\u0131nda bir gece kondu misalidir y\u00fcre\u011fim.<br \/>\nYoklu\u011funun sulusepken ya\u011fmurlar\u0131 d\u00fc\u015fer y\u00fcre\u011fimin k\u0131r\u0131lm\u0131\u015f \u00e7at\u0131s\u0131ndan i\u00e7ime&#8230;<br \/>\nSarar\u0131m delinmi\u015f y\u00fcre\u011fimi sevginle&#8230;<br \/>\nUykusuz gecelerimin izleri duruyor yorgun g\u00f6zlerimde,<br \/>\nSeni her d\u00fc\u015fledi\u011fim de a\u015fk\u0131m\u0131n teri d\u00fc\u015fer y\u00fcre\u011fime&#8230;<br \/>\n\u0130nsan y\u00fcre\u011fide terlermi\u015f, ya\u015fad\u0131m bunun seninle&#8230;<br \/>\nSen ge\u00e7mi\u015fim, sen hasretim, sen bekledi\u011fimsin.<br \/>\nHasretler, \u00f6zlemler, beklemeler ve sevmeler emek ister .<br \/>\nSen benim Edepli y\u00fcre\u011fimin teri, s\u00f6z\u00fc, \u015fiiri,<br \/>\nSen benim eme\u011fimsin..<\/p>\n<p><em>Seyithan G\u00fcney \u00c7elikba\u015f<\/em><\/p>","protected":false},"excerpt":{"rendered":"<p>Y\u0131llar\u0131 eskitmi\u015fim kalbimdeki sevginle, Nice hasretleri nice g\u00f6zya\u015flar\u0131n\u0131 b\u0131rakm\u0131\u015f\u0131m geride, \u00c7ok mevsimler gelip ge\u00e7ti sensizlikle&#8230; Bir bilsen ne de \u00e7ok yaprak d\u00f6kt\u00fcm, g\u00fcne\u015f u\u011framad\u0131 g\u00f6ky\u00fcz\u00fcme&#8230; Yaln\u0131zl\u0131\u011f\u0131m\u0131n konaklayan tek misafiriydi k\u0131\u015f, Ayaz r\u00fczgarlar\u0131 hi\u00e7 eksilmedi i\u00e7imde&#8230; Sensizli\u011fin kederi derin bir yara a\u00e7t\u0131 y\u00fcre\u011fime, Y\u00fcre\u011fimin edebi izin verse bir d\u00fczine laf s\u00f6yleyece\u011fim sensizli\u011fe&#8230; \u015eimdi g\u00f6kdelenlerin aras\u0131nda bir [&hellip;]<\/p>\n","protected":false},"featured_media":6851,"comment_status":"closed","ping_status":"open","template":"","meta":{"inline_featured_image":false},"product_cat":[1020,1019],"product_tag":[],"class_list":{"0":"post-6850","1":"product","2":"type-product","3":"status-publish","4":"has-post-thumbnail","6":"product_cat-siir","7":"product_cat-edebiyat","8":"pa_boyut-135-x-195-cm","9":"pa_dil-turkce","10":"pa_sayfa-sayisi-1177","11":"pa_yayin-tarihi-1-12-2024","12":"pa_yazar-seyithan-guney-celikbas","14":"first","15":"instock","16":"sale","17":"purchasable","18":"product-type-simple"},"_links":{"self":[{"href":"http:\/\/www.arkaraf.com\/en\/wp-json\/wp\/v2\/product\/6850","targetHints":{"allow":["GET"]}}],"collection":[{"href":"http:\/\/www.arkaraf.com\/en\/wp-json\/wp\/v2\/product"}],"about":[{"href":"http:\/\/www.arkaraf.com\/en\/wp-json\/wp\/v2\/types\/product"}],"replies":[{"embeddable":true,"href":"http:\/\/www.arkaraf.com\/en\/wp-json\/wp\/v2\/comments?post=6850"}],"wp:featuredmedia":[{"embeddable":true,"href":"http:\/\/www.arkaraf.com\/en\/wp-json\/wp\/v2\/media\/6851"}],"wp:attachment":[{"href":"http:\/\/www.arkaraf.com\/en\/wp-json\/wp\/v2\/media?parent=6850"}],"wp:term":[{"taxonomy":"product_cat","embeddable":true,"href":"http:\/\/www.arkaraf.com\/en\/wp-json\/wp\/v2\/product_cat?post=6850"},{"taxonomy":"product_tag","embeddable":true,"href":"http:\/\/www.arkaraf.com\/en\/wp-json\/wp\/v2\/product_tag?post=6850"}],"curies":[{"name":"wp","href":"https:\/\/api.w.org\/{rel}","templated":true}]}}