{"id":6846,"date":"2025-10-16T12:06:55","date_gmt":"2025-10-16T09:06:55","guid":{"rendered":"http:\/\/www.arkaraf.com\/kitap\/yorgun-sair-ebedin-erdem"},"modified":"2025-10-16T12:07:22","modified_gmt":"2025-10-16T09:07:22","slug":"yorgun-sair-ebedin-erdem","status":"publish","type":"product","link":"http:\/\/www.arkaraf.com\/en\/kitap\/yorgun-sair-ebedin-erdem","title":{"rendered":"Yorgun \u015eair &#8211; Ebedin Erdem"},"content":{"rendered":"<p>\u0130NSANSAN YORULURSUN<\/p>\n<p>Yorgunlu\u011fun tarifi mi?<br \/>\nSevda yorar, insanlar yorar<br \/>\nYorulursun\u2026<br \/>\nBazen ta\u015f\u0131d\u0131\u011f\u0131n \u00fc\u00e7 ekmek a\u011f\u0131r gelir<br \/>\nBazen bir kilometrelik yolda nefes nefese kal\u0131rs\u0131n<br \/>\nBazen de b\u0131\u00e7ak a\u00e7maz a\u011fz\u0131n\u0131, konu\u015fmak yorar<br \/>\nYorar y\u00fcr\u00fcd\u00fc\u011f\u00fcn yol<br \/>\n\u0130\u00e7ti\u011fin sigara, i\u00e7ti\u011fin \u00e7ay,<br \/>\nYedi\u011fin yemek,<br \/>\nDinledi\u011fin bir ezgi yorar insan\u0131<br \/>\nNefessiz kal\u0131rs\u0131n, kimse duymaz \u00e7\u0131\u011fl\u0131\u011f\u0131n\u0131<br \/>\nBazen okudu\u011fun, ald\u0131\u011f\u0131n bir haber yorar<br \/>\nYorar, yorar, yorar insan\u0131\u2026<br \/>\n\u0130nsansan yorulursun!<\/p>","protected":false},"excerpt":{"rendered":"<p>\u0130NSANSAN YORULURSUN Yorgunlu\u011fun tarifi mi? Sevda yorar, insanlar yorar Yorulursun\u2026 Bazen ta\u015f\u0131d\u0131\u011f\u0131n \u00fc\u00e7 ekmek a\u011f\u0131r gelir Bazen bir kilometrelik yolda nefes nefese kal\u0131rs\u0131n Bazen de b\u0131\u00e7ak a\u00e7maz a\u011fz\u0131n\u0131, konu\u015fmak yorar Yorar y\u00fcr\u00fcd\u00fc\u011f\u00fcn yol \u0130\u00e7ti\u011fin sigara, i\u00e7ti\u011fin \u00e7ay, Yedi\u011fin yemek, Dinledi\u011fin bir ezgi yorar insan\u0131 Nefessiz kal\u0131rs\u0131n, kimse duymaz \u00e7\u0131\u011fl\u0131\u011f\u0131n\u0131 Bazen okudu\u011fun, ald\u0131\u011f\u0131n bir haber yorar [&hellip;]<\/p>\n","protected":false},"featured_media":6847,"comment_status":"closed","ping_status":"open","template":"","meta":{"inline_featured_image":false},"product_cat":[1020,1019],"product_tag":[],"class_list":{"0":"post-6846","1":"product","2":"type-product","3":"status-publish","4":"has-post-thumbnail","6":"product_cat-siir","7":"product_cat-edebiyat","8":"pa_boyut-135-x-195-cm","9":"pa_dil-turkce","10":"pa_sayfa-sayisi-347","11":"pa_yayin-tarihi-3-15-2024","12":"pa_yazar-ebedin-erdem","14":"first","15":"instock","16":"sale","17":"purchasable","18":"product-type-simple"},"_links":{"self":[{"href":"http:\/\/www.arkaraf.com\/en\/wp-json\/wp\/v2\/product\/6846","targetHints":{"allow":["GET"]}}],"collection":[{"href":"http:\/\/www.arkaraf.com\/en\/wp-json\/wp\/v2\/product"}],"about":[{"href":"http:\/\/www.arkaraf.com\/en\/wp-json\/wp\/v2\/types\/product"}],"replies":[{"embeddable":true,"href":"http:\/\/www.arkaraf.com\/en\/wp-json\/wp\/v2\/comments?post=6846"}],"wp:featuredmedia":[{"embeddable":true,"href":"http:\/\/www.arkaraf.com\/en\/wp-json\/wp\/v2\/media\/6847"}],"wp:attachment":[{"href":"http:\/\/www.arkaraf.com\/en\/wp-json\/wp\/v2\/media?parent=6846"}],"wp:term":[{"taxonomy":"product_cat","embeddable":true,"href":"http:\/\/www.arkaraf.com\/en\/wp-json\/wp\/v2\/product_cat?post=6846"},{"taxonomy":"product_tag","embeddable":true,"href":"http:\/\/www.arkaraf.com\/en\/wp-json\/wp\/v2\/product_tag?post=6846"}],"curies":[{"name":"wp","href":"https:\/\/api.w.org\/{rel}","templated":true}]}}