{"id":6836,"date":"2025-10-16T12:06:55","date_gmt":"2025-10-16T09:06:55","guid":{"rendered":"http:\/\/www.arkaraf.com\/kitap\/sakli-hazine-hayat-agaci-yasemin-ak"},"modified":"2025-10-16T12:07:08","modified_gmt":"2025-10-16T09:07:08","slug":"sakli-hazine-hayat-agaci-yasemin-ak","status":"publish","type":"product","link":"http:\/\/www.arkaraf.com\/en\/kitap\/sakli-hazine-hayat-agaci-yasemin-ak","title":{"rendered":"Sakl\u0131 Hazine &#8211; Hayat A\u011fac\u0131 &#8211; Yasemin Ak"},"content":{"rendered":"<p>T\u00fcrk s\u00f6ylencesini\u00f1 Anadolu kahramanlar\u0131 ile harmanland\u0131\u011f\u0131 Sakl\u0131 Hazine dizisini\u00f1 Hayat A\u011fac\u0131 adl\u0131 ikinci kitab\u0131nda macera kald\u0131\u011f\u0131 y\u00e9rden s\u00fcr\u00fcyor. Kaml\u0131\u011f\u0131n egemen oldu\u011fu bu evrende Yada Ta\u015f\u0131&#8217;n\u0131\u00f1 g\u00fcc\u00fcn\u00fc elde \u00e9tme \u00e7abas\u0131n\u0131 ak\u0131c\u0131 bir dille okumaktay\u0131z. Erlik Han&#8217;a kar\u015f\u0131 b\u00fcy\u00fck bir m\u00fccadele v\u00e9ren kahramanlar\u0131m\u0131z\u0131\u00f1 fantastik \u00f6yk\u00fcs\u00fc, okuru ba\u015fka bir boyutta yolculu\u011fa \u00e7\u0131kar\u0131yor. Bu yolculukta okura Umay, Kibele, Lilith, \u015eahmeran, Z\u00fcmr\u00fcd\u00fc Anka gibi ba\u015frol oyuncular\u0131 \u00e9\u015flik \u00e9tmektedir. Hayat A\u011fac\u0131&#8217;na eri\u015fmek i\u00e7in t\u00fcrl\u00fc s\u0131navlardan g\u00e9\u00e7en kahramanlar\u0131\u00f1 tepkileri \u00fczerinden yazar\u0131\u00f1 duygusal \u00e7\u00f6z\u00fcmlemeleri her b\u00f6l\u00fcmde ilgi \u00e7ekmektedir. Kitab\u0131\u00f1 so\u00f1una gelindi\u011finde ise okurlar\u0131\u00f1 bir yar\u0131m kalm\u0131\u015fl\u0131k duygusuna kap\u0131lacaklar\u0131n\u0131 b\u00e9lirtebiliriz. Bu da \u00fc\u00e7\u00fcnc\u00fc kitab\u0131 okuma duygusunu uyand\u0131rmaktad\u0131r.<\/p>","protected":false},"excerpt":{"rendered":"<p>T\u00fcrk s\u00f6ylencesini\u00f1 Anadolu kahramanlar\u0131 ile harmanland\u0131\u011f\u0131 Sakl\u0131 Hazine dizisini\u00f1 Hayat A\u011fac\u0131 adl\u0131 ikinci kitab\u0131nda macera kald\u0131\u011f\u0131 y\u00e9rden s\u00fcr\u00fcyor. Kaml\u0131\u011f\u0131n egemen oldu\u011fu bu evrende Yada Ta\u015f\u0131&#8217;n\u0131\u00f1 g\u00fcc\u00fcn\u00fc elde \u00e9tme \u00e7abas\u0131n\u0131 ak\u0131c\u0131 bir dille okumaktay\u0131z. Erlik Han&#8217;a kar\u015f\u0131 b\u00fcy\u00fck bir m\u00fccadele v\u00e9ren kahramanlar\u0131m\u0131z\u0131\u00f1 fantastik \u00f6yk\u00fcs\u00fc, okuru ba\u015fka bir boyutta yolculu\u011fa \u00e7\u0131kar\u0131yor. Bu yolculukta okura Umay, Kibele, Lilith, [&hellip;]<\/p>\n","protected":false},"featured_media":6837,"comment_status":"closed","ping_status":"open","template":"","meta":{"inline_featured_image":false},"product_cat":[1019,1033],"product_tag":[],"class_list":{"0":"post-6836","1":"product","2":"type-product","3":"status-publish","4":"has-post-thumbnail","6":"product_cat-edebiyat","7":"product_cat-roman","8":"pa_boyut-135-x-195-cm","9":"pa_dil-turkce","10":"pa_sayfa-sayisi-1454","11":"pa_yayin-tarihi-1-2-2024","12":"pa_yazar-yasemin-ak","14":"first","15":"instock","16":"sale","17":"purchasable","18":"product-type-simple"},"_links":{"self":[{"href":"http:\/\/www.arkaraf.com\/en\/wp-json\/wp\/v2\/product\/6836","targetHints":{"allow":["GET"]}}],"collection":[{"href":"http:\/\/www.arkaraf.com\/en\/wp-json\/wp\/v2\/product"}],"about":[{"href":"http:\/\/www.arkaraf.com\/en\/wp-json\/wp\/v2\/types\/product"}],"replies":[{"embeddable":true,"href":"http:\/\/www.arkaraf.com\/en\/wp-json\/wp\/v2\/comments?post=6836"}],"wp:featuredmedia":[{"embeddable":true,"href":"http:\/\/www.arkaraf.com\/en\/wp-json\/wp\/v2\/media\/6837"}],"wp:attachment":[{"href":"http:\/\/www.arkaraf.com\/en\/wp-json\/wp\/v2\/media?parent=6836"}],"wp:term":[{"taxonomy":"product_cat","embeddable":true,"href":"http:\/\/www.arkaraf.com\/en\/wp-json\/wp\/v2\/product_cat?post=6836"},{"taxonomy":"product_tag","embeddable":true,"href":"http:\/\/www.arkaraf.com\/en\/wp-json\/wp\/v2\/product_tag?post=6836"}],"curies":[{"name":"wp","href":"https:\/\/api.w.org\/{rel}","templated":true}]}}