{"id":6828,"date":"2025-10-16T12:06:55","date_gmt":"2025-10-16T09:06:55","guid":{"rendered":"http:\/\/www.arkaraf.com\/kitap\/yarim-aska-tam-gonul-olcay-gunay"},"modified":"2025-10-16T12:06:55","modified_gmt":"2025-10-16T09:06:55","slug":"yarim-aska-tam-gonul-olcay-gunay","status":"publish","type":"product","link":"http:\/\/www.arkaraf.com\/en\/kitap\/yarim-aska-tam-gonul-olcay-gunay","title":{"rendered":"Yar\u0131m A\u015fka Tam G\u00f6n\u00fcl &#8211; Olcay G\u00fcnay"},"content":{"rendered":"<div class=\"comment-container\">\n<div class=\"action-comment can-view-video markeddown js-comment is-comments-rewrite\" dir=\"auto\">\n<div class=\"current-comment js-friendly-links js-open-card\">\n<p><em>Umutlar\u0131n ard\u0131ndan tan\u0131ms\u0131z bir mutluluk ya\u015f\u0131yorsan ad\u0131 a\u015fkt\u0131r.<\/em><br \/>\n<em>S\u0131k\u0131lmadan, usanmadan g\u00f6zlerine bak\u0131p g\u00fclebiliyorsan ad\u0131 sevdad\u0131r.<\/em><br \/>\n<em>Bakt\u0131\u011f\u0131n g\u00f6zlerde kendini g\u00f6remeyip sab\u0131rla bakmaya devam ediyorsan ad\u0131 yar\u0131m a\u015fka tam g\u00f6n\u00fcld\u00fcr.<\/em><\/p>\n<p><em><strong>SEN<\/strong><\/em><br \/>\n<em>Seni avucumun i\u00e7i gibi bilirdim.<\/em><br \/>\n<em>Nefesini, hevesini ensemde hissederdim.<\/em><br \/>\n<em>Uzak kal\u0131rd\u0131m, yak\u0131nl\u0131k duyard\u0131m.<\/em><br \/>\n<em>Ve g\u00f6z\u00fc kapal\u0131 kokunu arard\u0131m.<\/em><br \/>\n<em>Ve seni kokundan tan\u0131rd\u0131m.<\/em><br \/>\n<em>Ve \u015fimdi anl\u0131yorum ki<\/em><br \/>\n<em>G\u00f6zlerim titrek, bak\u0131\u015flar \u00fcrkek,<\/em><br \/>\n<em>Ellerim so\u011fuk ve nas\u0131rl\u0131,<\/em><br \/>\n<em>Ve \u00e7ok iyi tan\u0131d\u0131\u011f\u0131m, bildi\u011fim<\/em><br \/>\n<em>Avu\u00e7lar\u0131mdaki nas\u0131rm\u0131\u015f, zavall\u0131ym\u0131\u015f, elimin kiriymi\u015f&#8230;<\/em><\/p>\n<\/div>\n<\/div>\n<\/div>","protected":false},"excerpt":{"rendered":"<p>Umutlar\u0131n ard\u0131ndan tan\u0131ms\u0131z bir mutluluk ya\u015f\u0131yorsan ad\u0131 a\u015fkt\u0131r. S\u0131k\u0131lmadan, usanmadan g\u00f6zlerine bak\u0131p g\u00fclebiliyorsan ad\u0131 sevdad\u0131r. Bakt\u0131\u011f\u0131n g\u00f6zlerde kendini g\u00f6remeyip sab\u0131rla bakmaya devam ediyorsan ad\u0131 yar\u0131m a\u015fka tam g\u00f6n\u00fcld\u00fcr. SEN Seni avucumun i\u00e7i gibi bilirdim. Nefesini, hevesini ensemde hissederdim. Uzak kal\u0131rd\u0131m, yak\u0131nl\u0131k duyard\u0131m. Ve g\u00f6z\u00fc kapal\u0131 kokunu arard\u0131m. Ve seni kokundan tan\u0131rd\u0131m. Ve \u015fimdi anl\u0131yorum ki [&hellip;]<\/p>\n","protected":false},"featured_media":6829,"comment_status":"closed","ping_status":"open","template":"","meta":{"inline_featured_image":false},"product_cat":[1020,1019],"product_tag":[],"class_list":{"0":"post-6828","1":"product","2":"type-product","3":"status-publish","4":"has-post-thumbnail","6":"product_cat-siir","7":"product_cat-edebiyat","8":"pa_boyut-135-x-195-cm","9":"pa_dil-turkce","10":"pa_sayfa-sayisi-1175","11":"pa_yayin-tarihi-12-20-2023","12":"pa_yazar-olcay-gunay","14":"first","15":"instock","16":"sale","17":"purchasable","18":"product-type-simple"},"_links":{"self":[{"href":"http:\/\/www.arkaraf.com\/en\/wp-json\/wp\/v2\/product\/6828","targetHints":{"allow":["GET"]}}],"collection":[{"href":"http:\/\/www.arkaraf.com\/en\/wp-json\/wp\/v2\/product"}],"about":[{"href":"http:\/\/www.arkaraf.com\/en\/wp-json\/wp\/v2\/types\/product"}],"replies":[{"embeddable":true,"href":"http:\/\/www.arkaraf.com\/en\/wp-json\/wp\/v2\/comments?post=6828"}],"wp:featuredmedia":[{"embeddable":true,"href":"http:\/\/www.arkaraf.com\/en\/wp-json\/wp\/v2\/media\/6829"}],"wp:attachment":[{"href":"http:\/\/www.arkaraf.com\/en\/wp-json\/wp\/v2\/media?parent=6828"}],"wp:term":[{"taxonomy":"product_cat","embeddable":true,"href":"http:\/\/www.arkaraf.com\/en\/wp-json\/wp\/v2\/product_cat?post=6828"},{"taxonomy":"product_tag","embeddable":true,"href":"http:\/\/www.arkaraf.com\/en\/wp-json\/wp\/v2\/product_tag?post=6828"}],"curies":[{"name":"wp","href":"https:\/\/api.w.org\/{rel}","templated":true}]}}