{"id":6822,"date":"2025-10-16T12:05:50","date_gmt":"2025-10-16T09:05:50","guid":{"rendered":"http:\/\/www.arkaraf.com\/kitap\/mecburiyet-caddesi-orhan-tahiroglu"},"modified":"2025-10-16T12:06:42","modified_gmt":"2025-10-16T09:06:42","slug":"mecburiyet-caddesi-orhan-tahiroglu","status":"publish","type":"product","link":"http:\/\/www.arkaraf.com\/en\/kitap\/mecburiyet-caddesi-orhan-tahiroglu","title":{"rendered":"Mecburiyet Caddesi &#8211; Orhan Tahiro\u011flu"},"content":{"rendered":"<p>Xwe\u015f\u00ee nema<br \/>\nJi ber zarokan<br \/>\n\u00c7\u00fcmk\u00ee zarok dimir\u00een<br \/>\nDayik digir\u00een\u2026<\/p>\n<p>Sanmaki rahat\u0131m.<br \/>\nKeyifler s\u00fcr\u00fcyorum.<br \/>\n\u0130\u00e7erisindeyim keyiflerin,<br \/>\nSen bu kadar yokken!<br \/>\nBen var olabilir miydim?<\/p>","protected":false},"excerpt":{"rendered":"<p>Xwe\u015f\u00ee nema Ji ber zarokan \u00c7\u00fcmk\u00ee zarok dimir\u00een Dayik digir\u00een\u2026 Sanmaki rahat\u0131m. Keyifler s\u00fcr\u00fcyorum. \u0130\u00e7erisindeyim keyiflerin, Sen bu kadar yokken! Ben var olabilir miydim?<\/p>","protected":false},"featured_media":6823,"comment_status":"closed","ping_status":"open","template":"","meta":{"inline_featured_image":false},"product_cat":[1020,1019],"product_tag":[],"class_list":{"0":"post-6822","1":"product","2":"type-product","3":"status-publish","4":"has-post-thumbnail","6":"product_cat-siir","7":"product_cat-edebiyat","8":"pa_boyut-135-x-195-cm","9":"pa_dil-turkce","10":"pa_sayfa-sayisi-640","11":"pa_yayin-tarihi-12-4-2023","12":"pa_yazar-orhan-tahiroglu","14":"first","15":"instock","16":"sale","17":"purchasable","18":"product-type-simple"},"_links":{"self":[{"href":"http:\/\/www.arkaraf.com\/en\/wp-json\/wp\/v2\/product\/6822","targetHints":{"allow":["GET"]}}],"collection":[{"href":"http:\/\/www.arkaraf.com\/en\/wp-json\/wp\/v2\/product"}],"about":[{"href":"http:\/\/www.arkaraf.com\/en\/wp-json\/wp\/v2\/types\/product"}],"replies":[{"embeddable":true,"href":"http:\/\/www.arkaraf.com\/en\/wp-json\/wp\/v2\/comments?post=6822"}],"wp:featuredmedia":[{"embeddable":true,"href":"http:\/\/www.arkaraf.com\/en\/wp-json\/wp\/v2\/media\/6823"}],"wp:attachment":[{"href":"http:\/\/www.arkaraf.com\/en\/wp-json\/wp\/v2\/media?parent=6822"}],"wp:term":[{"taxonomy":"product_cat","embeddable":true,"href":"http:\/\/www.arkaraf.com\/en\/wp-json\/wp\/v2\/product_cat?post=6822"},{"taxonomy":"product_tag","embeddable":true,"href":"http:\/\/www.arkaraf.com\/en\/wp-json\/wp\/v2\/product_tag?post=6822"}],"curies":[{"name":"wp","href":"https:\/\/api.w.org\/{rel}","templated":true}]}}