{"id":6816,"date":"2025-10-16T12:05:50","date_gmt":"2025-10-16T09:05:50","guid":{"rendered":"http:\/\/www.arkaraf.com\/kitap\/dus-cikmazi-furkan-bartan"},"modified":"2025-10-16T12:06:38","modified_gmt":"2025-10-16T09:06:38","slug":"dus-cikmazi-furkan-bartan","status":"publish","type":"product","link":"http:\/\/www.arkaraf.com\/en\/kitap\/dus-cikmazi-furkan-bartan","title":{"rendered":"D\u00fc\u015f \u00c7\u0131kmaz\u0131 &#8211; Furkan Bartan"},"content":{"rendered":"<p>&#8220;Kaybedilen ve \u00f6zlenen ki\u015filerin ruhlar\u0131 her zaman yan\u0131n\u0131zda olur. Peki bu ruh kendinizinki ise yan\u0131n\u0131zda kim olur? &#8221;<\/p>\n<p>E\u011fer arad\u0131\u011f\u0131n\u0131z \u015fey bir kap\u0131ysa onu bulmak y\u0131llar s\u00fcrecektir. Fakat arad\u0131\u011f\u0131n\u0131z \u015fey bir anahtarsa o her an kar\u015f\u0131n\u0131za \u00e7\u0131kabilir.<\/p>\n<p>Artu\u00e7&#8217;un i\u00e7 d\u00fcnyas\u0131 ve d\u0131\u015f d\u00fcnyaya olan bak\u0131\u015f a\u00e7\u0131s\u0131 sizi uzun bir seyahatten al\u0131p oldu\u011funuz yerde sayman\u0131n ne oldu\u011funu g\u00f6sterecek. Bu say\u0131m anahtar\u0131n hayalini kurdu\u011funuzda bitecektir.<\/p>\n<p>Unutmay\u0131n ki sonsuz huzur sondad\u0131r son ise sizde.<\/p>","protected":false},"excerpt":{"rendered":"<p>&#8220;Kaybedilen ve \u00f6zlenen ki\u015filerin ruhlar\u0131 her zaman yan\u0131n\u0131zda olur. Peki bu ruh kendinizinki ise yan\u0131n\u0131zda kim olur? &#8221; E\u011fer arad\u0131\u011f\u0131n\u0131z \u015fey bir kap\u0131ysa onu bulmak y\u0131llar s\u00fcrecektir. Fakat arad\u0131\u011f\u0131n\u0131z \u015fey bir anahtarsa o her an kar\u015f\u0131n\u0131za \u00e7\u0131kabilir. Artu\u00e7&#8217;un i\u00e7 d\u00fcnyas\u0131 ve d\u0131\u015f d\u00fcnyaya olan bak\u0131\u015f a\u00e7\u0131s\u0131 sizi uzun bir seyahatten al\u0131p oldu\u011funuz yerde sayman\u0131n ne [&hellip;]<\/p>\n","protected":false},"featured_media":6817,"comment_status":"closed","ping_status":"open","template":"","meta":{"inline_featured_image":false},"product_cat":[1019,1033],"product_tag":[],"class_list":{"0":"post-6816","1":"product","2":"type-product","3":"status-publish","4":"has-post-thumbnail","6":"product_cat-edebiyat","7":"product_cat-roman","8":"pa_boyut-135-x-195-cm","9":"pa_dil-turkce","10":"pa_sayfa-sayisi-773","11":"pa_yayin-tarihi-10-30-2023","12":"pa_yazar-furkan-bartan","14":"first","15":"instock","16":"sale","17":"purchasable","18":"product-type-simple"},"_links":{"self":[{"href":"http:\/\/www.arkaraf.com\/en\/wp-json\/wp\/v2\/product\/6816","targetHints":{"allow":["GET"]}}],"collection":[{"href":"http:\/\/www.arkaraf.com\/en\/wp-json\/wp\/v2\/product"}],"about":[{"href":"http:\/\/www.arkaraf.com\/en\/wp-json\/wp\/v2\/types\/product"}],"replies":[{"embeddable":true,"href":"http:\/\/www.arkaraf.com\/en\/wp-json\/wp\/v2\/comments?post=6816"}],"wp:featuredmedia":[{"embeddable":true,"href":"http:\/\/www.arkaraf.com\/en\/wp-json\/wp\/v2\/media\/6817"}],"wp:attachment":[{"href":"http:\/\/www.arkaraf.com\/en\/wp-json\/wp\/v2\/media?parent=6816"}],"wp:term":[{"taxonomy":"product_cat","embeddable":true,"href":"http:\/\/www.arkaraf.com\/en\/wp-json\/wp\/v2\/product_cat?post=6816"},{"taxonomy":"product_tag","embeddable":true,"href":"http:\/\/www.arkaraf.com\/en\/wp-json\/wp\/v2\/product_tag?post=6816"}],"curies":[{"name":"wp","href":"https:\/\/api.w.org\/{rel}","templated":true}]}}