{"id":6812,"date":"2025-10-16T12:05:50","date_gmt":"2025-10-16T09:05:50","guid":{"rendered":"http:\/\/www.arkaraf.com\/kitap\/bi-gulsen-fatih-abbasoglu"},"modified":"2025-10-16T12:06:31","modified_gmt":"2025-10-16T09:06:31","slug":"bi-gulsen-fatih-abbasoglu","status":"publish","type":"product","link":"http:\/\/www.arkaraf.com\/en\/kitap\/bi-gulsen-fatih-abbasoglu","title":{"rendered":"Bi&#8217; G\u00fclsen &#8211; Fatih Abbaso\u011flu"},"content":{"rendered":"<p>\u201c<strong>Marifet \u0130ltifata T\u00e2b\u00ee<\/strong>\u201d imi\u015f\u2026<\/p>\n<p>Sat\u0131rlar\u0131n\u0131z her ne kadar sizin kaleminizden d\u00f6k\u00fcl\u00fcyorsa da onu taltif eden okuyucudur. Okuyucu, eserin te\u2019siriyle, ruh ve g\u00f6n\u00fcl d\u00fcnyas\u0131nda olu\u015fan duygularla eseri taltif eder. Yazar\u0131n marifeti, okuyucunun iltifat\u0131yla b\u00fct\u00fcnle\u015fti\u011finde ise, paha bi\u00e7ilmez bir eser h\u00e2s\u0131l olur. Duygular\u0131n sat\u0131c\u0131s\u0131 olmad\u0131\u011f\u0131 gibi, m\u00fc\u015fterisi de olmaz. Eser sahibi eserini icra eder, okuyucuyla payla\u015f\u0131r. Bu payla\u015f\u0131mdan da ancak baki kalan g\u00f6kkubede ho\u015f bir sad\u00e2 yank\u0131lan\u0131r.<\/p>\n<p>\u015eairin ruhu, duygu d\u00fcnyas\u0131 medcezir gibidir. Dolunay\u0131n g\u00f6n\u00fcl d\u00fcnyas\u0131n\u0131 \u00e7epe\u00e7evre sard\u0131\u011f\u0131 anda huzur deryas\u0131nda bulur kendini. Ne var ki g\u00f6zlerini bir an a\u00e7\u0131p bakacak olsa ruh ikliminden ta\u015fan kasvet denizinin dalgalar\u0131yla bo\u011fu\u015fur halde bulur. \u015eair, kendisine bi\u00e7ilen \u00f6mr\u00fcn\u00fcn hemen her evresinde bu gel-gitleri ya\u015far ve gayriihtiyari okuyucuya ya\u015fat\u0131r. Bazen bir z\u00fcmr\u00fct ye\u015filinde bahara kavu\u015fur, bazen bir yakut k\u0131rm\u0131z\u0131s\u0131 g\u00f6zlerini mesken tutar. Yazar, siler, pi\u015fman olur tekrar yazar. Hep yazmakla me\u015fguld\u00fcr. Belki de sat\u0131rlar onu ilanihaye kendine mahk\u00fbm etmi\u015ftir. Yaz\u0131l\u0131p, bir daha geri gelmemek \u00fczere silinen be\u015f y\u00fcz\u00fc a\u015fk\u0131n \u015fiirimden size sunabildiklerim bu eserdedir. \u015eiirle kal\u0131n\u2026<\/p>","protected":false},"excerpt":{"rendered":"<p>\u201cMarifet \u0130ltifata T\u00e2b\u00ee\u201d imi\u015f\u2026 Sat\u0131rlar\u0131n\u0131z her ne kadar sizin kaleminizden d\u00f6k\u00fcl\u00fcyorsa da onu taltif eden okuyucudur. Okuyucu, eserin te\u2019siriyle, ruh ve g\u00f6n\u00fcl d\u00fcnyas\u0131nda olu\u015fan duygularla eseri taltif eder. Yazar\u0131n marifeti, okuyucunun iltifat\u0131yla b\u00fct\u00fcnle\u015fti\u011finde ise, paha bi\u00e7ilmez bir eser h\u00e2s\u0131l olur. Duygular\u0131n sat\u0131c\u0131s\u0131 olmad\u0131\u011f\u0131 gibi, m\u00fc\u015fterisi de olmaz. Eser sahibi eserini icra eder, okuyucuyla payla\u015f\u0131r. Bu [&hellip;]<\/p>\n","protected":false},"featured_media":6813,"comment_status":"closed","ping_status":"open","template":"","meta":{"inline_featured_image":false},"product_cat":[1020,1019],"product_tag":[],"class_list":{"0":"post-6812","1":"product","2":"type-product","3":"status-publish","4":"has-post-thumbnail","6":"product_cat-siir","7":"product_cat-edebiyat","8":"pa_boyut-135-x-195-cm","9":"pa_dil-turkce","10":"pa_sayfa-sayisi-1332","11":"pa_yayin-tarihi-10-30-2023","12":"pa_yazar-fatih-abbasoglu","14":"first","15":"instock","16":"sale","17":"purchasable","18":"product-type-simple"},"_links":{"self":[{"href":"http:\/\/www.arkaraf.com\/en\/wp-json\/wp\/v2\/product\/6812","targetHints":{"allow":["GET"]}}],"collection":[{"href":"http:\/\/www.arkaraf.com\/en\/wp-json\/wp\/v2\/product"}],"about":[{"href":"http:\/\/www.arkaraf.com\/en\/wp-json\/wp\/v2\/types\/product"}],"replies":[{"embeddable":true,"href":"http:\/\/www.arkaraf.com\/en\/wp-json\/wp\/v2\/comments?post=6812"}],"wp:featuredmedia":[{"embeddable":true,"href":"http:\/\/www.arkaraf.com\/en\/wp-json\/wp\/v2\/media\/6813"}],"wp:attachment":[{"href":"http:\/\/www.arkaraf.com\/en\/wp-json\/wp\/v2\/media?parent=6812"}],"wp:term":[{"taxonomy":"product_cat","embeddable":true,"href":"http:\/\/www.arkaraf.com\/en\/wp-json\/wp\/v2\/product_cat?post=6812"},{"taxonomy":"product_tag","embeddable":true,"href":"http:\/\/www.arkaraf.com\/en\/wp-json\/wp\/v2\/product_tag?post=6812"}],"curies":[{"name":"wp","href":"https:\/\/api.w.org\/{rel}","templated":true}]}}