{"id":6804,"date":"2025-10-16T12:05:50","date_gmt":"2025-10-16T09:05:50","guid":{"rendered":"http:\/\/www.arkaraf.com\/kitap\/1-kadin-1-ayna-1-adam-1000-yalan-1-olum-sezer-guler"},"modified":"2025-10-16T12:06:17","modified_gmt":"2025-10-16T09:06:17","slug":"1-kadin-1-ayna-1-adam-1000-yalan-1-olum-sezer-guler","status":"publish","type":"product","link":"http:\/\/www.arkaraf.com\/en\/kitap\/1-kadin-1-ayna-1-adam-1000-yalan-1-olum-sezer-guler","title":{"rendered":"1 Kad\u0131n 1 Ayna 1 Adam 1000 Yalan 1 \u00d6l\u00fcm &#8211; Sezer G\u00fcler"},"content":{"rendered":"<div class=\"comment-container\">\n<div class=\"action-comment can-view-video markeddown js-comment is-comments-rewrite\" dir=\"auto\">\n<div class=\"current-comment js-friendly-links js-open-card\">\n<p>Biraz da senden bahsedelim sen ve sana dair ne varsa dilimde, akl\u0131mda hepsini bocalayay\u0131m \u015furaya. Unutma senin k\u0131r\u0131klar\u0131n \u00fczerinde y\u00fcr\u00fcyorum, att\u0131\u011f\u0131m her ad\u0131mda parampar\u00e7a oluyor ayaklar\u0131m, ard\u0131mda kan k\u0131rm\u0131z\u0131 bir iz b\u0131rak\u0131yorum, sen k\u0131r\u0131m\u0131z\u0131 her \u015fey, berbat bir haldeyim. Toplum m\u00fchendisi, ince ruhlu, acemi bir \u015fair, aciz bir adam, k\u00f6t\u00fc bir ben ve ne oldu\u011funu \u00f6\u011frenmeye \u00e7al\u0131\u015fan kendimle ayn\u0131 bedeni payla\u015f\u0131yorum.<\/p>\n<p><strong>\u015eiirin asl\u0131nda son \u015fiirimiz oldu\u011funu bilerek sonland\u0131r okuman\u0131<\/strong><br \/>\n<strong>Y\u0131rt at sana yazd\u0131klar\u0131m\u0131<\/strong><br \/>\n<strong>\u201c\u00d6lenle \u00f6l\u00fcnmez\u201d deyip tak kanatlar\u0131n\u0131<\/strong><br \/>\n<strong>Ben yukar\u0131da ya da a\u015fa\u011f\u0131da bir yerlerde olaca\u011f\u0131m<\/strong><br \/>\n<strong>Kanatlar\u0131n\u0131 k\u0131ran\u0131n, kalbini mutlaka k\u0131raca\u011f\u0131m<\/strong><\/p>\n<p><strong>\u015eiirin tam buras\u0131nda yanaklar\u0131m\u0131 \u00f6p\u2026<\/strong><br \/>\n<strong>Bir ka\u00e7 kez \u00f6p<\/strong><br \/>\n<strong>G\u00f6zlerin kapal\u0131 olsun, beni dudaklar\u0131mdan \u00f6p<\/strong><br \/>\n<strong>\u015eiirin buras\u0131n\u0131, k\u0131rm\u0131z\u0131 rujunu s\u00fcrd\u00fc\u011f\u00fcn dudaklar\u0131nla \u00f6p<\/strong><br \/>\n<strong>\u015eiirin tam buras\u0131n\u0131 beyaza bulad\u0131\u011f\u0131n t\u0131rnaklar\u0131nla y\u0131rt at<\/strong><\/p>\n<p><strong>\u015eiirin bitti<\/strong><br \/>\n<strong>Bu son \u015fiirdi sana yazd\u0131\u011f\u0131m<\/strong><br \/>\n<strong>Son \u015fiiriydi hayat\u0131m\u0131n\u2026<\/strong><\/p>\n<\/div>\n<\/div>\n<\/div>","protected":false},"excerpt":{"rendered":"<p>Biraz da senden bahsedelim sen ve sana dair ne varsa dilimde, akl\u0131mda hepsini bocalayay\u0131m \u015furaya. Unutma senin k\u0131r\u0131klar\u0131n \u00fczerinde y\u00fcr\u00fcyorum, att\u0131\u011f\u0131m her ad\u0131mda parampar\u00e7a oluyor ayaklar\u0131m, ard\u0131mda kan k\u0131rm\u0131z\u0131 bir iz b\u0131rak\u0131yorum, sen k\u0131r\u0131m\u0131z\u0131 her \u015fey, berbat bir haldeyim. Toplum m\u00fchendisi, ince ruhlu, acemi bir \u015fair, aciz bir adam, k\u00f6t\u00fc bir ben ve ne oldu\u011funu [&hellip;]<\/p>\n","protected":false},"featured_media":6805,"comment_status":"closed","ping_status":"open","template":"","meta":{"inline_featured_image":false},"product_cat":[1019,1280],"product_tag":[],"class_list":{"0":"post-6804","1":"product","2":"type-product","3":"status-publish","4":"has-post-thumbnail","6":"product_cat-edebiyat","7":"product_cat-gonulleme","8":"pa_boyut-135-x-195-cm","9":"pa_dil-turkce","10":"pa_sayfa-sayisi-1086","11":"pa_yayin-tarihi-8-25-2023","12":"pa_yazar-sezer-guler","14":"first","15":"instock","16":"sale","17":"purchasable","18":"product-type-simple"},"_links":{"self":[{"href":"http:\/\/www.arkaraf.com\/en\/wp-json\/wp\/v2\/product\/6804","targetHints":{"allow":["GET"]}}],"collection":[{"href":"http:\/\/www.arkaraf.com\/en\/wp-json\/wp\/v2\/product"}],"about":[{"href":"http:\/\/www.arkaraf.com\/en\/wp-json\/wp\/v2\/types\/product"}],"replies":[{"embeddable":true,"href":"http:\/\/www.arkaraf.com\/en\/wp-json\/wp\/v2\/comments?post=6804"}],"wp:featuredmedia":[{"embeddable":true,"href":"http:\/\/www.arkaraf.com\/en\/wp-json\/wp\/v2\/media\/6805"}],"wp:attachment":[{"href":"http:\/\/www.arkaraf.com\/en\/wp-json\/wp\/v2\/media?parent=6804"}],"wp:term":[{"taxonomy":"product_cat","embeddable":true,"href":"http:\/\/www.arkaraf.com\/en\/wp-json\/wp\/v2\/product_cat?post=6804"},{"taxonomy":"product_tag","embeddable":true,"href":"http:\/\/www.arkaraf.com\/en\/wp-json\/wp\/v2\/product_tag?post=6804"}],"curies":[{"name":"wp","href":"https:\/\/api.w.org\/{rel}","templated":true}]}}