{"id":6800,"date":"2025-10-16T12:05:50","date_gmt":"2025-10-16T09:05:50","guid":{"rendered":"http:\/\/www.arkaraf.com\/kitap\/hayatla-tango-birgul-karagoz"},"modified":"2025-10-16T12:06:10","modified_gmt":"2025-10-16T09:06:10","slug":"hayatla-tango-birgul-karagoz","status":"publish","type":"product","link":"http:\/\/www.arkaraf.com\/en\/kitap\/hayatla-tango-birgul-karagoz","title":{"rendered":"Hayatla Tango &#8211; Birg\u00fcl Karag\u00f6z"},"content":{"rendered":"<p>Yaz\u0131yla olan \u00f6yk\u00fcm ba\u015flad\u0131 \u201cN\u00e2r-\u0131 A\u015fk\u201d isimli \u00e7al\u0131\u015fmamla. Rabbime ula\u015fma \u00e7abas\u0131, \u00e7ok iyi geldi duygu d\u00fcnyama ve hayat\u0131ma. Allah\u2019\u0131 anma ve Yaradan\u2019\u0131 g\u00f6rme iste\u011fi vicdan\u0131mda ve duygular\u0131mda, \u00e7ok e\u015fsiz bir tat b\u0131rakt\u0131 dima\u011f\u0131mda ve varl\u0131\u011f\u0131mda.<\/p>\n<p>\u201cHayatla Tango\u201d ile ya\u015fam\u0131 anlamaya do\u011fru, ya\u015fam\u0131n bana katt\u0131klar\u0131yla ya da hayat bana nas\u0131l ula\u015ft\u0131 ve ben hayat\u0131 nas\u0131l kar\u015f\u0131lad\u0131m duygu d\u00fcnyamda, bunlar\u0131n cevaplar\u0131 var asl\u0131nda \u201cHayatla Tango\u201dnun sayfalar\u0131nda. Bazen dans edeceksin duygu d\u00fcnyanda, bazen anlamaya \u00e7al\u0131\u015facaks\u0131n hayat\u0131n sana sunduklar\u0131n\u0131 ya da sars\u0131lacaks\u0131n hislerin \u00e7arpt\u0131\u011f\u0131nda ac\u0131lara. Sinir u\u00e7lar\u0131na dokunur bazen ya\u015fam, titretir seni ac\u0131 ve sanc\u0131da ya da bazen hayat\u0131n i\u00e7indeki mutluluklarda kahkaha atmana sebeptir, belki de defalarca. \u0130\u015fte \u201cHayatla Tango\u201d isimli \u00e7al\u0131\u015fmamda ya\u015fama dokunacaks\u0131n; bazen an\u0131lara, bazen mutluluklara, bazen de s\u0131k\u0131\u015fm\u0131\u015f ac\u0131lara. Kim bilir belki de ya\u015fanmam\u0131\u015f mutluluklar ya da hik\u00e2yeler de sakl\u0131d\u0131r sayfalar\u0131n\u0131n aras\u0131nda.<\/p>\n<p>Herkesin zor ya da kolay dans masal\u0131 vard\u0131r, hayattaki yolculu\u011funda. Bazen zorlu, bazen zarif ad\u0131mlar e\u015flik eder sana ya\u015fam\u0131nda. Melodi ve m\u00fczi\u011fin oldu\u011fu s\u00fcrece hayat\u0131nda ve ya\u015fama ba\u015fkald\u0131r hep t\u00fcm \u00e7abanla ve i\u015fte dans\u0131n b\u00fcy\u00fcleyici g\u00fcc\u00fc i\u00e7inde\u2026\u201dHayatla Tango\u201d olsun ya\u015fam\u0131nda, hayat zorlasa da seni s\u0131k\u0131nt\u0131lar\u0131yla, sen hayata g\u00f6ster i\u00e7indeki cesaretini ve ona yenilmeyece\u011fini, kendi kahraman\u0131n ol ya\u015fam\u0131nda\u2026. Hissediyor musun m\u00fczi\u011fin i\u00e7indeki sesini? Dans\u0131n\u0131 yarat kendi duygu d\u00fcnyanda ve e\u015fsiz olsun hayat\u0131nda att\u0131\u011f\u0131n ad\u0131mlar da&#8230;<\/p>\n<p>Ayn\u0131 duygu denizinde yol almak ve duygular\u0131n\u0131zda iz b\u0131rakabilmek dile\u011fiyle\u2026<\/p>","protected":false},"excerpt":{"rendered":"<p>Yaz\u0131yla olan \u00f6yk\u00fcm ba\u015flad\u0131 \u201cN\u00e2r-\u0131 A\u015fk\u201d isimli \u00e7al\u0131\u015fmamla. Rabbime ula\u015fma \u00e7abas\u0131, \u00e7ok iyi geldi duygu d\u00fcnyama ve hayat\u0131ma. Allah\u2019\u0131 anma ve Yaradan\u2019\u0131 g\u00f6rme iste\u011fi vicdan\u0131mda ve duygular\u0131mda, \u00e7ok e\u015fsiz bir tat b\u0131rakt\u0131 dima\u011f\u0131mda ve varl\u0131\u011f\u0131mda. \u201cHayatla Tango\u201d ile ya\u015fam\u0131 anlamaya do\u011fru, ya\u015fam\u0131n bana katt\u0131klar\u0131yla ya da hayat bana nas\u0131l ula\u015ft\u0131 ve ben hayat\u0131 nas\u0131l kar\u015f\u0131lad\u0131m [&hellip;]<\/p>\n","protected":false},"featured_media":6801,"comment_status":"closed","ping_status":"open","template":"","meta":{"inline_featured_image":false},"product_cat":[1020,1019],"product_tag":[],"class_list":{"0":"post-6800","1":"product","2":"type-product","3":"status-publish","4":"has-post-thumbnail","6":"product_cat-siir","7":"product_cat-edebiyat","8":"pa_boyut-135-x-195-cm","9":"pa_dil-turkce","10":"pa_sayfa-sayisi-1069","11":"pa_yayin-tarihi-8-25-2023","12":"pa_yazar-birgul-karagoz","14":"first","15":"instock","16":"sale","17":"purchasable","18":"product-type-simple"},"_links":{"self":[{"href":"http:\/\/www.arkaraf.com\/en\/wp-json\/wp\/v2\/product\/6800","targetHints":{"allow":["GET"]}}],"collection":[{"href":"http:\/\/www.arkaraf.com\/en\/wp-json\/wp\/v2\/product"}],"about":[{"href":"http:\/\/www.arkaraf.com\/en\/wp-json\/wp\/v2\/types\/product"}],"replies":[{"embeddable":true,"href":"http:\/\/www.arkaraf.com\/en\/wp-json\/wp\/v2\/comments?post=6800"}],"wp:featuredmedia":[{"embeddable":true,"href":"http:\/\/www.arkaraf.com\/en\/wp-json\/wp\/v2\/media\/6801"}],"wp:attachment":[{"href":"http:\/\/www.arkaraf.com\/en\/wp-json\/wp\/v2\/media?parent=6800"}],"wp:term":[{"taxonomy":"product_cat","embeddable":true,"href":"http:\/\/www.arkaraf.com\/en\/wp-json\/wp\/v2\/product_cat?post=6800"},{"taxonomy":"product_tag","embeddable":true,"href":"http:\/\/www.arkaraf.com\/en\/wp-json\/wp\/v2\/product_tag?post=6800"}],"curies":[{"name":"wp","href":"https:\/\/api.w.org\/{rel}","templated":true}]}}