{"id":6798,"date":"2025-10-16T12:05:50","date_gmt":"2025-10-16T09:05:50","guid":{"rendered":"http:\/\/www.arkaraf.com\/kitap\/mihr-i-ask-alperen-asilturk"},"modified":"2025-10-16T12:06:07","modified_gmt":"2025-10-16T09:06:07","slug":"mihr-i-ask-alperen-asilturk","status":"publish","type":"product","link":"http:\/\/www.arkaraf.com\/en\/kitap\/mihr-i-ask-alperen-asilturk","title":{"rendered":"Mihr-i A\u015fk &#8211; Alperen Asilt\u00fcrk"},"content":{"rendered":"<div class=\"comment-container\">\n<div class=\"action-comment can-view-video markeddown js-comment is-comments-rewrite\" dir=\"auto\">\n<div class=\"current-comment js-friendly-links js-open-card\">\n<p><em>Bir ufka vard\u0131k ki art\u0131k<\/em><\/p>\n<p><em>Yaln\u0131z de\u011filiz sevgilim.<\/em><\/p>\n<p><em>Ger\u00e7i gece uzun<\/em><\/p>\n<p><em>Gece karanl\u0131k.<\/em><\/p>\n<p><em>Ama b\u00fct\u00fcn korkulardan uzak.<\/em><\/p>\n<p><em>Bir sevdad\u0131r b\u00f6ylesine ya\u015famak,<\/em><\/p>\n<p><em>Tek ba\u015f\u0131na.<\/em><\/p>\n<p><em>\u00d6l\u00fcme bir soluk kala,<\/em><\/p>\n<p><em>Tek ba\u015f\u0131na.<\/em><\/p>\n<p><em>Zindanda yatarken bile,<\/em><\/p>\n<p><em>Asla yaln\u0131z kalmamak\u2026<\/em><\/p>\n<\/div>\n<\/div>\n<\/div>","protected":false},"excerpt":{"rendered":"<p>Bir ufka vard\u0131k ki art\u0131k Yaln\u0131z de\u011filiz sevgilim. Ger\u00e7i gece uzun Gece karanl\u0131k. Ama b\u00fct\u00fcn korkulardan uzak. Bir sevdad\u0131r b\u00f6ylesine ya\u015famak, Tek ba\u015f\u0131na. \u00d6l\u00fcme bir soluk kala, Tek ba\u015f\u0131na. Zindanda yatarken bile, Asla yaln\u0131z kalmamak\u2026<\/p>","protected":false},"featured_media":6799,"comment_status":"closed","ping_status":"open","template":"","meta":{"inline_featured_image":false},"product_cat":[1020,1019],"product_tag":[],"class_list":{"0":"post-6798","1":"product","2":"type-product","3":"status-publish","4":"has-post-thumbnail","6":"product_cat-siir","7":"product_cat-edebiyat","8":"pa_boyut-135-x-195-cm","9":"pa_dil-turkce","10":"pa_sayfa-sayisi-356","11":"pa_yayin-tarihi-8-25-2023","12":"pa_yazar-alperen-asilturk","14":"first","15":"instock","16":"sale","17":"purchasable","18":"product-type-simple"},"_links":{"self":[{"href":"http:\/\/www.arkaraf.com\/en\/wp-json\/wp\/v2\/product\/6798","targetHints":{"allow":["GET"]}}],"collection":[{"href":"http:\/\/www.arkaraf.com\/en\/wp-json\/wp\/v2\/product"}],"about":[{"href":"http:\/\/www.arkaraf.com\/en\/wp-json\/wp\/v2\/types\/product"}],"replies":[{"embeddable":true,"href":"http:\/\/www.arkaraf.com\/en\/wp-json\/wp\/v2\/comments?post=6798"}],"wp:featuredmedia":[{"embeddable":true,"href":"http:\/\/www.arkaraf.com\/en\/wp-json\/wp\/v2\/media\/6799"}],"wp:attachment":[{"href":"http:\/\/www.arkaraf.com\/en\/wp-json\/wp\/v2\/media?parent=6798"}],"wp:term":[{"taxonomy":"product_cat","embeddable":true,"href":"http:\/\/www.arkaraf.com\/en\/wp-json\/wp\/v2\/product_cat?post=6798"},{"taxonomy":"product_tag","embeddable":true,"href":"http:\/\/www.arkaraf.com\/en\/wp-json\/wp\/v2\/product_tag?post=6798"}],"curies":[{"name":"wp","href":"https:\/\/api.w.org\/{rel}","templated":true}]}}