{"id":6796,"date":"2025-10-16T12:05:50","date_gmt":"2025-10-16T09:05:50","guid":{"rendered":"http:\/\/www.arkaraf.com\/kitap\/bir-kalp-kac-defa-sever-elif-sirin-murat"},"modified":"2025-10-16T12:06:00","modified_gmt":"2025-10-16T09:06:00","slug":"bir-kalp-kac-defa-sever-elif-sirin-murat","status":"publish","type":"product","link":"http:\/\/www.arkaraf.com\/en\/kitap\/bir-kalp-kac-defa-sever-elif-sirin-murat","title":{"rendered":"Bir Kalp Ka\u00e7 Defa Sever? &#8211; Elif \u015eirin Murat"},"content":{"rendered":"<p>Bir kalp ka\u00e7 defa sever? Deneyiminin i\u00e7inde a\u015fk, fedakarl\u0131k, aldatma ve aldanma hikayeleri belki herkesin dikkatini \u00e7ekebilir ama i\u00e7ine dald\u0131\u011f\u0131n\u0131zda \u00e7\u0131kamayaca\u011f\u0131n\u0131z yerde size sadece fark\u0131ndal\u0131k yans\u0131tacakt\u0131r.<\/p>\n<p>Bir ki\u015fiye sundu\u011funuz a\u015fk avu\u00e7lar\u0131n\u0131zdan kolayl\u0131kla yay\u0131labiliyorsa ba\u015fka iki kelimeye nas\u0131l a\u015fk diyebilirsiniz?<\/p>\n<p>Bir kalp ka\u00e7 defa sever? Ya da ger\u00e7ekten sever mi?<\/p>","protected":false},"excerpt":{"rendered":"<p>Bir kalp ka\u00e7 defa sever? Deneyiminin i\u00e7inde a\u015fk, fedakarl\u0131k, aldatma ve aldanma hikayeleri belki herkesin dikkatini \u00e7ekebilir ama i\u00e7ine dald\u0131\u011f\u0131n\u0131zda \u00e7\u0131kamayaca\u011f\u0131n\u0131z yerde size sadece fark\u0131ndal\u0131k yans\u0131tacakt\u0131r. Bir ki\u015fiye sundu\u011funuz a\u015fk avu\u00e7lar\u0131n\u0131zdan kolayl\u0131kla yay\u0131labiliyorsa ba\u015fka iki kelimeye nas\u0131l a\u015fk diyebilirsiniz? Bir kalp ka\u00e7 defa sever? Ya da ger\u00e7ekten sever mi?<\/p>","protected":false},"featured_media":6797,"comment_status":"closed","ping_status":"open","template":"","meta":{"inline_featured_image":false},"product_cat":[1019,1033],"product_tag":[],"class_list":{"0":"post-6796","1":"product","2":"type-product","3":"status-publish","4":"has-post-thumbnail","6":"product_cat-edebiyat","7":"product_cat-roman","8":"pa_boyut-135-x-195-cm","9":"pa_dil-turkce","10":"pa_sayfa-sayisi-353","11":"pa_yayin-tarihi-8-10-2023","12":"pa_yazar-elif-sirin-murat","14":"first","15":"instock","16":"sale","17":"purchasable","18":"product-type-simple"},"_links":{"self":[{"href":"http:\/\/www.arkaraf.com\/en\/wp-json\/wp\/v2\/product\/6796","targetHints":{"allow":["GET"]}}],"collection":[{"href":"http:\/\/www.arkaraf.com\/en\/wp-json\/wp\/v2\/product"}],"about":[{"href":"http:\/\/www.arkaraf.com\/en\/wp-json\/wp\/v2\/types\/product"}],"replies":[{"embeddable":true,"href":"http:\/\/www.arkaraf.com\/en\/wp-json\/wp\/v2\/comments?post=6796"}],"wp:featuredmedia":[{"embeddable":true,"href":"http:\/\/www.arkaraf.com\/en\/wp-json\/wp\/v2\/media\/6797"}],"wp:attachment":[{"href":"http:\/\/www.arkaraf.com\/en\/wp-json\/wp\/v2\/media?parent=6796"}],"wp:term":[{"taxonomy":"product_cat","embeddable":true,"href":"http:\/\/www.arkaraf.com\/en\/wp-json\/wp\/v2\/product_cat?post=6796"},{"taxonomy":"product_tag","embeddable":true,"href":"http:\/\/www.arkaraf.com\/en\/wp-json\/wp\/v2\/product_tag?post=6796"}],"curies":[{"name":"wp","href":"https:\/\/api.w.org\/{rel}","templated":true}]}}