{"id":6788,"date":"2025-10-16T12:05:50","date_gmt":"2025-10-16T09:05:50","guid":{"rendered":"http:\/\/www.arkaraf.com\/kitap\/koy-enstitusu-torunundan-notlar-a-caner-erkan"},"modified":"2025-10-16T12:05:50","modified_gmt":"2025-10-16T09:05:50","slug":"koy-enstitusu-torunundan-notlar-a-caner-erkan","status":"publish","type":"product","link":"http:\/\/www.arkaraf.com\/en\/kitap\/koy-enstitusu-torunundan-notlar-a-caner-erkan","title":{"rendered":"K\u00f6y Enstit\u00fcs\u00fc Torunundan Notlar &#8211; A. Caner Erkan"},"content":{"rendered":"<p>Ben, Ahmet Caner Erkan.<br \/>\nArifiye K\u00f6y Enstit\u00fcs\u00fc \u00d6\u011fretmeni Ahmet ERKAN&#8217;\u0131n torunuyum.<br \/>\n\u015eiir nedir bilmedi\u011fim zamanlard\u0131.<br \/>\nY\u0131l, milenyum \u00e7a\u011f\u0131 idi.<br \/>\nHen\u00fcz 10&#8217;lu ya\u015flar\u0131ndayd\u0131m.<br \/>\nTelevizyonda bir yandan ekonomik kriz, bir yandan ikiz kulelere yap\u0131lan u\u00e7akl\u0131 sald\u0131r\u0131 anlat\u0131l\u0131yordu. Ruhum s\u0131k\u0131\u015f\u0131yordu. Masa ba\u015f\u0131nda can s\u0131k\u0131nt\u0131s\u0131na sat\u0131r sat\u0131r c\u00fcmleler yaz\u0131p kafiye kurmaca oynuyordum.<br \/>\nBana \u015fiir yazmay\u0131 kimse \u00f6\u011fretmemi\u015fti.<br \/>\n\u0130lham denilen \u015fey heyecanla i\u00e7imin kabarmas\u0131yd\u0131. Bu i\u00e7 g\u00fcd\u00fc, k\u00f6y enstit\u00fcs\u00fc \u00f6\u011fretmeni dedem Ahmet ERKAN taraf\u0131ndan \u00fczerime kalm\u0131\u015ft\u0131.<br \/>\n\u015eimdi 2003-2023 y\u0131llar\u0131 aras\u0131 yazd\u0131\u011f\u0131m iki bin k\u00fcs\u00fcr sayfa \u015fiir derlemesinin en g\u00fczellerini sizler i\u00e7in se\u00e7tim. Birlikte \u00e7\u0131kaca\u011f\u0131m\u0131z bu zaman t\u00fcnelinde keyifli yolculuklar dilerim.<\/p>","protected":false},"excerpt":{"rendered":"<p>Ben, Ahmet Caner Erkan. Arifiye K\u00f6y Enstit\u00fcs\u00fc \u00d6\u011fretmeni Ahmet ERKAN&#8217;\u0131n torunuyum. \u015eiir nedir bilmedi\u011fim zamanlard\u0131. Y\u0131l, milenyum \u00e7a\u011f\u0131 idi. Hen\u00fcz 10&#8217;lu ya\u015flar\u0131ndayd\u0131m. Televizyonda bir yandan ekonomik kriz, bir yandan ikiz kulelere yap\u0131lan u\u00e7akl\u0131 sald\u0131r\u0131 anlat\u0131l\u0131yordu. Ruhum s\u0131k\u0131\u015f\u0131yordu. Masa ba\u015f\u0131nda can s\u0131k\u0131nt\u0131s\u0131na sat\u0131r sat\u0131r c\u00fcmleler yaz\u0131p kafiye kurmaca oynuyordum. Bana \u015fiir yazmay\u0131 kimse \u00f6\u011fretmemi\u015fti. \u0130lham denilen [&hellip;]<\/p>\n","protected":false},"featured_media":6789,"comment_status":"closed","ping_status":"open","template":"","meta":{"inline_featured_image":false},"product_cat":[1020,1019],"product_tag":[],"class_list":{"0":"post-6788","1":"product","2":"type-product","3":"status-publish","4":"has-post-thumbnail","6":"product_cat-siir","7":"product_cat-edebiyat","8":"pa_boyut-135-x-195-cm","9":"pa_dil-turkce","10":"pa_sayfa-sayisi-445","11":"pa_yayin-tarihi-7-21-2023","12":"pa_yazar-a-caner-erkan","14":"first","15":"instock","16":"sale","17":"purchasable","18":"product-type-simple"},"_links":{"self":[{"href":"http:\/\/www.arkaraf.com\/en\/wp-json\/wp\/v2\/product\/6788","targetHints":{"allow":["GET"]}}],"collection":[{"href":"http:\/\/www.arkaraf.com\/en\/wp-json\/wp\/v2\/product"}],"about":[{"href":"http:\/\/www.arkaraf.com\/en\/wp-json\/wp\/v2\/types\/product"}],"replies":[{"embeddable":true,"href":"http:\/\/www.arkaraf.com\/en\/wp-json\/wp\/v2\/comments?post=6788"}],"wp:featuredmedia":[{"embeddable":true,"href":"http:\/\/www.arkaraf.com\/en\/wp-json\/wp\/v2\/media\/6789"}],"wp:attachment":[{"href":"http:\/\/www.arkaraf.com\/en\/wp-json\/wp\/v2\/media?parent=6788"}],"wp:term":[{"taxonomy":"product_cat","embeddable":true,"href":"http:\/\/www.arkaraf.com\/en\/wp-json\/wp\/v2\/product_cat?post=6788"},{"taxonomy":"product_tag","embeddable":true,"href":"http:\/\/www.arkaraf.com\/en\/wp-json\/wp\/v2\/product_tag?post=6788"}],"curies":[{"name":"wp","href":"https:\/\/api.w.org\/{rel}","templated":true}]}}