{"id":6782,"date":"2025-10-16T12:05:03","date_gmt":"2025-10-16T09:05:03","guid":{"rendered":"http:\/\/www.arkaraf.com\/kitap\/ciglik-mert-can-taskin"},"modified":"2025-10-16T12:05:43","modified_gmt":"2025-10-16T09:05:43","slug":"ciglik-mert-can-taskin","status":"publish","type":"product","link":"http:\/\/www.arkaraf.com\/en\/kitap\/ciglik-mert-can-taskin","title":{"rendered":"\u00c7\u0131\u011fl\u0131k &#8211; Mert Can Ta\u015fk\u0131n"},"content":{"rendered":"<p>Hem \u00f6\u011frenci hem de i\u015f\u00e7i olan Taha ya\u015f\u0131tlar\u0131 ya da 21. Y\u00fczy\u0131l insan\u0131 gibi de\u011fildir. Kafas\u0131 kar\u0131\u015f\u0131k, al\u0131ngan, yaln\u0131z, bir hayli \u00e7ekingen \u00f6zelliklerinin yan\u0131nda etraf\u0131ndakilerden bir\u00e7ok \u015feyi farkl\u0131 \u015fekilde d\u00fc\u015f\u00fcn\u00fcr. Ba\u015fkalar\u0131yla pek ileti\u015fime ge\u00e7emeyen ama insanlarla i\u00e7i i\u00e7e olan bir i\u015fte; pazarda \u00e7al\u0131\u015f\u0131r, ustas\u0131yla didi\u015fir, di\u011fer pazarc\u0131larla i\u015fi gere\u011fi ileti\u015fime ge\u00e7er, onlar\u0131 g\u00f6zlemler yorumlar kendince. Etraf\u0131ndaki topluma kar\u015f\u0131 kendini yaln\u0131z hisseder, onlar hakk\u0131nda konu\u015fur, en \u00e7ok kendi kendisiyle sohbet eden d\u00fc\u015f\u00fcnceli, dalg\u0131n, ba\u015fkalar\u0131n\u0131n dediklerine hep i\u00e7inden cevaplar verir bazen k\u00fc\u00e7\u00fck cevaplar ile patlar, en sonunda evine \u00e7ekilip d\u00fc\u015f\u00fcncelerini yazarak \u00e7\u0131\u011fl\u0131k atar. Bu onun etraf\u0131ndakilere att\u0131\u011f\u0131 \u00e7\u0131\u011fl\u0131kt\u0131r. \u0130lgin\u00e7 bir gencin 1 g\u00fcn\u00fc\u2026<\/p>","protected":false},"excerpt":{"rendered":"<p>Hem \u00f6\u011frenci hem de i\u015f\u00e7i olan Taha ya\u015f\u0131tlar\u0131 ya da 21. Y\u00fczy\u0131l insan\u0131 gibi de\u011fildir. Kafas\u0131 kar\u0131\u015f\u0131k, al\u0131ngan, yaln\u0131z, bir hayli \u00e7ekingen \u00f6zelliklerinin yan\u0131nda etraf\u0131ndakilerden bir\u00e7ok \u015feyi farkl\u0131 \u015fekilde d\u00fc\u015f\u00fcn\u00fcr. Ba\u015fkalar\u0131yla pek ileti\u015fime ge\u00e7emeyen ama insanlarla i\u00e7i i\u00e7e olan bir i\u015fte; pazarda \u00e7al\u0131\u015f\u0131r, ustas\u0131yla didi\u015fir, di\u011fer pazarc\u0131larla i\u015fi gere\u011fi ileti\u015fime ge\u00e7er, onlar\u0131 g\u00f6zlemler yorumlar kendince. [&hellip;]<\/p>\n","protected":false},"featured_media":6783,"comment_status":"closed","ping_status":"open","template":"","meta":{"inline_featured_image":false},"product_cat":[1019,1033],"product_tag":[],"class_list":{"0":"post-6782","1":"product","2":"type-product","3":"status-publish","4":"has-post-thumbnail","6":"product_cat-edebiyat","7":"product_cat-roman","8":"pa_boyut-135-x-195-cm","9":"pa_dil-turkce","10":"pa_sayfa-sayisi-380","11":"pa_yayin-tarihi-6-14-2023","12":"pa_yazar-mert-can-taskin","14":"first","15":"instock","16":"sale","17":"purchasable","18":"product-type-simple"},"_links":{"self":[{"href":"http:\/\/www.arkaraf.com\/en\/wp-json\/wp\/v2\/product\/6782","targetHints":{"allow":["GET"]}}],"collection":[{"href":"http:\/\/www.arkaraf.com\/en\/wp-json\/wp\/v2\/product"}],"about":[{"href":"http:\/\/www.arkaraf.com\/en\/wp-json\/wp\/v2\/types\/product"}],"replies":[{"embeddable":true,"href":"http:\/\/www.arkaraf.com\/en\/wp-json\/wp\/v2\/comments?post=6782"}],"wp:featuredmedia":[{"embeddable":true,"href":"http:\/\/www.arkaraf.com\/en\/wp-json\/wp\/v2\/media\/6783"}],"wp:attachment":[{"href":"http:\/\/www.arkaraf.com\/en\/wp-json\/wp\/v2\/media?parent=6782"}],"wp:term":[{"taxonomy":"product_cat","embeddable":true,"href":"http:\/\/www.arkaraf.com\/en\/wp-json\/wp\/v2\/product_cat?post=6782"},{"taxonomy":"product_tag","embeddable":true,"href":"http:\/\/www.arkaraf.com\/en\/wp-json\/wp\/v2\/product_tag?post=6782"}],"curies":[{"name":"wp","href":"https:\/\/api.w.org\/{rel}","templated":true}]}}