{"id":6772,"date":"2025-10-16T12:05:03","date_gmt":"2025-10-16T09:05:03","guid":{"rendered":"http:\/\/www.arkaraf.com\/kitap\/muradim-dort-mevsim-ask-murat-bilek"},"modified":"2025-10-16T12:05:31","modified_gmt":"2025-10-16T09:05:31","slug":"muradim-dort-mevsim-ask-murat-bilek","status":"publish","type":"product","link":"http:\/\/www.arkaraf.com\/en\/kitap\/muradim-dort-mevsim-ask-murat-bilek","title":{"rendered":"Murad\u0131m D\u00f6rt Mevsim A\u015fk &#8211; Murat Bilek"},"content":{"rendered":"<p>A\u015fk\u0131n t\u00fcrl\u00fc halleri vard\u0131r mevsimler gibi. A\u015f\u0131k bu halleri d\u00f6nemsel olarak ya\u015fad\u0131\u011f\u0131 i\u00e7in mevsim ge\u00e7i\u015flerinden ve mevsimin \u015fartlar\u0131ndan etkilenir. A\u015fk\u0131n yolunda ilkbahar ve yazlar oldu\u011fu gibi sonbahar ve k\u0131\u015flar da olacakt\u0131r. Bu kitapta a\u015fk\u0131n her halini bulmak m\u00fcmk\u00fcn. Baz\u0131 \u015fiirlerde a\u015fk\u0131n imk\u00e2ns\u0131z halini baz\u0131 \u015fiirlerde a\u015fk\u0131n engel tan\u0131mazl\u0131\u011f\u0131n\u0131, baz\u0131 \u015fiirlerde a\u015fk\u0131n sonsuzlu\u011funu bulacaks\u0131n\u0131z ama muhakkak kendinizden bir par\u00e7a bulacaks\u0131n\u0131z\u2026<\/p>","protected":false},"excerpt":{"rendered":"<p>A\u015fk\u0131n t\u00fcrl\u00fc halleri vard\u0131r mevsimler gibi. A\u015f\u0131k bu halleri d\u00f6nemsel olarak ya\u015fad\u0131\u011f\u0131 i\u00e7in mevsim ge\u00e7i\u015flerinden ve mevsimin \u015fartlar\u0131ndan etkilenir. A\u015fk\u0131n yolunda ilkbahar ve yazlar oldu\u011fu gibi sonbahar ve k\u0131\u015flar da olacakt\u0131r. Bu kitapta a\u015fk\u0131n her halini bulmak m\u00fcmk\u00fcn. Baz\u0131 \u015fiirlerde a\u015fk\u0131n imk\u00e2ns\u0131z halini baz\u0131 \u015fiirlerde a\u015fk\u0131n engel tan\u0131mazl\u0131\u011f\u0131n\u0131, baz\u0131 \u015fiirlerde a\u015fk\u0131n sonsuzlu\u011funu bulacaks\u0131n\u0131z ama muhakkak [&hellip;]<\/p>\n","protected":false},"featured_media":6773,"comment_status":"closed","ping_status":"open","template":"","meta":{"inline_featured_image":false},"product_cat":[1020,1019],"product_tag":[],"class_list":{"0":"post-6772","1":"product","2":"type-product","3":"status-publish","4":"has-post-thumbnail","6":"product_cat-siir","7":"product_cat-edebiyat","8":"pa_boyut-135-x-195-cm","9":"pa_dil-turkce","10":"pa_sayfa-sayisi-925","11":"pa_yayin-tarihi-5-31-2023","12":"pa_yazar-murat-bilek","14":"first","15":"instock","16":"sale","17":"purchasable","18":"product-type-simple"},"_links":{"self":[{"href":"http:\/\/www.arkaraf.com\/en\/wp-json\/wp\/v2\/product\/6772","targetHints":{"allow":["GET"]}}],"collection":[{"href":"http:\/\/www.arkaraf.com\/en\/wp-json\/wp\/v2\/product"}],"about":[{"href":"http:\/\/www.arkaraf.com\/en\/wp-json\/wp\/v2\/types\/product"}],"replies":[{"embeddable":true,"href":"http:\/\/www.arkaraf.com\/en\/wp-json\/wp\/v2\/comments?post=6772"}],"wp:featuredmedia":[{"embeddable":true,"href":"http:\/\/www.arkaraf.com\/en\/wp-json\/wp\/v2\/media\/6773"}],"wp:attachment":[{"href":"http:\/\/www.arkaraf.com\/en\/wp-json\/wp\/v2\/media?parent=6772"}],"wp:term":[{"taxonomy":"product_cat","embeddable":true,"href":"http:\/\/www.arkaraf.com\/en\/wp-json\/wp\/v2\/product_cat?post=6772"},{"taxonomy":"product_tag","embeddable":true,"href":"http:\/\/www.arkaraf.com\/en\/wp-json\/wp\/v2\/product_tag?post=6772"}],"curies":[{"name":"wp","href":"https:\/\/api.w.org\/{rel}","templated":true}]}}