{"id":6762,"date":"2025-10-16T12:05:03","date_gmt":"2025-10-16T09:05:03","guid":{"rendered":"http:\/\/www.arkaraf.com\/kitap\/hicbir-zaman-olmaz-tugra-cakin"},"modified":"2025-10-16T12:05:20","modified_gmt":"2025-10-16T09:05:20","slug":"hicbir-zaman-olmaz-tugra-cakin","status":"publish","type":"product","link":"http:\/\/www.arkaraf.com\/en\/kitap\/hicbir-zaman-olmaz-tugra-cakin","title":{"rendered":"Hi\u00e7bir Zaman Olmaz &#8211; Tu\u011fra \u00c7ak\u0131n"},"content":{"rendered":"<p>Hayat i\u00e7erisinde s\u00fcrekli olan hi\u00e7bir \u015fey yoktur. \u201cYer yer, k\u0131smen, bazen, ara s\u0131ra, nadiren\u201d ger\u00e7ek kavramlar bunlard\u0131r. Bug\u00fcn iyi veya k\u00f6t\u00fc olan her deneyimin ge\u00e7mek \u00fczere ya\u015fand\u0131. Zaman g\u00f6t\u00fcrmek \u00fczere akan bir s\u00fcre\u00e7. Her \u015fey normal ve ola\u011fan bir \u015fekilde ak\u0131p ge\u00e7erken insan ya\u015fad\u0131\u011f\u0131 bir \u201colmaz\u201d hakk\u0131nda \u201cdur ben bununla biraz u\u011fra\u015fay\u0131m bu belki olur\u201d diye diretmesi y\u00fcz\u00fcnden ge\u00e7ici \u015feylere kal\u0131c\u0131 bir muamele g\u00f6stermi\u015f oluruz. Ve kendimizle ilgili her \u015feye ge\u00e7 kalmaya ba\u015flar\u0131z. Olmaz demek asl\u0131nda k\u00f6t\u00fc bir \u015fey de\u011fildir. Bazen kendimizin g\u00f6rece\u011fi zarar i\u00e7in, sevdiklerimizin g\u00f6rece\u011fi zarar i\u00e7in olmaz deriz. \u0130nsan v\u00fccudunun %70\u2019i sudur d\u00fcnyan\u0131n da d\u00f6rtte \u00fc\u00e7\u00fc olmaz olan \u015feylerden olu\u015fur. Bir \u015feyin olmamas\u0131 can s\u0131kan negatif bir olgu de\u011fildir. Kim bilir belki derdiniz olmaz, tasan\u0131z olmaz. Hayat belirli kal\u0131pla\u015fm\u0131\u015f alg\u0131lara g\u00f6re \u015fekil almaz ona \u015fekil verecek olan sen ve senin durdu\u011fun yerdir. Olmazlar sen onlar\u0131 olmaz olarak g\u00f6rmeyi b\u0131rakana kadar \u00f6yle kal\u0131rlar.<\/p>","protected":false},"excerpt":{"rendered":"<p>Hayat i\u00e7erisinde s\u00fcrekli olan hi\u00e7bir \u015fey yoktur. \u201cYer yer, k\u0131smen, bazen, ara s\u0131ra, nadiren\u201d ger\u00e7ek kavramlar bunlard\u0131r. Bug\u00fcn iyi veya k\u00f6t\u00fc olan her deneyimin ge\u00e7mek \u00fczere ya\u015fand\u0131. Zaman g\u00f6t\u00fcrmek \u00fczere akan bir s\u00fcre\u00e7. Her \u015fey normal ve ola\u011fan bir \u015fekilde ak\u0131p ge\u00e7erken insan ya\u015fad\u0131\u011f\u0131 bir \u201colmaz\u201d hakk\u0131nda \u201cdur ben bununla biraz u\u011fra\u015fay\u0131m bu belki olur\u201d [&hellip;]<\/p>\n","protected":false},"featured_media":6763,"comment_status":"closed","ping_status":"open","template":"","meta":{"inline_featured_image":false},"product_cat":[1024,1019],"product_tag":[],"class_list":{"0":"post-6762","1":"product","2":"type-product","3":"status-publish","4":"has-post-thumbnail","6":"product_cat-deneme","7":"product_cat-edebiyat","8":"pa_boyut-135-x-195-cm","9":"pa_dil-turkce","10":"pa_sayfa-sayisi-1099","11":"pa_yayin-tarihi-5-31-2023","12":"pa_yazar-tugra-cakin","14":"first","15":"instock","16":"sale","17":"purchasable","18":"product-type-simple"},"_links":{"self":[{"href":"http:\/\/www.arkaraf.com\/en\/wp-json\/wp\/v2\/product\/6762","targetHints":{"allow":["GET"]}}],"collection":[{"href":"http:\/\/www.arkaraf.com\/en\/wp-json\/wp\/v2\/product"}],"about":[{"href":"http:\/\/www.arkaraf.com\/en\/wp-json\/wp\/v2\/types\/product"}],"replies":[{"embeddable":true,"href":"http:\/\/www.arkaraf.com\/en\/wp-json\/wp\/v2\/comments?post=6762"}],"wp:featuredmedia":[{"embeddable":true,"href":"http:\/\/www.arkaraf.com\/en\/wp-json\/wp\/v2\/media\/6763"}],"wp:attachment":[{"href":"http:\/\/www.arkaraf.com\/en\/wp-json\/wp\/v2\/media?parent=6762"}],"wp:term":[{"taxonomy":"product_cat","embeddable":true,"href":"http:\/\/www.arkaraf.com\/en\/wp-json\/wp\/v2\/product_cat?post=6762"},{"taxonomy":"product_tag","embeddable":true,"href":"http:\/\/www.arkaraf.com\/en\/wp-json\/wp\/v2\/product_tag?post=6762"}],"curies":[{"name":"wp","href":"https:\/\/api.w.org\/{rel}","templated":true}]}}