{"id":6754,"date":"2025-10-16T12:05:03","date_gmt":"2025-10-16T09:05:03","guid":{"rendered":"http:\/\/www.arkaraf.com\/kitap\/vuslat-zuhal-gozen"},"modified":"2025-10-16T12:05:11","modified_gmt":"2025-10-16T09:05:11","slug":"vuslat-zuhal-gozen","status":"publish","type":"product","link":"http:\/\/www.arkaraf.com\/en\/kitap\/vuslat-zuhal-gozen","title":{"rendered":"Vuslat &#8211; Zuhal G\u00f6zen"},"content":{"rendered":"<p>\u00dcst\u00fcndeki zehirli dikenleriyle, insan\u0131n i\u00e7ine i\u00e7ine b\u00fcy\u00fcyen ve b\u00fcy\u00fcd\u00fck\u00e7e dokundu\u011fu her zerreyi yaralayan, kanatan, ac\u0131tan duygudur hasret. Kanatt\u0131k\u00e7a b\u00fcy\u00fcr, b\u00fcy\u00fcd\u00fck\u00e7e ba\u011f\u0131r\u0131r, ba\u011f\u0131rd\u0131k\u00e7a korkutup, sindirir. Susturur.<\/p>\n<p>\u0130nsanlar do\u011farken, ya\u015famlar\u0131n\u0131 da beraberinde getiriyorlar galiba. Yani bilmedikleri bir haz\u0131rl\u0131k i\u00e7inde do\u011fup, haz\u0131rl\u0131ks\u0131z ya\u015f\u0131yorlar hayat\u0131. Elbette tesad\u00fcf denilen bir \u015fey de olmal\u0131. S\u00fcrprizler de var \u00fcstelik o hayatlar\u0131n i\u00e7inde. Ayn\u0131 hayat\u0131 farkl\u0131 yerlerde ya\u015famak da var \u00fcstelik. Replikler farkl\u0131, dekor farkl\u0131, mekan ve kahramanlar farkl\u0131. Ancak ac\u0131 ayn\u0131. Gurbet ayn\u0131. Hasret ayn\u0131.<\/p>\n<p>Ve vuslat&#8230; Ge\u00e7mi\u015fin ac\u0131s\u0131n\u0131 bir anda unutturuveren vuslat\u2026<\/p>","protected":false},"excerpt":{"rendered":"<p>\u00dcst\u00fcndeki zehirli dikenleriyle, insan\u0131n i\u00e7ine i\u00e7ine b\u00fcy\u00fcyen ve b\u00fcy\u00fcd\u00fck\u00e7e dokundu\u011fu her zerreyi yaralayan, kanatan, ac\u0131tan duygudur hasret. Kanatt\u0131k\u00e7a b\u00fcy\u00fcr, b\u00fcy\u00fcd\u00fck\u00e7e ba\u011f\u0131r\u0131r, ba\u011f\u0131rd\u0131k\u00e7a korkutup, sindirir. Susturur. \u0130nsanlar do\u011farken, ya\u015famlar\u0131n\u0131 da beraberinde getiriyorlar galiba. Yani bilmedikleri bir haz\u0131rl\u0131k i\u00e7inde do\u011fup, haz\u0131rl\u0131ks\u0131z ya\u015f\u0131yorlar hayat\u0131. Elbette tesad\u00fcf denilen bir \u015fey de olmal\u0131. S\u00fcrprizler de var \u00fcstelik o hayatlar\u0131n i\u00e7inde. [&hellip;]<\/p>\n","protected":false},"featured_media":6755,"comment_status":"closed","ping_status":"open","template":"","meta":{"inline_featured_image":false},"product_cat":[1019,1033],"product_tag":[],"class_list":{"0":"post-6754","1":"product","2":"type-product","3":"status-publish","4":"has-post-thumbnail","6":"product_cat-edebiyat","7":"product_cat-roman","8":"pa_boyut-135-x-195-cm","9":"pa_dil-turkce","10":"pa_sayfa-sayisi-362","11":"pa_yayin-tarihi-5-17-2023","12":"pa_yazar-zuhal-gozen","14":"first","15":"instock","16":"sale","17":"purchasable","18":"product-type-simple"},"_links":{"self":[{"href":"http:\/\/www.arkaraf.com\/en\/wp-json\/wp\/v2\/product\/6754","targetHints":{"allow":["GET"]}}],"collection":[{"href":"http:\/\/www.arkaraf.com\/en\/wp-json\/wp\/v2\/product"}],"about":[{"href":"http:\/\/www.arkaraf.com\/en\/wp-json\/wp\/v2\/types\/product"}],"replies":[{"embeddable":true,"href":"http:\/\/www.arkaraf.com\/en\/wp-json\/wp\/v2\/comments?post=6754"}],"wp:featuredmedia":[{"embeddable":true,"href":"http:\/\/www.arkaraf.com\/en\/wp-json\/wp\/v2\/media\/6755"}],"wp:attachment":[{"href":"http:\/\/www.arkaraf.com\/en\/wp-json\/wp\/v2\/media?parent=6754"}],"wp:term":[{"taxonomy":"product_cat","embeddable":true,"href":"http:\/\/www.arkaraf.com\/en\/wp-json\/wp\/v2\/product_cat?post=6754"},{"taxonomy":"product_tag","embeddable":true,"href":"http:\/\/www.arkaraf.com\/en\/wp-json\/wp\/v2\/product_tag?post=6754"}],"curies":[{"name":"wp","href":"https:\/\/api.w.org\/{rel}","templated":true}]}}