{"id":6750,"date":"2025-10-16T12:05:03","date_gmt":"2025-10-16T09:05:03","guid":{"rendered":"http:\/\/www.arkaraf.com\/kitap\/guzelkentin-piafi-omer-f-ozen"},"modified":"2025-10-16T12:05:05","modified_gmt":"2025-10-16T09:05:05","slug":"guzelkentin-piafi-omer-f-ozen","status":"publish","type":"product","link":"http:\/\/www.arkaraf.com\/en\/kitap\/guzelkentin-piafi-omer-f-ozen","title":{"rendered":"G\u00fczelkent&#8217;in Piaf&#8217;\u0131 &#8211; \u00d6mer F. \u00d6zen"},"content":{"rendered":"<p>\u2018T\u00fcrk\u00e7esi varken\u2019 g\u00f6r\u00fc\u015f\u00fcn\u00fcn y\u0131lmaz savunucusu olarak yaz\u0131 ve dizelerinde bu kayg\u0131n\u0131n yo\u011fun izlerini g\u00f6rm\u00fc\u015f oldu\u011fumuz \u00d6mer F. \u00d6zen\u2019in ilk dizeleri ve \u00f6yk\u00fcleri Anadolu bas\u0131n\u0131nda yay\u0131nland\u0131. Yine Anadolu bas\u0131n\u0131nda ba\u015flayan bas\u0131n meslek ya\u015fam\u0131 Cumhuriyet Gazetesinde s\u00fcrd\u00fc. Kanada\u2019n\u0131n Montreal kentinde 1994 y\u0131l\u0131nda \u00fc\u00e7 dilde yay\u0131nlanan Bizim Anadolu Gazetesini kuran \u00d6mer F. \u00d6zen, siyasal, toplumsal ve sanatsal yaz\u0131lar\u0131yla s\u00fcrd\u00fcrd\u00fc\u011f\u00fc bas\u0131n-yay\u0131n ya\u015fam\u0131na ko\u015fut olarak, 2009 &#8211; 2018 y\u0131llar\u0131 aras\u0131nda yine kendisinin kurmu\u015f oldu\u011fu Montreal T\u00fcrk Filmleri \u015eenli\u011fi\u2019nin ba\u015fkanl\u0131\u011f\u0131n\u0131 y\u00fcr\u00fctt\u00fc. Bas\u0131n ve ekinsel etkinliklerinin yan\u0131nda Kanada\u2019da de\u011fi\u015fik ortamlarda T\u00fcrk toplumunun \u00e7\u0131karlar\u0131n\u0131 savunan \u00d6mer F. \u00d6zen, bu etkinlik ve eylemleri dolay\u0131s\u0131yla \u00e7e\u015fitli bas\u0131n, sanatsal ve toplumsal \u00f6d\u00fcllere de lay\u0131k g\u00f6r\u00fcld\u00fc.<\/p>\n<p style=\"text-align: center;\">***<\/p>\n<p>\u00d6mer F. \u00d6zen, bu roman\u0131nda d\u00fc\u015fle ger\u00e7ek, \u00f6l\u00fcmle ya\u015fam aras\u0131nda yolculu\u011fa \u00e7\u0131kan ki\u015fio\u011flu ve k\u0131zlar\u0131n\u0131n bu yolculuklar\u0131n\u0131, ama \u00f6zellikle kad\u0131n\u0131n varolma kavgas\u0131n\u0131 g\u00f6zler \u00f6n\u00fcne seriyor.<\/p>\n<p>\u0130stanbul\u2019dan kalk\u0131p Fransa\u2019dan Kanada\u2019ya uzanan ya\u015fam\u0131nda G\u00fczelkent\u2019in Piaf\u2019\u0131n\u0131n Anadolu\u2019nun k\u00fc\u00e7\u00fck bir kentinde do\u011fmu\u015f, ya\u015fam ser\u00fcvenini Kuzey Amerika\u2019da s\u00fcrd\u00fcren bir gazeteciyle yollar\u0131n\u0131n kesi\u015fti\u011fi karl\u0131 bir gecenin lo\u015f \u0131\u015f\u0131\u011f\u0131nda biribirlerini tan\u0131malar\u0131na ve ya\u015fam\u0131 yorumlay\u0131\u015flar\u0131na tan\u0131k olacaks\u0131n\u0131z. Kimbilir, belki bu ya\u015fam kavgas\u0131nda kendinizi g\u00f6recek, ya\u015fam denen bu ser\u00fcvene farkl\u0131 g\u00f6zlerle bakacaks\u0131n\u0131z; ve ge\u00e7mi\u015fle gelecek aras\u0131nda bir k\u00f6pr\u00fc olan bu gecenin bitmesini istemeyeceksiniz. \u0130yi okumalar!<\/p>\n<p>&nbsp;<\/p>","protected":false},"excerpt":{"rendered":"<p>\u2018T\u00fcrk\u00e7esi varken\u2019 g\u00f6r\u00fc\u015f\u00fcn\u00fcn y\u0131lmaz savunucusu olarak yaz\u0131 ve dizelerinde bu kayg\u0131n\u0131n yo\u011fun izlerini g\u00f6rm\u00fc\u015f oldu\u011fumuz \u00d6mer F. \u00d6zen\u2019in ilk dizeleri ve \u00f6yk\u00fcleri Anadolu bas\u0131n\u0131nda yay\u0131nland\u0131. Yine Anadolu bas\u0131n\u0131nda ba\u015flayan bas\u0131n meslek ya\u015fam\u0131 Cumhuriyet Gazetesinde s\u00fcrd\u00fc. Kanada\u2019n\u0131n Montreal kentinde 1994 y\u0131l\u0131nda \u00fc\u00e7 dilde yay\u0131nlanan Bizim Anadolu Gazetesini kuran \u00d6mer F. \u00d6zen, siyasal, toplumsal ve sanatsal yaz\u0131lar\u0131yla [&hellip;]<\/p>\n","protected":false},"featured_media":6751,"comment_status":"closed","ping_status":"open","template":"","meta":{"inline_featured_image":false},"product_cat":[1019,1033],"product_tag":[],"class_list":{"0":"post-6750","1":"product","2":"type-product","3":"status-publish","4":"has-post-thumbnail","6":"product_cat-edebiyat","7":"product_cat-roman","8":"pa_boyut-135-x-195-cm","9":"pa_dil-turkce","10":"pa_sayfa-sayisi-946","11":"pa_yayin-tarihi-4-13-2023","12":"pa_yazar-omer-f-ozen","14":"first","15":"instock","16":"sale","17":"purchasable","18":"product-type-simple"},"_links":{"self":[{"href":"http:\/\/www.arkaraf.com\/en\/wp-json\/wp\/v2\/product\/6750","targetHints":{"allow":["GET"]}}],"collection":[{"href":"http:\/\/www.arkaraf.com\/en\/wp-json\/wp\/v2\/product"}],"about":[{"href":"http:\/\/www.arkaraf.com\/en\/wp-json\/wp\/v2\/types\/product"}],"replies":[{"embeddable":true,"href":"http:\/\/www.arkaraf.com\/en\/wp-json\/wp\/v2\/comments?post=6750"}],"wp:featuredmedia":[{"embeddable":true,"href":"http:\/\/www.arkaraf.com\/en\/wp-json\/wp\/v2\/media\/6751"}],"wp:attachment":[{"href":"http:\/\/www.arkaraf.com\/en\/wp-json\/wp\/v2\/media?parent=6750"}],"wp:term":[{"taxonomy":"product_cat","embeddable":true,"href":"http:\/\/www.arkaraf.com\/en\/wp-json\/wp\/v2\/product_cat?post=6750"},{"taxonomy":"product_tag","embeddable":true,"href":"http:\/\/www.arkaraf.com\/en\/wp-json\/wp\/v2\/product_tag?post=6750"}],"curies":[{"name":"wp","href":"https:\/\/api.w.org\/{rel}","templated":true}]}}