{"id":6742,"date":"2025-10-16T12:03:56","date_gmt":"2025-10-16T09:03:56","guid":{"rendered":"http:\/\/www.arkaraf.com\/kitap\/gulyabaninin-zaman-carki-hasisatra-mustafa-okyay"},"modified":"2025-10-16T12:04:54","modified_gmt":"2025-10-16T09:04:54","slug":"gulyabaninin-zaman-carki-hasisatra-mustafa-okyay","status":"publish","type":"product","link":"http:\/\/www.arkaraf.com\/en\/kitap\/gulyabaninin-zaman-carki-hasisatra-mustafa-okyay","title":{"rendered":"Gulyabani&#8217;nin Zaman \u00c7ark\u0131 &#8211; Has\u0131satra &#8211; Mustafa Okyay"},"content":{"rendered":"<p>Ben onba\u015f\u0131 Axel, ge\u00e7imimi \u00e7ift\u00e7ilikle sa\u011flayan s\u0131radan biriydim. Ne oldu\u011funu anlamadan \u0130ngilizler taraf\u0131ndan bir sava\u015fa g\u00f6t\u00fcr\u00fcld\u00fcm. Hi\u00e7bir insan\u0131n g\u00f6rmedi\u011fi \u015feyleri g\u00f6rd\u00fcm ve kimsenin ya\u015famad\u0131\u011f\u0131 duygular\u0131 hissettim. Kaderi de\u011fi\u015ftirmek bizim elimizde miydi? Yoksa sadece yaz\u0131lan\u0131 m\u0131 ya\u015f\u0131yorduk? \u0130\u015fte ben bunun s\u0131rr\u0131na eri\u015ftim. Art\u0131k farkl\u0131 bir boyuttay\u0131m. Tarih boyunca insano\u011flu beni bir \u00e7ok isimle and\u0131. Ama en bilindik olan\u0131 \u015fuydu, Has\u0131satra.<\/p>","protected":false},"excerpt":{"rendered":"<p>Ben onba\u015f\u0131 Axel, ge\u00e7imimi \u00e7ift\u00e7ilikle sa\u011flayan s\u0131radan biriydim. Ne oldu\u011funu anlamadan \u0130ngilizler taraf\u0131ndan bir sava\u015fa g\u00f6t\u00fcr\u00fcld\u00fcm. Hi\u00e7bir insan\u0131n g\u00f6rmedi\u011fi \u015feyleri g\u00f6rd\u00fcm ve kimsenin ya\u015famad\u0131\u011f\u0131 duygular\u0131 hissettim. Kaderi de\u011fi\u015ftirmek bizim elimizde miydi? Yoksa sadece yaz\u0131lan\u0131 m\u0131 ya\u015f\u0131yorduk? \u0130\u015fte ben bunun s\u0131rr\u0131na eri\u015ftim. Art\u0131k farkl\u0131 bir boyuttay\u0131m. Tarih boyunca insano\u011flu beni bir \u00e7ok isimle and\u0131. Ama en [&hellip;]<\/p>\n","protected":false},"featured_media":6743,"comment_status":"closed","ping_status":"open","template":"","meta":{"inline_featured_image":false},"product_cat":[1019,1033],"product_tag":[],"class_list":{"0":"post-6742","1":"product","2":"type-product","3":"status-publish","4":"has-post-thumbnail","6":"product_cat-edebiyat","7":"product_cat-roman","8":"pa_boyut-135-x-195-cm","9":"pa_dil-turkce","10":"pa_sayfa-sayisi-687","11":"pa_yayin-tarihi-3-28-2023","12":"pa_yazar-mustafa-okyay","14":"first","15":"instock","16":"sale","17":"purchasable","18":"product-type-simple"},"_links":{"self":[{"href":"http:\/\/www.arkaraf.com\/en\/wp-json\/wp\/v2\/product\/6742","targetHints":{"allow":["GET"]}}],"collection":[{"href":"http:\/\/www.arkaraf.com\/en\/wp-json\/wp\/v2\/product"}],"about":[{"href":"http:\/\/www.arkaraf.com\/en\/wp-json\/wp\/v2\/types\/product"}],"replies":[{"embeddable":true,"href":"http:\/\/www.arkaraf.com\/en\/wp-json\/wp\/v2\/comments?post=6742"}],"wp:featuredmedia":[{"embeddable":true,"href":"http:\/\/www.arkaraf.com\/en\/wp-json\/wp\/v2\/media\/6743"}],"wp:attachment":[{"href":"http:\/\/www.arkaraf.com\/en\/wp-json\/wp\/v2\/media?parent=6742"}],"wp:term":[{"taxonomy":"product_cat","embeddable":true,"href":"http:\/\/www.arkaraf.com\/en\/wp-json\/wp\/v2\/product_cat?post=6742"},{"taxonomy":"product_tag","embeddable":true,"href":"http:\/\/www.arkaraf.com\/en\/wp-json\/wp\/v2\/product_tag?post=6742"}],"curies":[{"name":"wp","href":"https:\/\/api.w.org\/{rel}","templated":true}]}}