{"id":6736,"date":"2025-10-16T12:03:56","date_gmt":"2025-10-16T09:03:56","guid":{"rendered":"http:\/\/www.arkaraf.com\/kitap\/karagoz-ile-hacivat-songul-acar"},"modified":"2025-10-16T12:04:47","modified_gmt":"2025-10-16T09:04:47","slug":"karagoz-ile-hacivat-songul-acar","status":"publish","type":"product","link":"http:\/\/www.arkaraf.com\/en\/kitap\/karagoz-ile-hacivat-songul-acar","title":{"rendered":"Karag\u00f6z ile Hacivat &#8211; Song\u00fcl Acar"},"content":{"rendered":"<p>Karag\u00f6z ve Hacivat, Osmanl\u0131 ve T\u00fcrk tiyatro tarihinin en bilinen, g\u00f6n\u00fcllerde taht kurmu\u015f iki karakteridir. Ge\u00e7mi\u015ften g\u00fcn\u00fcm\u00fcze t\u00fcm mimiklerde onlar\u0131n tebess\u00fcm ve kahkaha dolu izleri var. D\u00fcn vard\u0131lar, bug\u00fcn varlar; nice yar\u0131nlarda, sonsuza dek var olacaklar\u2026<\/p>","protected":false},"excerpt":{"rendered":"<p>Karag\u00f6z ve Hacivat, Osmanl\u0131 ve T\u00fcrk tiyatro tarihinin en bilinen, g\u00f6n\u00fcllerde taht kurmu\u015f iki karakteridir. Ge\u00e7mi\u015ften g\u00fcn\u00fcm\u00fcze t\u00fcm mimiklerde onlar\u0131n tebess\u00fcm ve kahkaha dolu izleri var. D\u00fcn vard\u0131lar, bug\u00fcn varlar; nice yar\u0131nlarda, sonsuza dek var olacaklar\u2026<\/p>","protected":false},"featured_media":6737,"comment_status":"closed","ping_status":"open","template":"","meta":{"inline_featured_image":false},"product_cat":[1019,1285],"product_tag":[],"class_list":{"0":"post-6736","1":"product","2":"type-product","3":"status-publish","4":"has-post-thumbnail","6":"product_cat-edebiyat","7":"product_cat-tiyatro","8":"pa_boyut-135-x-195-cm","9":"pa_dil-turkce","10":"pa_sayfa-sayisi-454","11":"pa_yayin-tarihi-3-6-2023","12":"pa_yazar-songul-acar","14":"first","15":"instock","16":"sale","17":"purchasable","18":"product-type-simple"},"_links":{"self":[{"href":"http:\/\/www.arkaraf.com\/en\/wp-json\/wp\/v2\/product\/6736","targetHints":{"allow":["GET"]}}],"collection":[{"href":"http:\/\/www.arkaraf.com\/en\/wp-json\/wp\/v2\/product"}],"about":[{"href":"http:\/\/www.arkaraf.com\/en\/wp-json\/wp\/v2\/types\/product"}],"replies":[{"embeddable":true,"href":"http:\/\/www.arkaraf.com\/en\/wp-json\/wp\/v2\/comments?post=6736"}],"wp:featuredmedia":[{"embeddable":true,"href":"http:\/\/www.arkaraf.com\/en\/wp-json\/wp\/v2\/media\/6737"}],"wp:attachment":[{"href":"http:\/\/www.arkaraf.com\/en\/wp-json\/wp\/v2\/media?parent=6736"}],"wp:term":[{"taxonomy":"product_cat","embeddable":true,"href":"http:\/\/www.arkaraf.com\/en\/wp-json\/wp\/v2\/product_cat?post=6736"},{"taxonomy":"product_tag","embeddable":true,"href":"http:\/\/www.arkaraf.com\/en\/wp-json\/wp\/v2\/product_tag?post=6736"}],"curies":[{"name":"wp","href":"https:\/\/api.w.org\/{rel}","templated":true}]}}