{"id":6732,"date":"2025-10-16T12:03:56","date_gmt":"2025-10-16T09:03:56","guid":{"rendered":"http:\/\/www.arkaraf.com\/kitap\/insan-insan-dogmaz-sonradan-insan-olur-mehmet-sefik-kisa"},"modified":"2025-10-16T12:04:42","modified_gmt":"2025-10-16T09:04:42","slug":"insan-insan-dogmaz-sonradan-insan-olur-mehmet-sefik-kisa","status":"publish","type":"product","link":"http:\/\/www.arkaraf.com\/en\/kitap\/insan-insan-dogmaz-sonradan-insan-olur-mehmet-sefik-kisa","title":{"rendered":"\u0130nsan, \u0130nsan Do\u011fmaz Sonradan \u0130nsan Olur &#8211; Mehmet \u015eefik K\u0131sa"},"content":{"rendered":"<p>\u0130nsan kendisini ya\u015fad\u0131\u011f\u0131 topluma kabul ettirmek i\u00e7in s\u00fcsl\u00fc yalanlar s\u00f6yler. Sonra da yalan\u0131 ortaya \u00e7\u0131kmas\u0131n diye; s\u00f6yledi\u011fi yalana g\u00f6re \u00e7eli\u015fkili bir hayat s\u00fcrer. En b\u00fcy\u00fck yalan\u0131 kendine s\u00f6yler asl\u0131nda. S\u00f6ylemlerindeki gibi iyi biri oldu\u011funu g\u00f6stermek ona bir \u00f6m\u00fcr zaman harcat\u0131r. Kendisine yeniden d\u00f6nebilme zaman\u0131n\u0131 yitirir. Kendisi olmay\u0131 beceremeden yitip gider.<\/p>","protected":false},"excerpt":{"rendered":"<p>\u0130nsan kendisini ya\u015fad\u0131\u011f\u0131 topluma kabul ettirmek i\u00e7in s\u00fcsl\u00fc yalanlar s\u00f6yler. Sonra da yalan\u0131 ortaya \u00e7\u0131kmas\u0131n diye; s\u00f6yledi\u011fi yalana g\u00f6re \u00e7eli\u015fkili bir hayat s\u00fcrer. En b\u00fcy\u00fck yalan\u0131 kendine s\u00f6yler asl\u0131nda. S\u00f6ylemlerindeki gibi iyi biri oldu\u011funu g\u00f6stermek ona bir \u00f6m\u00fcr zaman harcat\u0131r. Kendisine yeniden d\u00f6nebilme zaman\u0131n\u0131 yitirir. Kendisi olmay\u0131 beceremeden yitip gider.<\/p>","protected":false},"featured_media":6733,"comment_status":"closed","ping_status":"open","template":"","meta":{"inline_featured_image":false},"product_cat":[1024,1019],"product_tag":[],"class_list":{"0":"post-6732","1":"product","2":"type-product","3":"status-publish","4":"has-post-thumbnail","6":"product_cat-deneme","7":"product_cat-edebiyat","8":"pa_boyut-135-x-195-cm","9":"pa_dil-turkce","10":"pa_sayfa-sayisi-356","11":"pa_yayin-tarihi-3-6-2023","12":"pa_yazar-mehmet-sefik-kisa","14":"first","15":"instock","16":"sale","17":"purchasable","18":"product-type-simple"},"_links":{"self":[{"href":"http:\/\/www.arkaraf.com\/en\/wp-json\/wp\/v2\/product\/6732","targetHints":{"allow":["GET"]}}],"collection":[{"href":"http:\/\/www.arkaraf.com\/en\/wp-json\/wp\/v2\/product"}],"about":[{"href":"http:\/\/www.arkaraf.com\/en\/wp-json\/wp\/v2\/types\/product"}],"replies":[{"embeddable":true,"href":"http:\/\/www.arkaraf.com\/en\/wp-json\/wp\/v2\/comments?post=6732"}],"wp:featuredmedia":[{"embeddable":true,"href":"http:\/\/www.arkaraf.com\/en\/wp-json\/wp\/v2\/media\/6733"}],"wp:attachment":[{"href":"http:\/\/www.arkaraf.com\/en\/wp-json\/wp\/v2\/media?parent=6732"}],"wp:term":[{"taxonomy":"product_cat","embeddable":true,"href":"http:\/\/www.arkaraf.com\/en\/wp-json\/wp\/v2\/product_cat?post=6732"},{"taxonomy":"product_tag","embeddable":true,"href":"http:\/\/www.arkaraf.com\/en\/wp-json\/wp\/v2\/product_tag?post=6732"}],"curies":[{"name":"wp","href":"https:\/\/api.w.org\/{rel}","templated":true}]}}