{"id":6714,"date":"2025-10-16T12:03:56","date_gmt":"2025-10-16T09:03:56","guid":{"rendered":"http:\/\/www.arkaraf.com\/kitap\/hesaplasma-zamani-mehmet-selvi"},"modified":"2025-10-16T12:04:05","modified_gmt":"2025-10-16T09:04:05","slug":"hesaplasma-zamani-mehmet-selvi","status":"publish","type":"product","link":"http:\/\/www.arkaraf.com\/en\/kitap\/hesaplasma-zamani-mehmet-selvi","title":{"rendered":"Hesapla\u015fma Zaman\u0131 &#8211; Mehmet Selvi"},"content":{"rendered":"<p>Yolun sonunu g\u00f6rebilmek i\u00e7in yola \u00e7\u0131kman\u0131z, yolun sonunu biliyor ve de\u011fi\u015ftirmek istiyorsan\u0131z en ba\u015fa d\u00f6nmeniz gerekir. Bu yolculuk sonu de\u011fi\u015ftirme \u00e7abas\u0131ndan ibaret.<\/p>\n<p>Kimin hesab\u0131n\u0131n, kimin a\u015fk\u0131n\u0131n, kimin fedak\u00e2rl\u0131\u011f\u0131n\u0131n daha b\u00fcy\u00fck oldu\u011funu kelimeler de\u011fil, D\u00fcnya\u2019ya hangi karakterin g\u00f6z\u00fcnden bakaca\u011f\u0131m\u0131z belirler.<\/p>\n<p>Ya\u015fanan tarih tek, okunan neredeyse hi\u00e7, anlat\u0131lan onlarcad\u0131r. Yaz\u0131lanlar\u0131 okumaya g\u00fcc\u00fcm\u00fcz\u00fcn yetmedi\u011fi bir zamandan, bir ka\u00e7 ad\u0131m \u00f6teye gitmenin zorlu\u011funu g\u00f6rd\u00fcm. Herkese yetecek kadar zaman makinemiz olsun ve herkes her \u015feyi kendi g\u00f6zleriyle g\u00f6rs\u00fcn isterdim. En az\u0131ndan kendi g\u00f6rebildiklerimi aktarmak istedim. \u00c7\u00fcnk\u00fc inan\u0131r\u0131m ki \u2018Bilgi y\u00fckt\u00fcr, vebali b\u00fcy\u00fckt\u00fcr.\u2019 Zamanda geriye gitmeyi bir kenara b\u0131rak\u0131rsak, zamanda ileriye giderken i\u015finize yarayabilecek bir el kitab\u0131 haz\u0131rlad\u0131m. Bir g\u00fcn elinize zamanda yolculuk f\u0131rsat\u0131 ge\u00e7erse, o g\u00fcn, okuyacaklar\u0131n\u0131z\u0131 hat\u0131rlaman\u0131z\u0131 isterim.<\/p>\n<p>Son sayfaya varabilir, okudu\u011funuz kelimeleri sona kadar ta\u015f\u0131yabilirseniz, hayat denen manzaraya a\u00e7\u0131lan ve hen\u00fcz bakamad\u0131\u011f\u0131m\u0131z daha nice pencerelerin oldu\u011funu g\u00f6receksiniz. \u00d6nyarg\u0131lar, numaras\u0131 bozuk g\u00f6zl\u00fckler gibidir. Bu yolculu\u011fa e\u011fer onlarla beraber \u00e7\u0131karsan\u0131z g\u00f6rece\u011finiz manzara, ezberledi\u011finiz foto\u011fraflar\u0131n \u00f6tesine ge\u00e7emez.<\/p>\n<p>Uzun bir yolun ilk ad\u0131mlar\u0131n\u0131 atmak \u00fczeresiniz. Bu kadar uzun bir yolun elbet birka\u00e7 sat\u0131r\u0131nda kar\u015f\u0131la\u015f\u0131r\u0131z.<\/p>\n<p>\u0130yi yolculuklar\u2026<\/p>\n<p><em>\u201cKitap her \u015feyden \u00f6nce tarihi bilgileriyle \u00f6zg\u00fcn bir almanak olmu\u015f. Belgesel gibi ba\u015flay\u0131p, ilerleyen b\u00f6l\u00fcmlerde, s\u00fcr\u00fckleyici bir romana d\u00f6n\u00fc\u015fm\u00fc\u015f. Uzun bir kitap olmas\u0131na ra\u011fmen anlat\u0131m muhakemesi ba\u015f\u0131ndan sonuna kadar hi\u00e7 bozulmam\u0131\u015f. Yormayan ak\u0131c\u0131 bir anlat\u0131m\u0131 var. Kurgu tarz\u0131ndaki belgeselleri de an\u0131msat\u0131yor. Okuyan\u0131n tak\u0131l\u0131p kalmas\u0131na izin vermiyor. <\/em><\/p>\n<p><em>Okuyan\u0131 \u201c\u00dclkenin bug\u00fcn her alanda ya\u015fad\u0131\u011f\u0131 sorunlar, ge\u00e7mi\u015fteki hangi yanl\u0131\u015fl\u0131klar nedeniyle olmu\u015f\u201d sorusuna itiyor. Sonras\u0131nda ise, bireylere d\u00f6n\u00fclm\u00fc\u015f, ya\u015fayanlar olarak kendimizle ve hayat\u0131m\u0131zla hesapla\u015f\u0131rken neler ya\u015fad\u0131\u011f\u0131m\u0131z, duygular\u0131m\u0131z ve bunlar\u0131n sonu\u00e7lar\u0131 \u00fczerinde durulmu\u015f. Genel tema, vatan sevgisi d\u00fcr\u00fcstl\u00fck dostluk fazilet gibi pek \u00e7ok ortak de\u011ferin ne kadar \u00f6nemli oldu\u011fu \u00fczerine. Daha sonlarda ise hayatlar\u0131m\u0131zdan beklentilerimiz,\u00a0 aile ili\u015fkileri ve tabi a\u015fk mevzu i\u015flenmi\u015f. Hepsi yerinde ve \u00f6l\u00e7\u00fcl\u00fc. Ama as\u0131l vurgulanan zaman\u0131 do\u011fru ya\u015fa d\u00fcsturu. <\/em><\/p>\n<p><em>Senaryo ince ince d\u00fc\u015f\u00fcn\u00fclm\u00fc\u015f. Zaman ve mahal betimlemeleri gayet ger\u00e7ek\u00e7i. Ara\u015ft\u0131r\u0131lm\u0131\u015f, empati yap\u0131lm\u0131\u015f. Okuyana yak\u0131n T\u00fcrkiye tarihi ile ilgili \u00f6zetlenmi\u015f \u00f6nemli bilgiler verilmi\u015f. Diyaloglarda kar\u015f\u0131l\u0131kl\u0131 fikirlerin g\u00fc\u00e7l\u00fc bir \u015fekilde \u00e7arp\u0131\u015ft\u0131r\u0131lmas\u0131ndan ka\u00e7\u0131n\u0131lmam\u0131\u015f. \u00d6yle ki, olaylar sanki yazar\u0131n da kontrol\u00fcnden \u00e7\u0131km\u0131\u015f ve kendine yeni bir seyir belirlemi\u015f gibi bir anlat\u0131m var. Evrensel de\u011ferler cesaretle i\u015faretlenmi\u015f. Ak\u0131lda kalacak etkileyici bir hik\u00e2ye.\u201d<\/em>\u00a0 <strong>Cenk DEM\u0130RARSLAN &#8211; Yazar<\/strong><\/p>","protected":false},"excerpt":{"rendered":"<p>Yolun sonunu g\u00f6rebilmek i\u00e7in yola \u00e7\u0131kman\u0131z, yolun sonunu biliyor ve de\u011fi\u015ftirmek istiyorsan\u0131z en ba\u015fa d\u00f6nmeniz gerekir. Bu yolculuk sonu de\u011fi\u015ftirme \u00e7abas\u0131ndan ibaret. Kimin hesab\u0131n\u0131n, kimin a\u015fk\u0131n\u0131n, kimin fedak\u00e2rl\u0131\u011f\u0131n\u0131n daha b\u00fcy\u00fck oldu\u011funu kelimeler de\u011fil, D\u00fcnya\u2019ya hangi karakterin g\u00f6z\u00fcnden bakaca\u011f\u0131m\u0131z belirler. Ya\u015fanan tarih tek, okunan neredeyse hi\u00e7, anlat\u0131lan onlarcad\u0131r. Yaz\u0131lanlar\u0131 okumaya g\u00fcc\u00fcm\u00fcz\u00fcn yetmedi\u011fi bir zamandan, bir ka\u00e7 [&hellip;]<\/p>\n","protected":false},"featured_media":6715,"comment_status":"closed","ping_status":"open","template":"","meta":{"inline_featured_image":false},"product_cat":[1019,1033],"product_tag":[],"class_list":{"0":"post-6714","1":"product","2":"type-product","3":"status-publish","4":"has-post-thumbnail","6":"product_cat-edebiyat","7":"product_cat-roman","8":"pa_boyut-135-x-195-cm","9":"pa_dil-turkce","10":"pa_sayfa-sayisi-1405","11":"pa_yayin-tarihi-2-20-2024","12":"pa_yazar-mehmet-selvi","14":"first","15":"instock","16":"sale","17":"purchasable","18":"product-type-simple"},"_links":{"self":[{"href":"http:\/\/www.arkaraf.com\/en\/wp-json\/wp\/v2\/product\/6714","targetHints":{"allow":["GET"]}}],"collection":[{"href":"http:\/\/www.arkaraf.com\/en\/wp-json\/wp\/v2\/product"}],"about":[{"href":"http:\/\/www.arkaraf.com\/en\/wp-json\/wp\/v2\/types\/product"}],"replies":[{"embeddable":true,"href":"http:\/\/www.arkaraf.com\/en\/wp-json\/wp\/v2\/comments?post=6714"}],"wp:featuredmedia":[{"embeddable":true,"href":"http:\/\/www.arkaraf.com\/en\/wp-json\/wp\/v2\/media\/6715"}],"wp:attachment":[{"href":"http:\/\/www.arkaraf.com\/en\/wp-json\/wp\/v2\/media?parent=6714"}],"wp:term":[{"taxonomy":"product_cat","embeddable":true,"href":"http:\/\/www.arkaraf.com\/en\/wp-json\/wp\/v2\/product_cat?post=6714"},{"taxonomy":"product_tag","embeddable":true,"href":"http:\/\/www.arkaraf.com\/en\/wp-json\/wp\/v2\/product_tag?post=6714"}],"curies":[{"name":"wp","href":"https:\/\/api.w.org\/{rel}","templated":true}]}}