{"id":6706,"date":"2025-10-16T12:02:56","date_gmt":"2025-10-16T09:02:56","guid":{"rendered":"http:\/\/www.arkaraf.com\/kitap\/desiderium-sema-uzun"},"modified":"2025-10-16T12:03:52","modified_gmt":"2025-10-16T09:03:52","slug":"desiderium-sema-uzun","status":"publish","type":"product","link":"http:\/\/www.arkaraf.com\/en\/kitap\/desiderium-sema-uzun","title":{"rendered":"Desiderium &#8211; Sema Uzun"},"content":{"rendered":"<p>Bir g\u00fcn son kez sar\u0131lacakt\u0131m sana,<br \/>\nKayan y\u0131ld\u0131z bunu de\u011fi\u015ftiremezdi.<\/p>","protected":false},"excerpt":{"rendered":"<p>Bir g\u00fcn son kez sar\u0131lacakt\u0131m sana, Kayan y\u0131ld\u0131z bunu de\u011fi\u015ftiremezdi.<\/p>","protected":false},"featured_media":6707,"comment_status":"closed","ping_status":"open","template":"","meta":{"inline_featured_image":false},"product_cat":[1020,1019],"product_tag":[],"class_list":{"0":"post-6706","1":"product","2":"type-product","3":"status-publish","4":"has-post-thumbnail","6":"product_cat-siir","7":"product_cat-edebiyat","8":"pa_boyut-135-x-195-cm","9":"pa_dil-turkce","10":"pa_sayfa-sayisi-1399","11":"pa_yayin-tarihi-12-29-2022","12":"pa_yazar-sema-uzun","14":"first","15":"instock","16":"sale","17":"purchasable","18":"product-type-simple"},"_links":{"self":[{"href":"http:\/\/www.arkaraf.com\/en\/wp-json\/wp\/v2\/product\/6706","targetHints":{"allow":["GET"]}}],"collection":[{"href":"http:\/\/www.arkaraf.com\/en\/wp-json\/wp\/v2\/product"}],"about":[{"href":"http:\/\/www.arkaraf.com\/en\/wp-json\/wp\/v2\/types\/product"}],"replies":[{"embeddable":true,"href":"http:\/\/www.arkaraf.com\/en\/wp-json\/wp\/v2\/comments?post=6706"}],"wp:featuredmedia":[{"embeddable":true,"href":"http:\/\/www.arkaraf.com\/en\/wp-json\/wp\/v2\/media\/6707"}],"wp:attachment":[{"href":"http:\/\/www.arkaraf.com\/en\/wp-json\/wp\/v2\/media?parent=6706"}],"wp:term":[{"taxonomy":"product_cat","embeddable":true,"href":"http:\/\/www.arkaraf.com\/en\/wp-json\/wp\/v2\/product_cat?post=6706"},{"taxonomy":"product_tag","embeddable":true,"href":"http:\/\/www.arkaraf.com\/en\/wp-json\/wp\/v2\/product_tag?post=6706"}],"curies":[{"name":"wp","href":"https:\/\/api.w.org\/{rel}","templated":true}]}}