{"id":6698,"date":"2025-10-16T12:02:56","date_gmt":"2025-10-16T09:02:56","guid":{"rendered":"http:\/\/www.arkaraf.com\/kitap\/hayatin-perdesiz-penceresi-dilek-bayram"},"modified":"2025-10-16T12:03:43","modified_gmt":"2025-10-16T09:03:43","slug":"hayatin-perdesiz-penceresi-dilek-bayram","status":"publish","type":"product","link":"http:\/\/www.arkaraf.com\/en\/kitap\/hayatin-perdesiz-penceresi-dilek-bayram","title":{"rendered":"Hayat\u0131n Perdesiz Penceresi &#8211; Dilek Bayram"},"content":{"rendered":"<p>\u201cDEKA: Bir \u015fiirin i\u00e7ine hapsolmu\u015f psycheler gibiydiler.<br \/>\nT\u00fcm g\u00fcnahlar\u0131n\u0131 kendileri \u00e7\u0131kard\u0131lar.<br \/>\nKendi kendilerini affettiler. Zaman kavram\u0131n\u0131 yitirmi\u015fti\u2026\u201d<\/p>","protected":false},"excerpt":{"rendered":"<p>\u201cDEKA: Bir \u015fiirin i\u00e7ine hapsolmu\u015f psycheler gibiydiler. T\u00fcm g\u00fcnahlar\u0131n\u0131 kendileri \u00e7\u0131kard\u0131lar. Kendi kendilerini affettiler. Zaman kavram\u0131n\u0131 yitirmi\u015fti\u2026\u201d<\/p>","protected":false},"featured_media":6699,"comment_status":"closed","ping_status":"open","template":"","meta":{"inline_featured_image":false},"product_cat":[1020,1019],"product_tag":[],"class_list":{"0":"post-6698","1":"product","2":"type-product","3":"status-publish","4":"has-post-thumbnail","6":"product_cat-siir","7":"product_cat-edebiyat","8":"pa_boyut-135-x-195-cm","9":"pa_dil-turkce","10":"pa_sayfa-sayisi-971","11":"pa_yayin-tarihi-5-1-2023","12":"pa_yazar-dilek-bayram","14":"first","15":"instock","16":"sale","17":"purchasable","18":"product-type-simple"},"_links":{"self":[{"href":"http:\/\/www.arkaraf.com\/en\/wp-json\/wp\/v2\/product\/6698","targetHints":{"allow":["GET"]}}],"collection":[{"href":"http:\/\/www.arkaraf.com\/en\/wp-json\/wp\/v2\/product"}],"about":[{"href":"http:\/\/www.arkaraf.com\/en\/wp-json\/wp\/v2\/types\/product"}],"replies":[{"embeddable":true,"href":"http:\/\/www.arkaraf.com\/en\/wp-json\/wp\/v2\/comments?post=6698"}],"wp:featuredmedia":[{"embeddable":true,"href":"http:\/\/www.arkaraf.com\/en\/wp-json\/wp\/v2\/media\/6699"}],"wp:attachment":[{"href":"http:\/\/www.arkaraf.com\/en\/wp-json\/wp\/v2\/media?parent=6698"}],"wp:term":[{"taxonomy":"product_cat","embeddable":true,"href":"http:\/\/www.arkaraf.com\/en\/wp-json\/wp\/v2\/product_cat?post=6698"},{"taxonomy":"product_tag","embeddable":true,"href":"http:\/\/www.arkaraf.com\/en\/wp-json\/wp\/v2\/product_tag?post=6698"}],"curies":[{"name":"wp","href":"https:\/\/api.w.org\/{rel}","templated":true}]}}