{"id":6690,"date":"2025-10-16T12:02:56","date_gmt":"2025-10-16T09:02:56","guid":{"rendered":"http:\/\/www.arkaraf.com\/kitap\/o-mufettisten-hesap-sor-tanrim-suleyman-islak"},"modified":"2025-10-16T12:03:33","modified_gmt":"2025-10-16T09:03:33","slug":"o-mufettisten-hesap-sor-tanrim-suleyman-islak","status":"publish","type":"product","link":"http:\/\/www.arkaraf.com\/en\/kitap\/o-mufettisten-hesap-sor-tanrim-suleyman-islak","title":{"rendered":"O M\u00fcfetti\u015ften Hesap Sor Tanr\u0131&#8217;m &#8211; S\u00fcleyman I\u015flak"},"content":{"rendered":"<p>Dudak b\u00fck\u00fcp, kibirle, sorars\u0131n soruyu,<br \/>\nSana g\u00f6re, bizler bilmiyoruz hi\u00e7bir konuyu,<br \/>\nYukar\u0131da Yaradan var, g\u00f6r\u00fcyor do\u011fruyu,<br \/>\nUnutma, bizde insan\u0131z, m\u00fcfetti\u015f bey.<\/p>\n<p>Ekmek paras\u0131 bu, tabi ki susaca\u011f\u0131m,<br \/>\nElim kolum ba\u011fl\u0131, elbet pusaca\u011f\u0131m,<br \/>\nBurada olmaz ama \u00f6tede kusaca\u011f\u0131m,<br \/>\nUnutma, bizde insan\u0131z, m\u00fcfetti\u015f bey.<\/p>\n<p>Elbette gereklidir, ne diyebilirim tefti\u015fe,<br \/>\nS\u00f6z\u00fcm, b\u00f6cek gibi g\u00f6ren birka\u00e7 m\u00fcfetti\u015fe,<br \/>\nNe ge\u00e7ti elinize, sebep oldunuz da biti\u015fe,<br \/>\nUnutma, bizde insan\u0131z, m\u00fcfetti\u015f bey.<\/p>","protected":false},"excerpt":{"rendered":"<p>Dudak b\u00fck\u00fcp, kibirle, sorars\u0131n soruyu, Sana g\u00f6re, bizler bilmiyoruz hi\u00e7bir konuyu, Yukar\u0131da Yaradan var, g\u00f6r\u00fcyor do\u011fruyu, Unutma, bizde insan\u0131z, m\u00fcfetti\u015f bey. Ekmek paras\u0131 bu, tabi ki susaca\u011f\u0131m, Elim kolum ba\u011fl\u0131, elbet pusaca\u011f\u0131m, Burada olmaz ama \u00f6tede kusaca\u011f\u0131m, Unutma, bizde insan\u0131z, m\u00fcfetti\u015f bey. Elbette gereklidir, ne diyebilirim tefti\u015fe, S\u00f6z\u00fcm, b\u00f6cek gibi g\u00f6ren birka\u00e7 m\u00fcfetti\u015fe, Ne ge\u00e7ti [&hellip;]<\/p>\n","protected":false},"featured_media":6691,"comment_status":"closed","ping_status":"open","template":"","meta":{"inline_featured_image":false},"product_cat":[1083,1019],"product_tag":[],"class_list":{"0":"post-6690","1":"product","2":"type-product","3":"status-publish","4":"has-post-thumbnail","6":"product_cat-ani","7":"product_cat-edebiyat","8":"pa_boyut-135-x-195-cm","9":"pa_dil-turkce","10":"pa_sayfa-sayisi-1389","11":"pa_yayin-tarihi-12-13-2022","12":"pa_yazar-suleyman-islak","14":"first","15":"instock","16":"sale","17":"purchasable","18":"product-type-simple"},"_links":{"self":[{"href":"http:\/\/www.arkaraf.com\/en\/wp-json\/wp\/v2\/product\/6690","targetHints":{"allow":["GET"]}}],"collection":[{"href":"http:\/\/www.arkaraf.com\/en\/wp-json\/wp\/v2\/product"}],"about":[{"href":"http:\/\/www.arkaraf.com\/en\/wp-json\/wp\/v2\/types\/product"}],"replies":[{"embeddable":true,"href":"http:\/\/www.arkaraf.com\/en\/wp-json\/wp\/v2\/comments?post=6690"}],"wp:featuredmedia":[{"embeddable":true,"href":"http:\/\/www.arkaraf.com\/en\/wp-json\/wp\/v2\/media\/6691"}],"wp:attachment":[{"href":"http:\/\/www.arkaraf.com\/en\/wp-json\/wp\/v2\/media?parent=6690"}],"wp:term":[{"taxonomy":"product_cat","embeddable":true,"href":"http:\/\/www.arkaraf.com\/en\/wp-json\/wp\/v2\/product_cat?post=6690"},{"taxonomy":"product_tag","embeddable":true,"href":"http:\/\/www.arkaraf.com\/en\/wp-json\/wp\/v2\/product_tag?post=6690"}],"curies":[{"name":"wp","href":"https:\/\/api.w.org\/{rel}","templated":true}]}}