{"id":6674,"date":"2025-10-16T12:02:56","date_gmt":"2025-10-16T09:02:56","guid":{"rendered":"http:\/\/www.arkaraf.com\/kitap\/kedilere-eziyet-etmisler-asik-ismail-tokadi"},"modified":"2025-10-16T12:03:06","modified_gmt":"2025-10-16T09:03:06","slug":"kedilere-eziyet-etmisler-asik-ismail-tokadi","status":"publish","type":"product","link":"http:\/\/www.arkaraf.com\/en\/kitap\/kedilere-eziyet-etmisler-asik-ismail-tokadi","title":{"rendered":"Kedilere Eziyet Etmi\u015fler &#8211; \u00c2\u015f\u0131k \u0130smail Tokad\u00ee"},"content":{"rendered":"<p>K\u00fc\u00e7\u00fckken ne olacaks\u0131n dediklerinde astronot olmak istiyordum derdim, bu cevab\u0131m hem aileme hem de \u00e7evremdekilere inan\u0131lmaz komik gelse de bir merakt\u0131r gidiyordu bende. Lise \u00e7a\u011flar\u0131na geldim, Uzay Bilimleri Fak\u00fcltesini yazmak istedim ama bu durumu ailem ve arkada\u015flar\u0131ma a\u00e7\u0131klayamad\u0131m. Para etmiyordu \u00fclkede uzay bilimleri. Para \u00e7ok \u00f6nemli ya&#8230; Ben de d\u00fc\u015f\u00fcnd\u00fcm, astronotlar\u0131n ne yapt\u0131klar\u0131na bakt\u0131m. Bo\u015f bo\u015f tak\u0131l\u0131yorlard\u0131 uzay bo\u015flu\u011funda. U\u00e7uyorlard\u0131 bir yerde ama u\u00e7mak da s\u0131k\u0131c\u0131 gelir diye d\u00fc\u015f\u00fcn\u00fcyordum art\u0131k. O y\u00fczden vazge\u00e7tim bu sevdamdan ama i\u00e7imde hep bir ukde kalm\u0131\u015ft\u0131r bu. \u015eiire, sanata da merak\u0131m vard\u0131 hep. \u015eiir yazmaya \u00e7al\u0131\u015f\u0131yordum, yaz\u0131yorum da kendime g\u00f6re&#8230; \u015eiirin hep bir manas\u0131 olmu\u015ftur bende. O y\u00fczden gelince ilham, duram\u0131yordum yerimde, d\u00f6k\u00fcyordum i\u00e7imi. Bir g\u00fcn dedim ki \u015fiirin bir manas\u0131 varsa, uzay\u0131n bir manas\u0131 varsa her \u015feyin bir manas\u0131 olmal\u0131. Bir arkada\u015f &#8220;K\u00fct\u00fcks\u00fcn sen.&#8221; derdi bana, oysa k\u00fct\u00fc\u011f\u00fcn bile bir manas\u0131 vard\u0131, tak\u0131lmazd\u0131m. Mana \u00e7\u0131kar\u0131yordum her \u015feyden ve yaz\u0131yordum. Belki sa\u00e7ma, belki ger\u00e7ek d\u0131\u015f\u0131 ama tak\u0131lmad\u0131m hi\u00e7. Ger\u00e7ekler de bazen ac\u0131, bazen tatl\u0131&#8230; \u015eiirlerim de \u00f6yledir, hayat gibi. Bazen ac\u0131d\u0131r, a\u011f\u0131r gelir insana, bazen de tatl\u0131 bir tebess\u00fcm ettirir. Bazen ger\u00e7ektir, bazen hayal. O y\u00fczden gelen tepkilere bakmadan kimi zaman ger\u00e7e\u011fe tak\u0131larak kimi zaman da hayallerde u\u00e7arak yaz\u0131yorum. Kendime g\u00f6re bir bak\u0131ma astronot oldum, ba\u015fkalar\u0131na g\u00f6re de deli herhalde. Bana g\u00f6re \u015fair olmak, astronot olmakt\u0131r.<\/p>","protected":false},"excerpt":{"rendered":"<p>K\u00fc\u00e7\u00fckken ne olacaks\u0131n dediklerinde astronot olmak istiyordum derdim, bu cevab\u0131m hem aileme hem de \u00e7evremdekilere inan\u0131lmaz komik gelse de bir merakt\u0131r gidiyordu bende. Lise \u00e7a\u011flar\u0131na geldim, Uzay Bilimleri Fak\u00fcltesini yazmak istedim ama bu durumu ailem ve arkada\u015flar\u0131ma a\u00e7\u0131klayamad\u0131m. Para etmiyordu \u00fclkede uzay bilimleri. Para \u00e7ok \u00f6nemli ya&#8230; Ben de d\u00fc\u015f\u00fcnd\u00fcm, astronotlar\u0131n ne yapt\u0131klar\u0131na bakt\u0131m. Bo\u015f [&hellip;]<\/p>\n","protected":false},"featured_media":6675,"comment_status":"closed","ping_status":"open","template":"","meta":{"inline_featured_image":false},"product_cat":[1020,1019],"product_tag":[],"class_list":{"0":"post-6674","1":"product","2":"type-product","3":"status-publish","4":"has-post-thumbnail","6":"product_cat-siir","7":"product_cat-edebiyat","8":"pa_boyut-135-x-195-cm","9":"pa_dil-turkce","10":"pa_sayfa-sayisi-380","11":"pa_yayin-tarihi-11-15-2022","12":"pa_yazar-asik-ismail-tokadi","14":"first","15":"instock","16":"sale","17":"purchasable","18":"product-type-simple"},"_links":{"self":[{"href":"http:\/\/www.arkaraf.com\/en\/wp-json\/wp\/v2\/product\/6674","targetHints":{"allow":["GET"]}}],"collection":[{"href":"http:\/\/www.arkaraf.com\/en\/wp-json\/wp\/v2\/product"}],"about":[{"href":"http:\/\/www.arkaraf.com\/en\/wp-json\/wp\/v2\/types\/product"}],"replies":[{"embeddable":true,"href":"http:\/\/www.arkaraf.com\/en\/wp-json\/wp\/v2\/comments?post=6674"}],"wp:featuredmedia":[{"embeddable":true,"href":"http:\/\/www.arkaraf.com\/en\/wp-json\/wp\/v2\/media\/6675"}],"wp:attachment":[{"href":"http:\/\/www.arkaraf.com\/en\/wp-json\/wp\/v2\/media?parent=6674"}],"wp:term":[{"taxonomy":"product_cat","embeddable":true,"href":"http:\/\/www.arkaraf.com\/en\/wp-json\/wp\/v2\/product_cat?post=6674"},{"taxonomy":"product_tag","embeddable":true,"href":"http:\/\/www.arkaraf.com\/en\/wp-json\/wp\/v2\/product_tag?post=6674"}],"curies":[{"name":"wp","href":"https:\/\/api.w.org\/{rel}","templated":true}]}}