{"id":6662,"date":"2025-10-16T12:02:01","date_gmt":"2025-10-16T09:02:01","guid":{"rendered":"http:\/\/www.arkaraf.com\/kitap\/h-tugay-icyer"},"modified":"2025-10-16T12:02:46","modified_gmt":"2025-10-16T09:02:46","slug":"h-tugay-icyer","status":"publish","type":"product","link":"http:\/\/www.arkaraf.com\/en\/kitap\/h-tugay-icyer","title":{"rendered":"H &#8211; Tu\u011fay \u0130\u00e7yer"},"content":{"rendered":"<p>\u0130spanyolca biliyor musun? \u0130spanyol alfabesinde -h- harfi var. Birka\u00e7 istisna d\u0131\u015f\u0131nda konu\u015furken asla s\u00f6ylenmez bu harf. Fark edilmez, fark\u0131na bile var\u0131lmaz. Sadece yaz\u0131l\u0131rken vard\u0131r. Hem vard\u0131r hem de yoktur anlayaca\u011f\u0131n. Var olmak ve yok olmak aras\u0131nda s\u0131k\u0131\u015f\u0131p kalm\u0131\u015ft\u0131r. Varl\u0131\u011f\u0131 bi\u00e7imsellikten, g\u00f6r\u00fcn\u00fc\u015ften ibarettir. Bedenen, fiziken var olan ama ger\u00e7ekte fark\u0131na bile var\u0131lmayan \u00f6nemsiz insanlar gibi. Benim gibi. Topuzlu k\u0131z\u0131n beni sevmesi bu harfin konu\u015fulurken s\u00f6ylendi\u011fi istisna i\u015fte. Beni var eden bir istisna.<\/p>","protected":false},"excerpt":{"rendered":"<p>\u0130spanyolca biliyor musun? \u0130spanyol alfabesinde -h- harfi var. Birka\u00e7 istisna d\u0131\u015f\u0131nda konu\u015furken asla s\u00f6ylenmez bu harf. Fark edilmez, fark\u0131na bile var\u0131lmaz. Sadece yaz\u0131l\u0131rken vard\u0131r. Hem vard\u0131r hem de yoktur anlayaca\u011f\u0131n. Var olmak ve yok olmak aras\u0131nda s\u0131k\u0131\u015f\u0131p kalm\u0131\u015ft\u0131r. Varl\u0131\u011f\u0131 bi\u00e7imsellikten, g\u00f6r\u00fcn\u00fc\u015ften ibarettir. Bedenen, fiziken var olan ama ger\u00e7ekte fark\u0131na bile var\u0131lmayan \u00f6nemsiz insanlar gibi. Benim [&hellip;]<\/p>\n","protected":false},"featured_media":6663,"comment_status":"closed","ping_status":"open","template":"","meta":{"inline_featured_image":false},"product_cat":[1019,1033],"product_tag":[],"class_list":{"0":"post-6662","1":"product","2":"type-product","3":"status-publish","4":"has-post-thumbnail","6":"product_cat-edebiyat","7":"product_cat-roman","8":"pa_boyut-135-x-195-cm","9":"pa_dil-turkce","10":"pa_sayfa-sayisi-991","11":"pa_yayin-tarihi-8-18-2022","12":"pa_yazar-tugay-icyer","14":"first","15":"instock","16":"sale","17":"purchasable","18":"product-type-simple"},"_links":{"self":[{"href":"http:\/\/www.arkaraf.com\/en\/wp-json\/wp\/v2\/product\/6662","targetHints":{"allow":["GET"]}}],"collection":[{"href":"http:\/\/www.arkaraf.com\/en\/wp-json\/wp\/v2\/product"}],"about":[{"href":"http:\/\/www.arkaraf.com\/en\/wp-json\/wp\/v2\/types\/product"}],"replies":[{"embeddable":true,"href":"http:\/\/www.arkaraf.com\/en\/wp-json\/wp\/v2\/comments?post=6662"}],"wp:featuredmedia":[{"embeddable":true,"href":"http:\/\/www.arkaraf.com\/en\/wp-json\/wp\/v2\/media\/6663"}],"wp:attachment":[{"href":"http:\/\/www.arkaraf.com\/en\/wp-json\/wp\/v2\/media?parent=6662"}],"wp:term":[{"taxonomy":"product_cat","embeddable":true,"href":"http:\/\/www.arkaraf.com\/en\/wp-json\/wp\/v2\/product_cat?post=6662"},{"taxonomy":"product_tag","embeddable":true,"href":"http:\/\/www.arkaraf.com\/en\/wp-json\/wp\/v2\/product_tag?post=6662"}],"curies":[{"name":"wp","href":"https:\/\/api.w.org\/{rel}","templated":true}]}}