{"id":6654,"date":"2025-10-16T12:02:01","date_gmt":"2025-10-16T09:02:01","guid":{"rendered":"http:\/\/www.arkaraf.com\/kitap\/gurunde-sivasin-baglari-siirler-ve-siir-tadinda-anlatilar-hamit-ak"},"modified":"2025-10-16T12:02:35","modified_gmt":"2025-10-16T09:02:35","slug":"gurunde-sivasin-baglari-siirler-ve-siir-tadinda-anlatilar-hamit-ak","status":"publish","type":"product","link":"http:\/\/www.arkaraf.com\/en\/kitap\/gurunde-sivasin-baglari-siirler-ve-siir-tadinda-anlatilar-hamit-ak","title":{"rendered":"G\u00fcr\u00fcn&#8217;de Sivas&#8217;\u0131n Ba\u011flar\u0131 (\u015eiirler ve \u015eiir Tad\u0131nda Anlat\u0131lar) &#8211; Hamit Ak"},"content":{"rendered":"<p>Hamit AK (Kimya Y\u00fcksek M\u00fchendisi)<\/p>\n<p>Sivas, G\u00fcr\u00fcn, Dayakp\u0131nar k\u00f6y\u00fcnde do\u011fdu.<br \/>\n\u0130stanbul \u00dcniversitesi, Kimya Fak\u00fcltesi mezunudur. \u00dclkemizin say\u0131l\u0131 i\u015fletmelerinde y\u00f6neticilik yapt\u0131.<\/p>\n<p>Kendisi Ak Kimya, De-Met Kimya ve Kahve Dibe\u011fi\u2019ni kurdu. Evli ve biri erkek, biri k\u0131z iki evl\u00e2t babas\u0131d\u0131r.<\/p>","protected":false},"excerpt":{"rendered":"<p>Hamit AK (Kimya Y\u00fcksek M\u00fchendisi) Sivas, G\u00fcr\u00fcn, Dayakp\u0131nar k\u00f6y\u00fcnde do\u011fdu. \u0130stanbul \u00dcniversitesi, Kimya Fak\u00fcltesi mezunudur. \u00dclkemizin say\u0131l\u0131 i\u015fletmelerinde y\u00f6neticilik yapt\u0131. Kendisi Ak Kimya, De-Met Kimya ve Kahve Dibe\u011fi\u2019ni kurdu. Evli ve biri erkek, biri k\u0131z iki evl\u00e2t babas\u0131d\u0131r.<\/p>","protected":false},"featured_media":6655,"comment_status":"closed","ping_status":"open","template":"","meta":{"inline_featured_image":false},"product_cat":[1020,1019],"product_tag":[],"class_list":{"0":"post-6654","1":"product","2":"type-product","3":"status-publish","4":"has-post-thumbnail","6":"product_cat-siir","7":"product_cat-edebiyat","8":"pa_boyut-135-x-195-cm","9":"pa_dil-turkce","10":"pa_sayfa-sayisi-898","11":"pa_yayin-tarihi-12-23-2022","12":"pa_yazar-hamit-ak","14":"first","15":"instock","16":"sale","17":"purchasable","18":"product-type-simple"},"_links":{"self":[{"href":"http:\/\/www.arkaraf.com\/en\/wp-json\/wp\/v2\/product\/6654","targetHints":{"allow":["GET"]}}],"collection":[{"href":"http:\/\/www.arkaraf.com\/en\/wp-json\/wp\/v2\/product"}],"about":[{"href":"http:\/\/www.arkaraf.com\/en\/wp-json\/wp\/v2\/types\/product"}],"replies":[{"embeddable":true,"href":"http:\/\/www.arkaraf.com\/en\/wp-json\/wp\/v2\/comments?post=6654"}],"wp:featuredmedia":[{"embeddable":true,"href":"http:\/\/www.arkaraf.com\/en\/wp-json\/wp\/v2\/media\/6655"}],"wp:attachment":[{"href":"http:\/\/www.arkaraf.com\/en\/wp-json\/wp\/v2\/media?parent=6654"}],"wp:term":[{"taxonomy":"product_cat","embeddable":true,"href":"http:\/\/www.arkaraf.com\/en\/wp-json\/wp\/v2\/product_cat?post=6654"},{"taxonomy":"product_tag","embeddable":true,"href":"http:\/\/www.arkaraf.com\/en\/wp-json\/wp\/v2\/product_tag?post=6654"}],"curies":[{"name":"wp","href":"https:\/\/api.w.org\/{rel}","templated":true}]}}