{"id":6650,"date":"2025-10-16T12:02:01","date_gmt":"2025-10-16T09:02:01","guid":{"rendered":"http:\/\/www.arkaraf.com\/kitap\/dan-yoksun-yakaris-sumeyye-akdemir"},"modified":"2025-10-16T12:02:29","modified_gmt":"2025-10-16T09:02:29","slug":"dan-yoksun-yakaris-sumeyye-akdemir","status":"publish","type":"product","link":"http:\/\/www.arkaraf.com\/en\/kitap\/dan-yoksun-yakaris-sumeyye-akdemir","title":{"rendered":"&#8216;dan Yoksun Yakar\u0131\u015f &#8211; S\u00fcmeyye Akdemir"},"content":{"rendered":"<p>Akl\u0131m f\u00fctursuzca me\u015frebinden saparsa \u015fayet<br \/>\nBu dilim bir zamanda olsa anmaz seni s\u00fb-i zann<br \/>\nE\u011fer \u015fa\u015f\u0131p anacak olursa \u015fayet<br \/>\nM\u00fcsterih ol, bu g\u00f6zler sana vecd y\u00fcrekse ruh-\u00fb revan<\/p>","protected":false},"excerpt":{"rendered":"<p>Akl\u0131m f\u00fctursuzca me\u015frebinden saparsa \u015fayet Bu dilim bir zamanda olsa anmaz seni s\u00fb-i zann E\u011fer \u015fa\u015f\u0131p anacak olursa \u015fayet M\u00fcsterih ol, bu g\u00f6zler sana vecd y\u00fcrekse ruh-\u00fb revan<\/p>","protected":false},"featured_media":6651,"comment_status":"closed","ping_status":"open","template":"","meta":{"inline_featured_image":false},"product_cat":[1020,1019],"product_tag":[],"class_list":{"0":"post-6650","1":"product","2":"type-product","3":"status-publish","4":"has-post-thumbnail","6":"product_cat-siir","7":"product_cat-edebiyat","9":"first","10":"instock","11":"sale","12":"purchasable","13":"product-type-simple"},"_links":{"self":[{"href":"http:\/\/www.arkaraf.com\/en\/wp-json\/wp\/v2\/product\/6650","targetHints":{"allow":["GET"]}}],"collection":[{"href":"http:\/\/www.arkaraf.com\/en\/wp-json\/wp\/v2\/product"}],"about":[{"href":"http:\/\/www.arkaraf.com\/en\/wp-json\/wp\/v2\/types\/product"}],"replies":[{"embeddable":true,"href":"http:\/\/www.arkaraf.com\/en\/wp-json\/wp\/v2\/comments?post=6650"}],"wp:featuredmedia":[{"embeddable":true,"href":"http:\/\/www.arkaraf.com\/en\/wp-json\/wp\/v2\/media\/6651"}],"wp:attachment":[{"href":"http:\/\/www.arkaraf.com\/en\/wp-json\/wp\/v2\/media?parent=6650"}],"wp:term":[{"taxonomy":"product_cat","embeddable":true,"href":"http:\/\/www.arkaraf.com\/en\/wp-json\/wp\/v2\/product_cat?post=6650"},{"taxonomy":"product_tag","embeddable":true,"href":"http:\/\/www.arkaraf.com\/en\/wp-json\/wp\/v2\/product_tag?post=6650"}],"curies":[{"name":"wp","href":"https:\/\/api.w.org\/{rel}","templated":true}]}}