{"id":6642,"date":"2025-10-16T12:02:01","date_gmt":"2025-10-16T09:02:01","guid":{"rendered":"http:\/\/www.arkaraf.com\/kitap\/bir-sey-al-mucahid-karacinar"},"modified":"2025-10-16T12:02:19","modified_gmt":"2025-10-16T09:02:19","slug":"bir-sey-al-mucahid-karacinar","status":"publish","type":"product","link":"http:\/\/www.arkaraf.com\/en\/kitap\/bir-sey-al-mucahid-karacinar","title":{"rendered":"Bir \u015eey Al &#8211; M\u00fccahid Kara\u00e7\u0131nar"},"content":{"rendered":"<p>S\u00fcrekli bir \u015feylerin al\u0131nmas\u0131 gerekti\u011fi \u00e7abas\u0131na giren insanlardan s\u0131k\u0131lmad\u0131k m\u0131?<br \/>\nAld\u0131\u011f\u0131m\u0131z bir \u00fcr\u00fcn\u00fcn parasal bir de\u011fere sahip olmas\u0131 gerekti\u011fi kanaatindeyiz hepimiz.<\/p>\n<p>Peki, parayla sat\u0131lamayacak kadar de\u011ferli olan deneyim ve tecr\u00fcbenin fark\u0131nda m\u0131y\u0131z?<\/p>\n<p>Okulu bitirdi\u011fimizde i\u015f yeri sahibi bize \u201cParan var m\u0131?\u201d diye sormuyor. \u201cDeneyimin var m\u0131?\u201d diye soruyor de\u011fil mi?<\/p>\n<p>Demek ki bir \u015feyler alaca\u011f\u0131z fakat bu kimi zaman fiziksel bir \u00fcr\u00fcn\u00fcn \u00f6tesinde ve hayat\u0131m\u0131za de\u011fer katacak uzun vadeli bir fayda olacak.<\/p>\n<p>\u0130\u015fte bu kitap size uzun vadeli bir faydan\u0131n \u00e7ekirde\u011fine inen faydalar\u0131ndan bahsediyor.<\/p>\n<p>Peki, deneyim parayla sat\u0131lamayacak kadar de\u011ferliyse bu \u00fcr\u00fcn\u00fc de\u011ferinin de \u00e7ok alt\u0131nda ald\u0131\u011f\u0131n\u0131zda size ne kazand\u0131racak?<\/p>\n<p>B\u015eA\u2019madan bilemeyiz\u2026<\/p>\n<p>E\u011fitim, al\u0131\u015fveri\u015f, m\u00fczik, sanat.<\/p>","protected":false},"excerpt":{"rendered":"<p>S\u00fcrekli bir \u015feylerin al\u0131nmas\u0131 gerekti\u011fi \u00e7abas\u0131na giren insanlardan s\u0131k\u0131lmad\u0131k m\u0131? Ald\u0131\u011f\u0131m\u0131z bir \u00fcr\u00fcn\u00fcn parasal bir de\u011fere sahip olmas\u0131 gerekti\u011fi kanaatindeyiz hepimiz. Peki, parayla sat\u0131lamayacak kadar de\u011ferli olan deneyim ve tecr\u00fcbenin fark\u0131nda m\u0131y\u0131z? Okulu bitirdi\u011fimizde i\u015f yeri sahibi bize \u201cParan var m\u0131?\u201d diye sormuyor. \u201cDeneyimin var m\u0131?\u201d diye soruyor de\u011fil mi? Demek ki bir \u015feyler alaca\u011f\u0131z [&hellip;]<\/p>\n","protected":false},"featured_media":6643,"comment_status":"closed","ping_status":"open","template":"","meta":{"inline_featured_image":false},"product_cat":[1024,1019],"product_tag":[],"class_list":{"0":"post-6642","1":"product","2":"type-product","3":"status-publish","4":"has-post-thumbnail","6":"product_cat-deneme","7":"product_cat-edebiyat","8":"pa_boyut-135-x-195-cm","9":"pa_dil-turkce","10":"pa_sayfa-sayisi-1092","11":"pa_yayin-tarihi-5-31-2022","12":"pa_yazar-mucahid-karacinar","14":"first","15":"instock","16":"sale","17":"purchasable","18":"product-type-simple"},"_links":{"self":[{"href":"http:\/\/www.arkaraf.com\/en\/wp-json\/wp\/v2\/product\/6642","targetHints":{"allow":["GET"]}}],"collection":[{"href":"http:\/\/www.arkaraf.com\/en\/wp-json\/wp\/v2\/product"}],"about":[{"href":"http:\/\/www.arkaraf.com\/en\/wp-json\/wp\/v2\/types\/product"}],"replies":[{"embeddable":true,"href":"http:\/\/www.arkaraf.com\/en\/wp-json\/wp\/v2\/comments?post=6642"}],"wp:featuredmedia":[{"embeddable":true,"href":"http:\/\/www.arkaraf.com\/en\/wp-json\/wp\/v2\/media\/6643"}],"wp:attachment":[{"href":"http:\/\/www.arkaraf.com\/en\/wp-json\/wp\/v2\/media?parent=6642"}],"wp:term":[{"taxonomy":"product_cat","embeddable":true,"href":"http:\/\/www.arkaraf.com\/en\/wp-json\/wp\/v2\/product_cat?post=6642"},{"taxonomy":"product_tag","embeddable":true,"href":"http:\/\/www.arkaraf.com\/en\/wp-json\/wp\/v2\/product_tag?post=6642"}],"curies":[{"name":"wp","href":"https:\/\/api.w.org\/{rel}","templated":true}]}}