{"id":6640,"date":"2025-10-16T12:02:01","date_gmt":"2025-10-16T09:02:01","guid":{"rendered":"http:\/\/www.arkaraf.com\/kitap\/nilufer-mucahid-karacinar"},"modified":"2025-10-16T12:02:16","modified_gmt":"2025-10-16T09:02:16","slug":"nilufer-mucahid-karacinar","status":"publish","type":"product","link":"http:\/\/www.arkaraf.com\/en\/kitap\/nilufer-mucahid-karacinar","title":{"rendered":"Nil\u00fcfer &#8211; M\u00fccahid Kara\u00e7\u0131nar"},"content":{"rendered":"<p>Bir \u015feyler eksik<br \/>\nBiliyorum<br \/>\nDuvarda raf\u0131m i\u00e7inde kitaplar<br \/>\nBirazc\u0131k zaman<\/p>\n<p>Eksik kalan yanlar\u0131m\u0131z\u0131 nas\u0131l tamamlar\u0131z? Hangisinden ka\u00e7aca\u011f\u0131m\u0131z\u0131 bilemedi\u011fimiz duygular\u0131n pe\u015fine d\u00fc\u015fen bir d\u00fc\u015f\u00fcn\u00fcr kendisini inan\u0131lmaz bir ser\u00fcvenin i\u00e7erisinde buluyor. Farkl\u0131 k\u00fclt\u00fcrlerin birbirleriyle \u00e7at\u0131\u015fmas\u0131yla do\u011fan bir hayat hik\u00e2yesi\u2026<br \/>\nUzaklar i\u00e7imizdeki sorunlara bir \u00e7\u00f6z\u00fcmd\u00fc belki de. O y\u00fczden ka\u00e7amak bir hayat s\u00fcr\u00fc\u015f\u00fcm\u00fcz.<br \/>\nKendi kendini temizleyen hayatlar\u0131n hik\u00e2yesi olan Nil\u00fcfer gururla sunar\u2026<\/p>\n<p>Hep o koyu noktalarda b\u0131rak\u0131ld\u0131k<br \/>\nVirg\u00fcl\u00fcn dengi de\u011fildi ki kalbimiz<\/p>","protected":false},"excerpt":{"rendered":"<p>Bir \u015feyler eksik Biliyorum Duvarda raf\u0131m i\u00e7inde kitaplar Birazc\u0131k zaman Eksik kalan yanlar\u0131m\u0131z\u0131 nas\u0131l tamamlar\u0131z? Hangisinden ka\u00e7aca\u011f\u0131m\u0131z\u0131 bilemedi\u011fimiz duygular\u0131n pe\u015fine d\u00fc\u015fen bir d\u00fc\u015f\u00fcn\u00fcr kendisini inan\u0131lmaz bir ser\u00fcvenin i\u00e7erisinde buluyor. Farkl\u0131 k\u00fclt\u00fcrlerin birbirleriyle \u00e7at\u0131\u015fmas\u0131yla do\u011fan bir hayat hik\u00e2yesi\u2026 Uzaklar i\u00e7imizdeki sorunlara bir \u00e7\u00f6z\u00fcmd\u00fc belki de. O y\u00fczden ka\u00e7amak bir hayat s\u00fcr\u00fc\u015f\u00fcm\u00fcz. Kendi kendini temizleyen hayatlar\u0131n hik\u00e2yesi [&hellip;]<\/p>\n","protected":false},"featured_media":6641,"comment_status":"closed","ping_status":"open","template":"","meta":{"inline_featured_image":false},"product_cat":[1019,1033],"product_tag":[],"class_list":{"0":"post-6640","1":"product","2":"type-product","3":"status-publish","4":"has-post-thumbnail","6":"product_cat-edebiyat","7":"product_cat-roman","8":"pa_boyut-135-x-195-cm","9":"pa_dil-turkce","10":"pa_sayfa-sayisi-492","11":"pa_yayin-tarihi-5-31-2022","12":"pa_yazar-mucahid-karacinar","14":"first","15":"instock","16":"sale","17":"purchasable","18":"product-type-simple"},"_links":{"self":[{"href":"http:\/\/www.arkaraf.com\/en\/wp-json\/wp\/v2\/product\/6640","targetHints":{"allow":["GET"]}}],"collection":[{"href":"http:\/\/www.arkaraf.com\/en\/wp-json\/wp\/v2\/product"}],"about":[{"href":"http:\/\/www.arkaraf.com\/en\/wp-json\/wp\/v2\/types\/product"}],"replies":[{"embeddable":true,"href":"http:\/\/www.arkaraf.com\/en\/wp-json\/wp\/v2\/comments?post=6640"}],"wp:featuredmedia":[{"embeddable":true,"href":"http:\/\/www.arkaraf.com\/en\/wp-json\/wp\/v2\/media\/6641"}],"wp:attachment":[{"href":"http:\/\/www.arkaraf.com\/en\/wp-json\/wp\/v2\/media?parent=6640"}],"wp:term":[{"taxonomy":"product_cat","embeddable":true,"href":"http:\/\/www.arkaraf.com\/en\/wp-json\/wp\/v2\/product_cat?post=6640"},{"taxonomy":"product_tag","embeddable":true,"href":"http:\/\/www.arkaraf.com\/en\/wp-json\/wp\/v2\/product_tag?post=6640"}],"curies":[{"name":"wp","href":"https:\/\/api.w.org\/{rel}","templated":true}]}}