{"id":6638,"date":"2025-10-16T12:02:01","date_gmt":"2025-10-16T09:02:01","guid":{"rendered":"http:\/\/www.arkaraf.com\/kitap\/duygularin-mutasyonu-tuna-akyuz"},"modified":"2025-10-16T12:02:14","modified_gmt":"2025-10-16T09:02:14","slug":"duygularin-mutasyonu-tuna-akyuz","status":"publish","type":"product","link":"http:\/\/www.arkaraf.com\/en\/kitap\/duygularin-mutasyonu-tuna-akyuz","title":{"rendered":"Duygular\u0131n Mutasyonu &#8211; Tuna Aky\u00fcz"},"content":{"rendered":"<p>G\u00fczel g\u00fcnleri g\u00f6rme \u00fcmidiyle bindi\u011fim gemi r\u00fczgarda savruldu, korktum \u00fcrkt\u00fcm a\u011flad\u0131m&#8230; Sonra aya\u011fa kalkt\u0131m. Ya masan\u0131n alt\u0131nda kal\u0131p a\u011flamaya devam edecektim ya da masan\u0131n \u00fczerine \u00e7\u0131k\u0131p oynayacakt\u0131m sanki&#8230; Ortas\u0131n\u0131 bir s\u00fcre bulamad\u0131m&#8230; Masan\u0131n \u00fcst\u00fcne \u00e7\u0131k\u0131p oynad\u0131\u011f\u0131mda g\u00fcld\u00fcm, e\u011flendim, yere d\u00fc\u015ft\u00fcm, sars\u0131ld\u0131m, utand\u0131m, &#8220;Ne yap\u0131yorum ben?&#8221; dedim!<\/p>\n<p>Duygular\u0131m\u0131 kontrol etti\u011fim noktada yolculu\u011fum farkl\u0131la\u015ft\u0131&#8230; \u00d6nce fark\u0131na vard\u0131m, anlamaya \u00e7al\u0131\u015ft\u0131m&#8230; Anlay\u0131p da anlamamazl\u0131\u011fa vurma ya da hi\u00e7bir \u015feyden anlamama ikilemini fark edince her \u015fey de\u011fi\u015fti!<\/p>\n<p>Bazen susarak kazan\u0131yorsun dilsiz olarak, bazen sesini duyurarak kazan\u0131yorsun&#8230; Bazen k\u00f6r olarak kazan\u0131yorsun, bazen g\u00f6z\u00fcn a\u00e7\u0131k olarak kazan\u0131yorsun&#8230; Bazen sa\u011f\u0131r olarak, bazen duyarak&#8230; \u0130\u015fte o noktada krizi ve kendini y\u00f6netebiliyorsun&#8230;<\/p>","protected":false},"excerpt":{"rendered":"<p>G\u00fczel g\u00fcnleri g\u00f6rme \u00fcmidiyle bindi\u011fim gemi r\u00fczgarda savruldu, korktum \u00fcrkt\u00fcm a\u011flad\u0131m&#8230; Sonra aya\u011fa kalkt\u0131m. Ya masan\u0131n alt\u0131nda kal\u0131p a\u011flamaya devam edecektim ya da masan\u0131n \u00fczerine \u00e7\u0131k\u0131p oynayacakt\u0131m sanki&#8230; Ortas\u0131n\u0131 bir s\u00fcre bulamad\u0131m&#8230; Masan\u0131n \u00fcst\u00fcne \u00e7\u0131k\u0131p oynad\u0131\u011f\u0131mda g\u00fcld\u00fcm, e\u011flendim, yere d\u00fc\u015ft\u00fcm, sars\u0131ld\u0131m, utand\u0131m, &#8220;Ne yap\u0131yorum ben?&#8221; dedim! Duygular\u0131m\u0131 kontrol etti\u011fim noktada yolculu\u011fum farkl\u0131la\u015ft\u0131&#8230; \u00d6nce fark\u0131na vard\u0131m, [&hellip;]<\/p>\n","protected":false},"featured_media":6639,"comment_status":"closed","ping_status":"open","template":"","meta":{"inline_featured_image":false},"product_cat":[1024,1019],"product_tag":[],"class_list":{"0":"post-6638","1":"product","2":"type-product","3":"status-publish","4":"has-post-thumbnail","6":"product_cat-deneme","7":"product_cat-edebiyat","8":"pa_boyut-135-x-195-cm","9":"pa_dil-turkce","10":"pa_sayfa-sayisi-650","11":"pa_yayin-tarihi-5-21-2022","12":"pa_yazar-tuna-akyuz","14":"first","15":"instock","16":"sale","17":"purchasable","18":"product-type-simple"},"_links":{"self":[{"href":"http:\/\/www.arkaraf.com\/en\/wp-json\/wp\/v2\/product\/6638","targetHints":{"allow":["GET"]}}],"collection":[{"href":"http:\/\/www.arkaraf.com\/en\/wp-json\/wp\/v2\/product"}],"about":[{"href":"http:\/\/www.arkaraf.com\/en\/wp-json\/wp\/v2\/types\/product"}],"replies":[{"embeddable":true,"href":"http:\/\/www.arkaraf.com\/en\/wp-json\/wp\/v2\/comments?post=6638"}],"wp:featuredmedia":[{"embeddable":true,"href":"http:\/\/www.arkaraf.com\/en\/wp-json\/wp\/v2\/media\/6639"}],"wp:attachment":[{"href":"http:\/\/www.arkaraf.com\/en\/wp-json\/wp\/v2\/media?parent=6638"}],"wp:term":[{"taxonomy":"product_cat","embeddable":true,"href":"http:\/\/www.arkaraf.com\/en\/wp-json\/wp\/v2\/product_cat?post=6638"},{"taxonomy":"product_tag","embeddable":true,"href":"http:\/\/www.arkaraf.com\/en\/wp-json\/wp\/v2\/product_tag?post=6638"}],"curies":[{"name":"wp","href":"https:\/\/api.w.org\/{rel}","templated":true}]}}