{"id":6636,"date":"2025-10-16T12:02:01","date_gmt":"2025-10-16T09:02:01","guid":{"rendered":"http:\/\/www.arkaraf.com\/kitap\/pitasa-gizitin-kalbi-pinar-parin-isleyen"},"modified":"2025-10-16T12:02:11","modified_gmt":"2025-10-16T09:02:11","slug":"pitasa-gizitin-kalbi-pinar-parin-isleyen","status":"publish","type":"product","link":"http:\/\/www.arkaraf.com\/en\/kitap\/pitasa-gizitin-kalbi-pinar-parin-isleyen","title":{"rendered":"Pitasa: Gizit\u2019in Kalbi &#8211; P\u0131nar Parin \u0130\u015fleyen"},"content":{"rendered":"<p>D\u00fcnya\u2019n\u0131n \u00f6mr\u00fcn\u00fc uzatan bir y\u0131ld\u0131z (Felitra- Sevgi Y\u0131ld\u0131z\u0131), kendi medeniyetinde sevgiyle, umutla b\u00fcy\u00fcyen bir \u00e7ocuk (Pitasa). Bu \u00e7ocukla aras\u0131nda \u00f6zel bir ba\u011f olan G\u00f6kbilimci bir bilge (Koriha) ve bamba\u015fka bir medeniyette umutsuz, sevgisiz b\u00fcy\u00fcyen ba\u015fka bir \u00e7ocuk (Gizit)\u2026 Ve bu d\u00f6rtl\u00fcn\u00fcn kelebek etkisiyle D\u00fcnya\u2019n\u0131n gelece\u011finde rol almas\u0131\u2026<\/p>\n<p>Maceraya haz\u0131r m\u0131s\u0131n\u0131z?<\/p>","protected":false},"excerpt":{"rendered":"<p>D\u00fcnya\u2019n\u0131n \u00f6mr\u00fcn\u00fc uzatan bir y\u0131ld\u0131z (Felitra- Sevgi Y\u0131ld\u0131z\u0131), kendi medeniyetinde sevgiyle, umutla b\u00fcy\u00fcyen bir \u00e7ocuk (Pitasa). Bu \u00e7ocukla aras\u0131nda \u00f6zel bir ba\u011f olan G\u00f6kbilimci bir bilge (Koriha) ve bamba\u015fka bir medeniyette umutsuz, sevgisiz b\u00fcy\u00fcyen ba\u015fka bir \u00e7ocuk (Gizit)\u2026 Ve bu d\u00f6rtl\u00fcn\u00fcn kelebek etkisiyle D\u00fcnya\u2019n\u0131n gelece\u011finde rol almas\u0131\u2026 Maceraya haz\u0131r m\u0131s\u0131n\u0131z?<\/p>","protected":false},"featured_media":6637,"comment_status":"closed","ping_status":"open","template":"","meta":{"inline_featured_image":false},"product_cat":[1019,1033],"product_tag":[],"class_list":{"0":"post-6636","1":"product","2":"type-product","3":"status-publish","4":"has-post-thumbnail","6":"product_cat-edebiyat","7":"product_cat-roman","8":"pa_boyut-135-x-195-cm","9":"pa_dil-turkce","10":"pa_sayfa-sayisi-1357","11":"pa_yayin-tarihi-5-21-2022","12":"pa_yazar-pinar-parin-isleyen","14":"first","15":"instock","16":"sale","17":"purchasable","18":"product-type-simple"},"_links":{"self":[{"href":"http:\/\/www.arkaraf.com\/en\/wp-json\/wp\/v2\/product\/6636","targetHints":{"allow":["GET"]}}],"collection":[{"href":"http:\/\/www.arkaraf.com\/en\/wp-json\/wp\/v2\/product"}],"about":[{"href":"http:\/\/www.arkaraf.com\/en\/wp-json\/wp\/v2\/types\/product"}],"replies":[{"embeddable":true,"href":"http:\/\/www.arkaraf.com\/en\/wp-json\/wp\/v2\/comments?post=6636"}],"wp:featuredmedia":[{"embeddable":true,"href":"http:\/\/www.arkaraf.com\/en\/wp-json\/wp\/v2\/media\/6637"}],"wp:attachment":[{"href":"http:\/\/www.arkaraf.com\/en\/wp-json\/wp\/v2\/media?parent=6636"}],"wp:term":[{"taxonomy":"product_cat","embeddable":true,"href":"http:\/\/www.arkaraf.com\/en\/wp-json\/wp\/v2\/product_cat?post=6636"},{"taxonomy":"product_tag","embeddable":true,"href":"http:\/\/www.arkaraf.com\/en\/wp-json\/wp\/v2\/product_tag?post=6636"}],"curies":[{"name":"wp","href":"https:\/\/api.w.org\/{rel}","templated":true}]}}