{"id":6632,"date":"2025-10-16T12:02:01","date_gmt":"2025-10-16T09:02:01","guid":{"rendered":"http:\/\/www.arkaraf.com\/kitap\/ey-deniz-golgen-yok-mu-senin-saadet-s-koldas"},"modified":"2025-10-16T12:02:06","modified_gmt":"2025-10-16T09:02:06","slug":"ey-deniz-golgen-yok-mu-senin-saadet-s-koldas","status":"publish","type":"product","link":"http:\/\/www.arkaraf.com\/en\/kitap\/ey-deniz-golgen-yok-mu-senin-saadet-s-koldas","title":{"rendered":"Ey Deniz G\u00f6lgen Yok mu Senin? &#8211; Saadet S. Kolda\u015f"},"content":{"rendered":"<p>Sevgi bir \u015fiirdi, hayalde kald\u0131<br \/>\nHayat bir \u015fairdi, \u00fc\u00e7 dize yazd\u0131<br \/>\nAnnemin karn\u0131nda<br \/>\n\u0130lk nefes almamda<br \/>\nSon nefes vermemde&#8230;<\/p>","protected":false},"excerpt":{"rendered":"<p>Sevgi bir \u015fiirdi, hayalde kald\u0131 Hayat bir \u015fairdi, \u00fc\u00e7 dize yazd\u0131 Annemin karn\u0131nda \u0130lk nefes almamda Son nefes vermemde&#8230;<\/p>","protected":false},"featured_media":6633,"comment_status":"closed","ping_status":"open","template":"","meta":{"inline_featured_image":false},"product_cat":[1020,1019],"product_tag":[],"class_list":{"0":"post-6632","1":"product","2":"type-product","3":"status-publish","4":"has-post-thumbnail","6":"product_cat-siir","7":"product_cat-edebiyat","8":"pa_boyut-135-x-195-cm","9":"pa_dil-turkce","10":"pa_sayfa-sayisi-572","11":"pa_yayin-tarihi-5-21-2022","12":"pa_yazar-saadet-s-koldas","14":"first","15":"instock","16":"sale","17":"purchasable","18":"product-type-simple"},"_links":{"self":[{"href":"http:\/\/www.arkaraf.com\/en\/wp-json\/wp\/v2\/product\/6632","targetHints":{"allow":["GET"]}}],"collection":[{"href":"http:\/\/www.arkaraf.com\/en\/wp-json\/wp\/v2\/product"}],"about":[{"href":"http:\/\/www.arkaraf.com\/en\/wp-json\/wp\/v2\/types\/product"}],"replies":[{"embeddable":true,"href":"http:\/\/www.arkaraf.com\/en\/wp-json\/wp\/v2\/comments?post=6632"}],"wp:featuredmedia":[{"embeddable":true,"href":"http:\/\/www.arkaraf.com\/en\/wp-json\/wp\/v2\/media\/6633"}],"wp:attachment":[{"href":"http:\/\/www.arkaraf.com\/en\/wp-json\/wp\/v2\/media?parent=6632"}],"wp:term":[{"taxonomy":"product_cat","embeddable":true,"href":"http:\/\/www.arkaraf.com\/en\/wp-json\/wp\/v2\/product_cat?post=6632"},{"taxonomy":"product_tag","embeddable":true,"href":"http:\/\/www.arkaraf.com\/en\/wp-json\/wp\/v2\/product_tag?post=6632"}],"curies":[{"name":"wp","href":"https:\/\/api.w.org\/{rel}","templated":true}]}}